{"id":820,"date":"2018-09-18T21:33:44","date_gmt":"2018-09-18T21:33:44","guid":{"rendered":"https:\/\/www2.webbernaturals.com\/fr-fr\/sustainability\/"},"modified":"2019-11-03T13:55:09","modified_gmt":"2019-11-03T21:55:09","slug":"durabilite","status":"publish","type":"page","link":"https:\/\/www2.webbernaturals.com\/fr-fr\/promesse-de-qualite\/durabilite\/","title":{"rendered":"Durabilit\u00e9"},"content":{"rendered":"<p>[et_pb_section bb_built=\u00a0\u00bb1&Prime; _builder_version=\u00a0\u00bb3.0.105&Prime; background_image=\u00a0\u00bbhttps:\/\/www2.webbernaturals.com\/fr-fr\/wp-content\/uploads\/sites\/11\/2018\/12\/wn-sustainability-banner.jpg\u00a0\u00bb next_background_color=\u00a0\u00bb#ffffff\u00a0\u00bb][et_pb_row _builder_version=\u00a0\u00bb3.0.90&Prime;][et_pb_column type=\u00a0\u00bb1_2&Prime;][et_pb_text admin_label=\u00a0\u00bbpeople, planet, profit \u2013 is the foundation of Webber Naturals.\u00a0\u00bb background_layout=\u00a0\u00bbdark\u00a0\u00bb _builder_version=\u00a0\u00bb3.18.9&Prime; text_font=\u00a0\u00bbMuseo Slab 500||||||||\u00a0\u00bb text_font_size=\u00a0\u00bb30px\u00a0\u00bb text_text_color=\u00a0\u00bb#ffffff\u00a0\u00bb text_line_height=\u00a0\u00bb1.1em\u00a0\u00bb header_font_size=\u00a0\u00bb40px\u00a0\u00bb header_text_color=\u00a0\u00bb#ffffff\u00a0\u00bb custom_margin=\u00a0\u00bb0px|||\u00a0\u00bb custom_padding=\u00a0\u00bb40px|40px||\u00a0\u00bb]<\/p>\n<h1>La durabilit\u00e9<\/h1>\n<p>Des gens, de la plan\u00e8te, du profit \u2013 est le fondement de Webber Naturals.<\/p>\n<p>[\/et_pb_text][\/et_pb_column][et_pb_column type=\u00a0\u00bb1_2&Prime;][\/et_pb_column][\/et_pb_row][\/et_pb_section][et_pb_section bb_built=\u00a0\u00bb1&Prime; _builder_version=\u00a0\u00bb3.0.47&Prime; prev_background_color=\u00a0\u00bb#000000&Prime;][et_pb_row custom_padding=\u00a0\u00bb0px|||\u00a0\u00bb _builder_version=\u00a0\u00bb3.0.105&Prime; background_size=\u00a0\u00bbinitial\u00a0\u00bb background_position=\u00a0\u00bbtop_left\u00a0\u00bb background_repeat=\u00a0\u00bbrepeat\u00a0\u00bb][et_pb_column type=\u00a0\u00bb4_4&Prime;][et_pb_text _builder_version=\u00a0\u00bb3.18.9&Prime; text_font=\u00a0\u00bbMuseo Slab 500|300|||||||\u00a0\u00bb text_font_size=\u00a0\u00bb25px\u00a0\u00bb text_text_color=\u00a0\u00bb#782b90&Prime; text_line_height=\u00a0\u00bb1.3em\u00a0\u00bb]<\/p>\n<p>Nous nous effor\u00e7ons de r\u00e9duire notre empreinte environnementale en apportant des changements qui r\u00e9duisent les d\u00e9chets et les \u00e9missions de carbone et \u00e9conomisent l\u2019\u00e9nergie et l\u2019eau, nous cherchons \u00e0 obtenir une certification de durabilit\u00e9 pour nos produits et nous soutenons les collectivit\u00e9s \u00e0 l\u2019\u00e9chelle locale aussi bien que mondiale.<\/p>\n<p>Nous sommes fiers de pr\u00e9senter quelques-unes des mesures qui montrent notre engagement \u00e0 fournir des produits de sant\u00e9 naturels de qualit\u00e9 sup\u00e9rieure, tout en agissant comme de bons intendants de la Terre.<\/p>\n<p>[\/et_pb_text][\/et_pb_column][\/et_pb_row][et_pb_row _builder_version=\u00a0\u00bb3.0.105&Prime;][et_pb_column type=\u00a0\u00bb1_3&Prime;][et_pb_blurb admin_label=\u00a0\u00bbProducts Rooted in the Best Raw Materials\u00a0\u00bb title=\u00a0\u00bbDes produits issus des meilleures mati\u00e8res premi\u00e8res\u00a0\u00bb image=\u00a0\u00bbhttps:\/\/www2.webbernaturals.com\/fr-fr\/wp-content\/uploads\/sites\/11\/2018\/12\/sustainability-products-rooted.jpg\u00a0\u00bb _builder_version=\u00a0\u00bb3.0.105&Prime; header_level=\u00a0\u00bbh3&Prime; header_font=\u00a0\u00bb||||||||\u00a0\u00bb header_font_size=\u00a0\u00bb17px\u00a0\u00bb header_text_color=\u00a0\u00bb#782b90&Prime; body_font=\u00a0\u00bb||||||||\u00a0\u00bb body_font_size=\u00a0\u00bb16px\u00a0\u00bb]<\/p>\n<p>Nous commen\u00e7ons par les meilleures mati\u00e8res premi\u00e8res possible, qu\u2019elles soient cultiv\u00e9es sur nos propres fermes ou soigneusement s\u00e9lectionn\u00e9es dans le monde entier. Notre \u00e9ventail de produits biologiques, incluant les Graines de lin moulues \u00e0 froid certifi\u00e9es biologiques et l\u2019Huile d\u2019origan biologique, t\u00e9moigne de cette philosophie.<\/p>\n<p>[\/et_pb_blurb][\/et_pb_column][et_pb_column type=\u00a0\u00bb1_3&Prime;][et_pb_blurb admin_label=\u00a0\u00bbProducts Rooted in the Best Raw Materials\u00a0\u00bb title=\u00a0\u00bbR\u00e9sidus de g\u00e9lules sans gaspillage\u00a0\u00bb image=\u00a0\u00bbhttps:\/\/www2.webbernaturals.com\/fr-fr\/wp-content\/uploads\/sites\/11\/2018\/12\/sustainability-softgel.jpg\u00a0\u00bb _builder_version=\u00a0\u00bb3.0.105&Prime; header_level=\u00a0\u00bbh3&Prime; header_font=\u00a0\u00bb||||||||\u00a0\u00bb header_font_size=\u00a0\u00bb17px\u00a0\u00bb header_text_color=\u00a0\u00bb#782b90&Prime; body_font=\u00a0\u00bb||||||||\u00a0\u00bb body_font_size=\u00a0\u00bb16px\u00a0\u00bb]<\/p>\n<p>Les r\u00e9sidus de g\u00e9lules sont revendus pour des applications non alimentaires (p. ex., au secteur de fabrication d\u2019adh\u00e9sifs). Ainsi, nous avons pu d\u00e9tourner environ 150 tonnes de d\u00e9chets du site d\u2019enfouissement en une seule ann\u00e9e.<\/p>\n<p>[\/et_pb_blurb][\/et_pb_column][et_pb_column type=\u00a0\u00bb1_3&Prime;][et_pb_blurb admin_label=\u00a0\u00bbConverting Manufacturing Waste\u00a0\u00bb title=\u00a0\u00bbConversion des d\u00e9chets de fabrication\u00a0\u00bb image=\u00a0\u00bbhttps:\/\/www2.webbernaturals.com\/fr-fr\/wp-content\/uploads\/sites\/11\/2018\/12\/sustainability-converting-manufacturing-waste.jpg\u00a0\u00bb _builder_version=\u00a0\u00bb3.0.105&Prime; header_level=\u00a0\u00bbh3&Prime; header_font=\u00a0\u00bb||||||||\u00a0\u00bb header_font_size=\u00a0\u00bb17px\u00a0\u00bb header_text_color=\u00a0\u00bb#782b90&Prime; body_font=\u00a0\u00bb||||||||\u00a0\u00bb body_font_size=\u00a0\u00bb16px\u00a0\u00bb]<\/p>\n<p>Les d\u00e9chets organiques de fabrication ne sont plus incin\u00e9r\u00e9s, mais convertis en aliments pour animaux et en sol organique certifi\u00e9s par l\u2019ACIA (Agence canadienne d\u2019inspection des aliments). Les d\u00e9chets d\u2019emballage sont recueillis et transform\u00e9s en barquettes pour boissons.<\/p>\n<p>[\/et_pb_blurb][\/et_pb_column][\/et_pb_row][et_pb_row _builder_version=\u00a0\u00bb3.0.105&Prime;][et_pb_column type=\u00a0\u00bb1_3&Prime;][et_pb_blurb admin_label=\u00a0\u00bbGlobal Community Donations\u00a0\u00bb title=\u00a0\u00bbDons \u00e0 la collectivit\u00e9 mondiale\u00a0\u00bb image=\u00a0\u00bbhttps:\/\/www2.webbernaturals.com\/fr-fr\/wp-content\/uploads\/sites\/11\/2018\/12\/sustainability-Global-Community.jpg\u00a0\u00bb _builder_version=\u00a0\u00bb3.0.105&Prime; header_level=\u00a0\u00bbh3&Prime; header_font=\u00a0\u00bb||||||||\u00a0\u00bb header_font_size=\u00a0\u00bb17px\u00a0\u00bb header_text_color=\u00a0\u00bb#782b90&Prime; body_font=\u00a0\u00bb||||||||\u00a0\u00bb body_font_size=\u00a0\u00bb16px\u00a0\u00bb]<\/p>\n<p>Nous avons une longue tradition de dons de produits au profit d\u2019\u00e9quipes m\u00e9dicales compos\u00e9es d\u2019\u00e9tudiants, de m\u00e9decins et d\u2019infirmi\u00e8res qui vont administrer des soins dans des cliniques et des foyers ruraux en R\u00e9publique dominicaine, \u00e0 Ha\u00efti et au Nicaragua.<\/p>\n<p>[\/et_pb_blurb][\/et_pb_column][et_pb_column type=\u00a0\u00bb1_3&Prime;][et_pb_blurb admin_label=\u00a0\u00bbMarine Stewardship\u00a0\u00bb title=\u00a0\u00bbIntendance des oc\u00e9ans\u00a0\u00bb image=\u00a0\u00bbhttps:\/\/www2.webbernaturals.com\/fr-fr\/wp-content\/uploads\/sites\/11\/2018\/12\/sustainability-Marine-Stewardship.jpg\u00a0\u00bb _builder_version=\u00a0\u00bb3.18.9&Prime; header_level=\u00a0\u00bbh3&Prime; header_font_size=\u00a0\u00bb17px\u00a0\u00bb header_text_color=\u00a0\u00bb#782b90&Prime; body_font_size=\u00a0\u00bb16px\u00a0\u00bb url=\u00a0\u00bbhttps:\/\/ivopure.org\/\u00a0\u00bb link_option_url=\u00a0\u00bbhttps:\/\/ivopure.org\/\u00a0\u00bb]<\/p>\n<p>Toutes les huiles de poisson Webber Naturals sont certifi\u00e9es<a href=\"https:\/\/ivopure.org\/\"> IVO<sup>MC<\/sup><\/a>. Nous nous sommes associ\u00e9s \u00e0 l\u2019IVO pour soutenir la diversification marine, la p\u00eache r\u00e9glement\u00e9e, la pr\u00e9vention des prises accessoires, la protection de l\u2019habitat et la pr\u00e9vention de la pollution. Notre Huile de krill est \u00e9galement certifi\u00e9e par Friends of the Sea<sup>MD<\/sup> qui garantit qu\u2019elle a \u00e9t\u00e9 r\u00e9colt\u00e9e de mani\u00e8re durable et responsable par des flottilles r\u00e9glement\u00e9es.<\/p>\n<p>[\/et_pb_blurb][\/et_pb_column][et_pb_column type=\u00a0\u00bb1_3&Prime;][et_pb_blurb admin_label=\u00a0\u00bbTackling Food Security\u00a0\u00bb title=\u00a0\u00bbVeiller \u00e0 la s\u00e9curit\u00e9 alimentaire\u00a0\u00bb image=\u00a0\u00bbhttps:\/\/www2.webbernaturals.com\/fr-fr\/wp-content\/uploads\/sites\/11\/2018\/12\/sustainability-quest.jpg\u00a0\u00bb _builder_version=\u00a0\u00bb3.18.9&Prime; header_level=\u00a0\u00bbh3&Prime; header_font_size=\u00a0\u00bb17px\u00a0\u00bb header_text_color=\u00a0\u00bb#782b90&Prime; body_font_size=\u00a0\u00bb16px\u00a0\u00bb url=\u00a0\u00bbhttp:\/\/www.questoutreach.org\/\u00a0\u00bb link_option_url=\u00a0\u00bbhttp:\/\/www.questoutreach.org\/\u00a0\u00bb]<\/p>\n<p>Nous sommes fiers de soutenir les organisations qui s\u2019attaquent au d\u00e9fi de la s\u00e9curit\u00e9 alimentaire \u00e0 l\u2019\u00e9chelle locale et mondiale. En 2016, <a href=\"http:\/\/www.questoutreach.org\/\">Quest Food Exchange<\/a> a reconnu notre entreprise comme son partenaire le plus pr\u00e9cieux pour le respect de son engagement \u00e0 fournir un acc\u00e8s dans la dignit\u00e9 \u00e0 des vitamines aux personnes en difficult\u00e9 de nos collectivit\u00e9s locales.<\/p>\n<p>[\/et_pb_blurb][\/et_pb_column][\/et_pb_row][et_pb_row _builder_version=\u00a0\u00bb3.0.105&Prime;][et_pb_column type=\u00a0\u00bb1_3&Prime;][et_pb_blurb admin_label=\u00a0\u00bbSwitching Paper to Reduce Emissions\u00a0\u00bb title=\u00a0\u00bbChangement de papier pour la r\u00e9duction des \u00e9missions\u00a0\u00bb image=\u00a0\u00bbhttps:\/\/www2.webbernaturals.com\/fr-fr\/wp-content\/uploads\/sites\/11\/2018\/12\/sustainability-Sugar-sheet.jpg\u00a0\u00bb _builder_version=\u00a0\u00bb3.18.9&Prime; header_level=\u00a0\u00bbh3&Prime; header_font_size=\u00a0\u00bb17px\u00a0\u00bb header_text_color=\u00a0\u00bb#782b90&Prime; body_font_size=\u00a0\u00bb16px\u00a0\u00bb url=\u00a0\u00bbhttps:\/\/www.socialprint.com\/products\/sugar-sheet\/\u00a0\u00bb link_option_url=\u00a0\u00bbhttps:\/\/www.socialprint.com\/products\/sugar-sheet\/\u00a0\u00bb]<\/p>\n<p>En optant pour les produits agro-industriels Wheat Sheet<sup>MC<\/sup> et <a href=\"https:\/\/www.socialprint.com\/products\/sugar-sheet\/\">Sugar Sheet<sup>MC<\/sup><\/a>, qui contiennent 30 % de mati\u00e8res recycl\u00e9es, nous r\u00e9duisons d\u2019environ 40 % les \u00e9missions de gaz \u00e0 effet de serre g\u00e9n\u00e9r\u00e9es par l\u2019utilisation du papier dans les bureaux.<\/p>\n<p>[\/et_pb_blurb][\/et_pb_column][et_pb_column type=\u00a0\u00bb1_3&Prime;][et_pb_blurb admin_label=\u00a0\u00bbClimate Smart\u00a0\u00bb title=\u00a0\u00bbEntreprise certifi\u00e9e Climate Smart\u00a0\u00bb image=\u00a0\u00bbhttps:\/\/www2.webbernaturals.com\/fr-fr\/wp-content\/uploads\/sites\/11\/2018\/12\/sustainability-climate-smart.jpg\u00a0\u00bb _builder_version=\u00a0\u00bb3.18.9&Prime; header_level=\u00a0\u00bbh3&Prime; header_font_size=\u00a0\u00bb17px\u00a0\u00bb header_text_color=\u00a0\u00bb#782b90&Prime; body_font_size=\u00a0\u00bb16px\u00a0\u00bb url=\u00a0\u00bbhttps:\/\/climatesmartbusiness.com\/\u00a0\u00bb link_option_url=\u00a0\u00bbhttps:\/\/climatesmartbusiness.com\/\u00a0\u00bb]<\/p>\n<p>Notre partenariat avec Climate Smart nous aide \u00e0 tracer la voie qui nous permettra de continuer \u00e0 prosp\u00e9rer en tant qu\u2019entreprise et \u00e0 respecter nos engagements communautaires et environnementaux.<\/p>\n<p>Vous voulez savoir plus sur nos accomplissements ? Consultez <a href=\"https:\/\/climatesmartbusiness.com\/case-studies\/wn-pharmaceuticals-ltd\/\">l&rsquo;\u00e9tude de cas Climate Smart sur les pratiques de WN Pharmaceuticals.<\/a><\/p>\n<p>[\/et_pb_blurb][\/et_pb_column][et_pb_column type=\u00a0\u00bb1_3&Prime;][\/et_pb_column][\/et_pb_row][\/et_pb_section]<\/p>\n","protected":false},"excerpt":{"rendered":"<p>La durabilit\u00e9 Des gens, de la plan\u00e8te, du profit \u2013 est le fondement de Webber Naturals. Nous nous effor\u00e7ons de r\u00e9duire notre empreinte environnementale en apportant des changements qui r\u00e9duisent les d\u00e9chets et les \u00e9missions de carbone et \u00e9conomisent l\u2019\u00e9nergie et l\u2019eau, nous cherchons \u00e0 obtenir une certification de durabilit\u00e9 pour nos produits et nous\u2026<\/p>\n","protected":false},"author":5,"featured_media":0,"parent":817,"menu_order":0,"comment_status":"closed","ping_status":"closed","template":"","meta":{"_acf_changed":false,"_et_pb_use_builder":"on","_et_pb_old_content":"","_et_gb_content_width":"","protect_children":false,"footnotes":""},"class_list":["post-820","page","type-page","status-publish","hentry"],"acf":[],"yoast_head":"<!-- This site is optimized with the Yoast SEO Premium plugin v27.2 (Yoast SEO v27.2) - https:\/\/yoast.com\/product\/yoast-seo-premium-wordpress\/ -->\n<title>Durabilit\u00e9 | Webber Naturals FR<\/title>\n<meta name=\"description\" content=\"Nous sommes fiers de pr\u00e9senter quelques-unes des mesures qui montrent notre engagement \u00e0 fournir des produits de sant\u00e9 naturels de qualit\u00e9 sup\u00e9rieure.\" \/>\n<meta name=\"robots\" content=\"index, follow, max-snippet:-1, max-image-preview:large, max-video-preview:-1\" \/>\n<link rel=\"canonical\" href=\"https:\/\/www2.webbernaturals.com\/fr-fr\/promesse-de-qualite\/durabilite\/\" \/>\n<meta property=\"og:locale\" content=\"fr_FR\" \/>\n<meta property=\"og:type\" content=\"article\" \/>\n<meta property=\"og:title\" content=\"Durabilit\u00e9\" \/>\n<meta property=\"og:description\" content=\"Nous sommes fiers de pr\u00e9senter quelques-unes des mesures qui montrent notre engagement \u00e0 fournir des produits de sant\u00e9 naturels de qualit\u00e9 sup\u00e9rieure.\" \/>\n<meta property=\"og:url\" content=\"https:\/\/www2.webbernaturals.com\/fr-fr\/promesse-de-qualite\/durabilite\/\" \/>\n<meta property=\"og:site_name\" content=\"Webber Naturals FR\" \/>\n<meta property=\"article:modified_time\" content=\"2019-11-03T21:55:09+00:00\" \/>\n<meta name=\"twitter:card\" content=\"summary_large_image\" \/>\n<meta name=\"twitter:label1\" content=\"Dur\u00e9e de lecture estim\u00e9e\" \/>\n\t<meta name=\"twitter:data1\" content=\"6 minutes\" \/>\n<script type=\"application\/ld+json\" class=\"yoast-schema-graph\">{\"@context\":\"https:\/\/schema.org\",\"@graph\":[{\"@type\":\"WebPage\",\"@id\":\"https:\/\/www2.webbernaturals.com\/fr-fr\/promesse-de-qualite\/durabilite\/\",\"url\":\"https:\/\/www2.webbernaturals.com\/fr-fr\/promesse-de-qualite\/durabilite\/\",\"name\":\"Durabilit\u00e9 | Webber Naturals FR\",\"isPartOf\":{\"@id\":\"https:\/\/www2.webbernaturals.com\/fr-fr\/#website\"},\"datePublished\":\"2018-09-18T21:33:44+00:00\",\"dateModified\":\"2019-11-03T21:55:09+00:00\",\"description\":\"Nous sommes fiers de pr\u00e9senter quelques-unes des mesures qui montrent notre engagement \u00e0 fournir des produits de sant\u00e9 naturels de qualit\u00e9 sup\u00e9rieure.\",\"breadcrumb\":{\"@id\":\"https:\/\/www2.webbernaturals.com\/fr-fr\/promesse-de-qualite\/durabilite\/#breadcrumb\"},\"inLanguage\":\"fr-FR\",\"potentialAction\":[{\"@type\":\"ReadAction\",\"target\":[\"https:\/\/www2.webbernaturals.com\/fr-fr\/promesse-de-qualite\/durabilite\/\"]}]},{\"@type\":\"BreadcrumbList\",\"@id\":\"https:\/\/www2.webbernaturals.com\/fr-fr\/promesse-de-qualite\/durabilite\/#breadcrumb\",\"itemListElement\":[{\"@type\":\"ListItem\",\"position\":1,\"name\":\"Home\",\"item\":\"https:\/\/www2.webbernaturals.com\/fr-fr\/\"},{\"@type\":\"ListItem\",\"position\":2,\"name\":\"Promesse de qualit\u00e9\",\"item\":\"https:\/\/www2.webbernaturals.com\/fr-fr\/promesse-de-qualite\/\"},{\"@type\":\"ListItem\",\"position\":3,\"name\":\"Durabilit\u00e9\"}]},{\"@type\":\"WebSite\",\"@id\":\"https:\/\/www2.webbernaturals.com\/fr-fr\/#website\",\"url\":\"https:\/\/www2.webbernaturals.com\/fr-fr\/\",\"name\":\"Webber Naturals FR\",\"description\":\"\",\"publisher\":{\"@id\":\"https:\/\/www2.webbernaturals.com\/fr-fr\/#organization\"},\"potentialAction\":[{\"@type\":\"SearchAction\",\"target\":{\"@type\":\"EntryPoint\",\"urlTemplate\":\"https:\/\/www2.webbernaturals.com\/fr-fr\/?s={search_term_string}\"},\"query-input\":{\"@type\":\"PropertyValueSpecification\",\"valueRequired\":true,\"valueName\":\"search_term_string\"}}],\"inLanguage\":\"fr-FR\"},{\"@type\":\"Organization\",\"@id\":\"https:\/\/www2.webbernaturals.com\/fr-fr\/#organization\",\"name\":\"Webber Naturals (France)\",\"url\":\"https:\/\/www2.webbernaturals.com\/fr-fr\/\",\"logo\":{\"@type\":\"ImageObject\",\"inLanguage\":\"fr-FR\",\"@id\":\"https:\/\/www2.webbernaturals.com\/fr-fr\/#\/schema\/logo\/image\/\",\"url\":\"https:\/\/www2.webbernaturals.com\/fr-fr\/wp-content\/uploads\/sites\/11\/2019\/06\/webber-naturals-logo.png\",\"contentUrl\":\"https:\/\/www2.webbernaturals.com\/fr-fr\/wp-content\/uploads\/sites\/11\/2019\/06\/webber-naturals-logo.png\",\"width\":755,\"height\":100,\"caption\":\"Webber Naturals (France)\"},\"image\":{\"@id\":\"https:\/\/www2.webbernaturals.com\/fr-fr\/#\/schema\/logo\/image\/\"}}]}<\/script>\n<!-- \/ Yoast SEO Premium plugin. -->","yoast_head_json":{"title":"Durabilit\u00e9 | Webber Naturals FR","description":"Nous sommes fiers de pr\u00e9senter quelques-unes des mesures qui montrent notre engagement \u00e0 fournir des produits de sant\u00e9 naturels de qualit\u00e9 sup\u00e9rieure.","robots":{"index":"index","follow":"follow","max-snippet":"max-snippet:-1","max-image-preview":"max-image-preview:large","max-video-preview":"max-video-preview:-1"},"canonical":"https:\/\/www2.webbernaturals.com\/fr-fr\/promesse-de-qualite\/durabilite\/","og_locale":"fr_FR","og_type":"article","og_title":"Durabilit\u00e9","og_description":"Nous sommes fiers de pr\u00e9senter quelques-unes des mesures qui montrent notre engagement \u00e0 fournir des produits de sant\u00e9 naturels de qualit\u00e9 sup\u00e9rieure.","og_url":"https:\/\/www2.webbernaturals.com\/fr-fr\/promesse-de-qualite\/durabilite\/","og_site_name":"Webber Naturals FR","article_modified_time":"2019-11-03T21:55:09+00:00","twitter_card":"summary_large_image","twitter_misc":{"Dur\u00e9e de lecture estim\u00e9e":"6 minutes"},"schema":{"@context":"https:\/\/schema.org","@graph":[{"@type":"WebPage","@id":"https:\/\/www2.webbernaturals.com\/fr-fr\/promesse-de-qualite\/durabilite\/","url":"https:\/\/www2.webbernaturals.com\/fr-fr\/promesse-de-qualite\/durabilite\/","name":"Durabilit\u00e9 | Webber Naturals FR","isPartOf":{"@id":"https:\/\/www2.webbernaturals.com\/fr-fr\/#website"},"datePublished":"2018-09-18T21:33:44+00:00","dateModified":"2019-11-03T21:55:09+00:00","description":"Nous sommes fiers de pr\u00e9senter quelques-unes des mesures qui montrent notre engagement \u00e0 fournir des produits de sant\u00e9 naturels de qualit\u00e9 sup\u00e9rieure.","breadcrumb":{"@id":"https:\/\/www2.webbernaturals.com\/fr-fr\/promesse-de-qualite\/durabilite\/#breadcrumb"},"inLanguage":"fr-FR","potentialAction":[{"@type":"ReadAction","target":["https:\/\/www2.webbernaturals.com\/fr-fr\/promesse-de-qualite\/durabilite\/"]}]},{"@type":"BreadcrumbList","@id":"https:\/\/www2.webbernaturals.com\/fr-fr\/promesse-de-qualite\/durabilite\/#breadcrumb","itemListElement":[{"@type":"ListItem","position":1,"name":"Home","item":"https:\/\/www2.webbernaturals.com\/fr-fr\/"},{"@type":"ListItem","position":2,"name":"Promesse de qualit\u00e9","item":"https:\/\/www2.webbernaturals.com\/fr-fr\/promesse-de-qualite\/"},{"@type":"ListItem","position":3,"name":"Durabilit\u00e9"}]},{"@type":"WebSite","@id":"https:\/\/www2.webbernaturals.com\/fr-fr\/#website","url":"https:\/\/www2.webbernaturals.com\/fr-fr\/","name":"Webber Naturals FR","description":"","publisher":{"@id":"https:\/\/www2.webbernaturals.com\/fr-fr\/#organization"},"potentialAction":[{"@type":"SearchAction","target":{"@type":"EntryPoint","urlTemplate":"https:\/\/www2.webbernaturals.com\/fr-fr\/?s={search_term_string}"},"query-input":{"@type":"PropertyValueSpecification","valueRequired":true,"valueName":"search_term_string"}}],"inLanguage":"fr-FR"},{"@type":"Organization","@id":"https:\/\/www2.webbernaturals.com\/fr-fr\/#organization","name":"Webber Naturals (France)","url":"https:\/\/www2.webbernaturals.com\/fr-fr\/","logo":{"@type":"ImageObject","inLanguage":"fr-FR","@id":"https:\/\/www2.webbernaturals.com\/fr-fr\/#\/schema\/logo\/image\/","url":"https:\/\/www2.webbernaturals.com\/fr-fr\/wp-content\/uploads\/sites\/11\/2019\/06\/webber-naturals-logo.png","contentUrl":"https:\/\/www2.webbernaturals.com\/fr-fr\/wp-content\/uploads\/sites\/11\/2019\/06\/webber-naturals-logo.png","width":755,"height":100,"caption":"Webber Naturals (France)"},"image":{"@id":"https:\/\/www2.webbernaturals.com\/fr-fr\/#\/schema\/logo\/image\/"}}]}},"_links":{"self":[{"href":"https:\/\/www2.webbernaturals.com\/fr-fr\/wp-json\/wp\/v2\/pages\/820","targetHints":{"allow":["GET"]}}],"collection":[{"href":"https:\/\/www2.webbernaturals.com\/fr-fr\/wp-json\/wp\/v2\/pages"}],"about":[{"href":"https:\/\/www2.webbernaturals.com\/fr-fr\/wp-json\/wp\/v2\/types\/page"}],"author":[{"embeddable":true,"href":"https:\/\/www2.webbernaturals.com\/fr-fr\/wp-json\/wp\/v2\/users\/5"}],"replies":[{"embeddable":true,"href":"https:\/\/www2.webbernaturals.com\/fr-fr\/wp-json\/wp\/v2\/comments?post=820"}],"version-history":[{"count":0,"href":"https:\/\/www2.webbernaturals.com\/fr-fr\/wp-json\/wp\/v2\/pages\/820\/revisions"}],"up":[{"embeddable":true,"href":"https:\/\/www2.webbernaturals.com\/fr-fr\/wp-json\/wp\/v2\/pages\/817"}],"wp:attachment":[{"href":"https:\/\/www2.webbernaturals.com\/fr-fr\/wp-json\/wp\/v2\/media?parent=820"}],"curies":[{"name":"wp","href":"https:\/\/api.w.org\/{rel}","templated":true}]}}