{"id":818,"date":"2018-09-18T21:31:25","date_gmt":"2018-09-18T21:31:25","guid":{"rendered":"https:\/\/www2.webbernaturals.com\/fr-fr\/our-story\/"},"modified":"2019-11-27T03:14:45","modified_gmt":"2019-11-27T11:14:45","slug":"notre-histoire","status":"publish","type":"page","link":"https:\/\/www2.webbernaturals.com\/fr-fr\/promesse-de-qualite\/notre-histoire\/","title":{"rendered":"Notre histoire"},"content":{"rendered":"<p>[et_pb_section bb_built=\u00a0\u00bb1&Prime; fullwidth=\u00a0\u00bbon\u00a0\u00bb _builder_version=\u00a0\u00bb3.0.105&Prime; next_background_color=\u00a0\u00bb#000000&Prime; module_class=\u00a0\u00bbour-story-banner\u00a0\u00bb][et_pb_fullwidth_slider _builder_version=\u00a0\u00bb3.18.9&Prime; box_shadow_blur=\u00a0\u00bb10px\u00a0\u00bb box_shadow_color=\u00a0\u00bbrgba(0,0,0,0.1)\u00a0\u00bb header_level=\u00a0\u00bbh1&Prime; header_font=\u00a0\u00bbMuseo Slab 500|500|||||||\u00a0\u00bb header_font_size=\u00a0\u00bb50&Prime; header_font_size_tablet=\u00a0\u00bb30&Prime; header_font_size_last_edited=\u00a0\u00bbon|tablet\u00a0\u00bb button_text_size__hover_enabled=\u00a0\u00bboff\u00a0\u00bb button_text_size__hover=\u00a0\u00bbnull\u00a0\u00bb button_one_text_size__hover_enabled=\u00a0\u00bboff\u00a0\u00bb button_one_text_size__hover=\u00a0\u00bbnull\u00a0\u00bb button_two_text_size__hover_enabled=\u00a0\u00bboff\u00a0\u00bb button_two_text_size__hover=\u00a0\u00bbnull\u00a0\u00bb button_text_color__hover_enabled=\u00a0\u00bboff\u00a0\u00bb button_text_color__hover=\u00a0\u00bbnull\u00a0\u00bb button_one_text_color__hover_enabled=\u00a0\u00bboff\u00a0\u00bb button_one_text_color__hover=\u00a0\u00bbnull\u00a0\u00bb button_two_text_color__hover_enabled=\u00a0\u00bboff\u00a0\u00bb button_two_text_color__hover=\u00a0\u00bbnull\u00a0\u00bb button_border_width__hover_enabled=\u00a0\u00bboff\u00a0\u00bb button_border_width__hover=\u00a0\u00bbnull\u00a0\u00bb button_one_border_width__hover_enabled=\u00a0\u00bboff\u00a0\u00bb button_one_border_width__hover=\u00a0\u00bbnull\u00a0\u00bb button_two_border_width__hover_enabled=\u00a0\u00bboff\u00a0\u00bb button_two_border_width__hover=\u00a0\u00bbnull\u00a0\u00bb button_border_color__hover_enabled=\u00a0\u00bboff\u00a0\u00bb button_border_color__hover=\u00a0\u00bbnull\u00a0\u00bb button_one_border_color__hover_enabled=\u00a0\u00bboff\u00a0\u00bb button_one_border_color__hover=\u00a0\u00bbnull\u00a0\u00bb button_two_border_color__hover_enabled=\u00a0\u00bboff\u00a0\u00bb button_two_border_color__hover=\u00a0\u00bbnull\u00a0\u00bb button_border_radius__hover_enabled=\u00a0\u00bboff\u00a0\u00bb button_border_radius__hover=\u00a0\u00bbnull\u00a0\u00bb button_one_border_radius__hover_enabled=\u00a0\u00bboff\u00a0\u00bb button_one_border_radius__hover=\u00a0\u00bbnull\u00a0\u00bb button_two_border_radius__hover_enabled=\u00a0\u00bboff\u00a0\u00bb button_two_border_radius__hover=\u00a0\u00bbnull\u00a0\u00bb button_letter_spacing__hover_enabled=\u00a0\u00bboff\u00a0\u00bb button_letter_spacing__hover=\u00a0\u00bbnull\u00a0\u00bb button_one_letter_spacing__hover_enabled=\u00a0\u00bboff\u00a0\u00bb button_one_letter_spacing__hover=\u00a0\u00bbnull\u00a0\u00bb button_two_letter_spacing__hover_enabled=\u00a0\u00bboff\u00a0\u00bb button_two_letter_spacing__hover=\u00a0\u00bbnull\u00a0\u00bb button_bg_color__hover_enabled=\u00a0\u00bboff\u00a0\u00bb button_bg_color__hover=\u00a0\u00bbnull\u00a0\u00bb button_one_bg_color__hover_enabled=\u00a0\u00bboff\u00a0\u00bb button_one_bg_color__hover=\u00a0\u00bbnull\u00a0\u00bb button_two_bg_color__hover_enabled=\u00a0\u00bboff\u00a0\u00bb button_two_bg_color__hover=\u00a0\u00bbnull\u00a0\u00bb][et_pb_slide use_bg_overlay=\u00a0\u00bboff\u00a0\u00bb use_text_overlay=\u00a0\u00bboff\u00a0\u00bb _builder_version=\u00a0\u00bb3.18.9&Prime; header_line_height=\u00a0\u00bb1.2px\u00a0\u00bb background_image=\u00a0\u00bbhttps:\/\/www2.webbernaturals.com\/en-ca\/wp-content\/uploads\/sites\/2\/2017\/12\/webber-naturals-home-slider-en.jpg\u00a0\u00bb text_orientation=\u00a0\u00bbleft\u00a0\u00bb use_background_color_gradient=\u00a0\u00bboff\u00a0\u00bb background_color_gradient_start=\u00a0\u00bb#2b87da\u00a0\u00bb background_color_gradient_end=\u00a0\u00bb#29c4a9&Prime; background_color_gradient_type=\u00a0\u00bblinear\u00a0\u00bb background_color_gradient_direction=\u00a0\u00bb180deg\u00a0\u00bb background_color_gradient_direction_radial=\u00a0\u00bbcenter\u00a0\u00bb background_color_gradient_start_position=\u00a0\u00bb0%\u00a0\u00bb background_color_gradient_end_position=\u00a0\u00bb100%\u00a0\u00bb background_color_gradient_overlays_image=\u00a0\u00bboff\u00a0\u00bb parallax=\u00a0\u00bboff\u00a0\u00bb parallax_method=\u00a0\u00bbon\u00a0\u00bb background_size=\u00a0\u00bbcover\u00a0\u00bb background_position=\u00a0\u00bbcenter\u00a0\u00bb background_repeat=\u00a0\u00bbno-repeat\u00a0\u00bb background_blend=\u00a0\u00bbnormal\u00a0\u00bb allow_player_pause=\u00a0\u00bboff\u00a0\u00bb background_video_pause_outside_viewport=\u00a0\u00bbon\u00a0\u00bb text_border_radius=\u00a0\u00bb3&Prime; alignment=\u00a0\u00bbcenter\u00a0\u00bb child_filter_hue_rotate=\u00a0\u00bb0deg\u00a0\u00bb child_filter_saturate=\u00a0\u00bb100%\u00a0\u00bb child_filter_brightness=\u00a0\u00bb100%\u00a0\u00bb child_filter_contrast=\u00a0\u00bb100%\u00a0\u00bb child_filter_invert=\u00a0\u00bb0%\u00a0\u00bb child_filter_sepia=\u00a0\u00bb0%\u00a0\u00bb child_filter_opacity=\u00a0\u00bb100%\u00a0\u00bb child_filter_blur=\u00a0\u00bb0px\u00a0\u00bb child_mix_blend_mode=\u00a0\u00bbnormal\u00a0\u00bb background_layout=\u00a0\u00bbdark\u00a0\u00bb text_shadow_style=\u00a0\u00bbnone\u00a0\u00bb header_font_size_tablet=\u00a0\u00bb50&Prime; header_font_size_phone=\u00a0\u00bb50&Prime; header_line_height_tablet=\u00a0\u00bb1.2px\u00a0\u00bb header_line_height_phone=\u00a0\u00bb1.2px\u00a0\u00bb header_text_shadow_style=\u00a0\u00bbnone\u00a0\u00bb body_text_shadow_style=\u00a0\u00bbnone\u00a0\u00bb custom_button=\u00a0\u00bboff\u00a0\u00bb button_bg_use_color_gradient=\u00a0\u00bboff\u00a0\u00bb button_bg_color_gradient_overlays_image=\u00a0\u00bboff\u00a0\u00bb button_use_icon=\u00a0\u00bbon\u00a0\u00bb button_on_hover=\u00a0\u00bbon\u00a0\u00bb button_text_shadow_style=\u00a0\u00bbnone\u00a0\u00bb box_shadow_style_button=\u00a0\u00bbnone\u00a0\u00bb text_shadow_horizontal_length=\u00a0\u00bb0em\u00a0\u00bb text_shadow_vertical_length=\u00a0\u00bb0em\u00a0\u00bb text_shadow_blur_strength=\u00a0\u00bb0em\u00a0\u00bb header_text_shadow_horizontal_length=\u00a0\u00bb0em\u00a0\u00bb header_text_shadow_vertical_length=\u00a0\u00bb0em\u00a0\u00bb header_text_shadow_blur_strength=\u00a0\u00bb0em\u00a0\u00bb body_text_shadow_horizontal_length=\u00a0\u00bb0em\u00a0\u00bb body_text_shadow_vertical_length=\u00a0\u00bb0em\u00a0\u00bb body_text_shadow_blur_strength=\u00a0\u00bb0em\u00a0\u00bb button_text_shadow_horizontal_length=\u00a0\u00bb0em\u00a0\u00bb button_text_shadow_vertical_length=\u00a0\u00bb0em\u00a0\u00bb button_text_shadow_blur_strength=\u00a0\u00bb0em\u00a0\u00bb button_link=\u00a0\u00bb#\u00a0\u00bb url_new_window=\u00a0\u00bboff\u00a0\u00bb link_option_url_new_window=\u00a0\u00bboff\u00a0\u00bb background_color=\u00a0\u00bb#2ea3f2&Prime; header_font=\u00a0\u00bb||||||||\u00a0\u00bb hover_transition_duration=\u00a0\u00bb300ms\u00a0\u00bb hover_transition_delay=\u00a0\u00bb0ms\u00a0\u00bb hover_transition_speed_curve=\u00a0\u00bbease\u00a0\u00bb]<\/p>\n<h3>Vous nous connaissez, nous avons grandi dans le m\u00eame quartier.<\/h3>\n<p>[\/et_pb_slide][\/et_pb_fullwidth_slider][\/et_pb_section][et_pb_section bb_built=\u00a0\u00bb1&Prime; _builder_version=\u00a0\u00bb3.0.105&Prime; prev_background_color=\u00a0\u00bb#000000&Prime; next_background_color=\u00a0\u00bb#000000&Prime;][et_pb_row _builder_version=\u00a0\u00bb3.0.105&Prime; background_size=\u00a0\u00bbinitial\u00a0\u00bb background_position=\u00a0\u00bbtop_left\u00a0\u00bb background_repeat=\u00a0\u00bbrepeat\u00a0\u00bb][et_pb_column type=\u00a0\u00bb1_3&Prime;][et_pb_image src=\u00a0\u00bbhttps:\/\/www2.webbernaturals.com\/en-ca\/wp-content\/uploads\/sites\/2\/2017\/12\/mountain-icon.jpg\u00a0\u00bb align=\u00a0\u00bbcenter\u00a0\u00bb _builder_version=\u00a0\u00bb3.0.90&Prime;]<\/p>\n<p>\n&nbsp;<\/p>\n<p>[\/et_pb_image][\/et_pb_column][et_pb_column type=\u00a0\u00bb2_3&Prime;][et_pb_text admin_label=\u00a0\u00bbTitle &#8211; We\u2019ve been providing supplements to \u00a0\u00bb _builder_version=\u00a0\u00bb3.18.9&Prime; header_text_color=\u00a0\u00bb#782a90&Prime; header_3_text_color=\u00a0\u00bb#782b90&Prime; background_layout=\u00a0\u00bblight\u00a0\u00bb]<\/p>\n<h1><strong>Nous fournissons des suppl\u00e9ments aux familles d&rsquo;Am\u00e9rique du Nord depuis plus de 50 ans. <\/strong><\/h1>\n<p>[\/et_pb_text][et_pb_text admin_label=\u00a0\u00bbText &#8211; You will find Webber Naturals labels on the \u00a0\u00bb _builder_version=\u00a0\u00bb3.18.9&Prime;]<\/p>\n<p>Vous trouverez des \u00e9tiquettes Webber Naturals sur les \u00e9tag\u00e8res de votre pharmacie, de votre \u00e9picerie et d&rsquo;autres d\u00e9taillants renomm\u00e9s. Si vous nous visitez, vous d\u00e9couvrirez que Webber Naturals fait partie d\u2019une famille plus vaste de produits naturels et qu\u2019il est l\u2019un des plus importants fabricants de suppl\u00e9ments naturels et de produits di\u00e9t\u00e9tiques de qualit\u00e9 en Am\u00e9rique du Nord.<\/p>\n<p>[\/et_pb_text][\/et_pb_column][\/et_pb_row][\/et_pb_section][et_pb_section bb_built=\u00a0\u00bb1&Prime; fullwidth=\u00a0\u00bbon\u00a0\u00bb _builder_version=\u00a0\u00bb3.0.47&Prime; prev_background_color=\u00a0\u00bb#000000&Prime; next_background_color=\u00a0\u00bb#000000&Prime;][et_pb_fullwidth_image src=\u00a0\u00bbhttps:\/\/www2.webbernaturals.com\/en-ca\/wp-content\/uploads\/sites\/2\/2017\/12\/webber-naturals-home-bodyimage-en.jpg\u00a0\u00bb _builder_version=\u00a0\u00bb3.0.90&Prime;]<\/p>\n<p>\n&nbsp;<\/p>\n<p>[\/et_pb_fullwidth_image][\/et_pb_section][et_pb_section bb_built=\u00a0\u00bb1&Prime; _builder_version=\u00a0\u00bb3.0.105&Prime; prev_background_color=\u00a0\u00bb#000000&Prime;][et_pb_row _builder_version=\u00a0\u00bb3.0.47&Prime; background_size=\u00a0\u00bbinitial\u00a0\u00bb background_position=\u00a0\u00bbtop_left\u00a0\u00bb background_repeat=\u00a0\u00bbrepeat\u00a0\u00bb][et_pb_column type=\u00a0\u00bb1_2&Prime;][et_pb_text admin_label=\u00a0\u00bbTitle &#8211; Organic, Non-GMO Farming in the Okanagan Valley\u00a0\u00bb _builder_version=\u00a0\u00bb3.18.9&Prime; header_3_text_color=\u00a0\u00bb#782b90&Prime;]<\/p>\n<h2><strong>Agriculture biologique sans OGM dans la vall\u00e9e de l&rsquo;Okanagan<\/strong><\/h2>\n<p>[\/et_pb_text][et_pb_text admin_label=\u00a0\u00bbText &#8211; We currently have hundreds of acres of organic\u00a0\u00bb _builder_version=\u00a0\u00bb3.18.4&Prime; header_3_text_color=\u00a0\u00bb#782b90&Prime; background_layout=\u00a0\u00bblight\u00a0\u00bb]<\/p>\n<p>\nNous avons actuellement des centaines d&rsquo;acres de terres agricoles biologiques dans la magnifique vall\u00e9e de l&rsquo;Okanagan, en Colombie-Britannique, au Canada, o\u00f9 nous cultivons, r\u00e9coltons et transformons nos fines herbes et nos plantes biologiques sans OGM. Les plantes sont r\u00e9colt\u00e9es \u00e0 la main lorsque leurs composants actifs sont \u00e0 leur apog\u00e9e, puis trait\u00e9es imm\u00e9diatement dans nos installations locales.<\/p>\n<p>Que nos extraits de plantes et de fines herbes proviennent de nos propres fermes ou de sources fiables dans le monde entier, Webber Naturals garantit les normes les plus \u00e9lev\u00e9es en mati\u00e8re de qualit\u00e9, de puret\u00e9 et de dilution. Comment? En contr\u00f4lant chaque \u00e9tape de la graine jusqu\u2019au pr\u00e9sentoir et en demeurant un chef de file de l\u2019industrie en offrant une technologie du contr\u00f4le de la qualit\u00e9, dont les tests OGM des mat\u00e9riaux que nous ne\u00a0 d\u00e9veloppons pas nous-m\u00eames. Pour en savoir plus sur nos proc\u00e9dures de test rigoureuses.<\/p>\n<p>[\/et_pb_text][\/et_pb_column][et_pb_column type=\u00a0\u00bb1_2&Prime;][et_pb_text admin_label=\u00a0\u00bbText &#8211; We shop the world \u00a0\u00bb _builder_version=\u00a0\u00bb3.18.9&Prime; text_font=\u00a0\u00bb|600|||||||\u00a0\u00bb text_font_size=\u00a0\u00bb30px\u00a0\u00bb text_text_color=\u00a0\u00bb#782b90&Prime; text_line_height=\u00a0\u00bb1.8em\u00a0\u00bb header_font=\u00a0\u00bbMuseo Slab 500|500|||||||\u00a0\u00bb header_font_size=\u00a0\u00bb40px\u00a0\u00bb header_font_size_tablet=\u00a0\u00bb30px\u00a0\u00bb header_font_size_last_edited=\u00a0\u00bbon|tablet\u00a0\u00bb]<\/p>\n<h2>Nous magasinons dans le monde entier \u00e0 la recherche des meilleurs ingr\u00e9dients, puis nous les formulons, les traitons et les testons afin que vous puissiez acheter de bons suppl\u00e9ments &#8211; et obteniez un excellent rapport qualit\u00e9-prix.<\/h2>\n<p>[\/et_pb_text][\/et_pb_column][\/et_pb_row][\/et_pb_section]<\/p>\n","protected":false},"excerpt":{"rendered":"<p>Vous nous connaissez, nous avons grandi dans le m\u00eame quartier. &nbsp; Nous fournissons des suppl\u00e9ments aux familles d&rsquo;Am\u00e9rique du Nord depuis plus de 50 ans. Vous trouverez des \u00e9tiquettes Webber Naturals sur les \u00e9tag\u00e8res de votre pharmacie, de votre \u00e9picerie et d&rsquo;autres d\u00e9taillants renomm\u00e9s. Si vous nous visitez, vous d\u00e9couvrirez que Webber Naturals fait partie\u2026<\/p>\n","protected":false},"author":5,"featured_media":0,"parent":817,"menu_order":0,"comment_status":"closed","ping_status":"closed","template":"","meta":{"_acf_changed":false,"_et_pb_use_builder":"on","_et_pb_old_content":"","_et_gb_content_width":"","protect_children":false,"footnotes":""},"class_list":["post-818","page","type-page","status-publish","hentry"],"acf":[],"yoast_head":"<!-- This site is optimized with the Yoast SEO Premium plugin v27.2 (Yoast SEO v27.2) - https:\/\/yoast.com\/product\/yoast-seo-premium-wordpress\/ -->\n<title>Notre histoire | Webber Naturals FR<\/title>\n<meta name=\"description\" content=\"Qu\u2019il est l\u2019un des plus importants fabricants de suppl\u00e9ments naturels et de produits di\u00e9t\u00e9tiques de qualit\u00e9 en Am\u00e9rique du Nord.\" \/>\n<meta name=\"robots\" content=\"index, follow, max-snippet:-1, max-image-preview:large, max-video-preview:-1\" \/>\n<link rel=\"canonical\" href=\"https:\/\/www2.webbernaturals.com\/fr-fr\/promesse-de-qualite\/notre-histoire\/\" \/>\n<meta property=\"og:locale\" content=\"fr_FR\" \/>\n<meta property=\"og:type\" content=\"article\" \/>\n<meta property=\"og:title\" content=\"Notre histoire\" \/>\n<meta property=\"og:description\" content=\"Qu\u2019il est l\u2019un des plus importants fabricants de suppl\u00e9ments naturels et de produits di\u00e9t\u00e9tiques de qualit\u00e9 en Am\u00e9rique du Nord.\" \/>\n<meta property=\"og:url\" content=\"https:\/\/www2.webbernaturals.com\/fr-fr\/promesse-de-qualite\/notre-histoire\/\" \/>\n<meta property=\"og:site_name\" content=\"Webber Naturals FR\" \/>\n<meta property=\"article:modified_time\" content=\"2019-11-27T11:14:45+00:00\" \/>\n<meta name=\"twitter:card\" content=\"summary_large_image\" \/>\n<meta name=\"twitter:label1\" content=\"Dur\u00e9e de lecture estim\u00e9e\" \/>\n\t<meta name=\"twitter:data1\" content=\"6 minutes\" \/>\n<script type=\"application\/ld+json\" class=\"yoast-schema-graph\">{\"@context\":\"https:\/\/schema.org\",\"@graph\":[{\"@type\":\"WebPage\",\"@id\":\"https:\/\/www2.webbernaturals.com\/fr-fr\/promesse-de-qualite\/notre-histoire\/\",\"url\":\"https:\/\/www2.webbernaturals.com\/fr-fr\/promesse-de-qualite\/notre-histoire\/\",\"name\":\"Notre histoire | Webber Naturals FR\",\"isPartOf\":{\"@id\":\"https:\/\/www2.webbernaturals.com\/fr-fr\/#website\"},\"datePublished\":\"2018-09-18T21:31:25+00:00\",\"dateModified\":\"2019-11-27T11:14:45+00:00\",\"description\":\"Qu\u2019il est l\u2019un des plus importants fabricants de suppl\u00e9ments naturels et de produits di\u00e9t\u00e9tiques de qualit\u00e9 en Am\u00e9rique du Nord.\",\"breadcrumb\":{\"@id\":\"https:\/\/www2.webbernaturals.com\/fr-fr\/promesse-de-qualite\/notre-histoire\/#breadcrumb\"},\"inLanguage\":\"fr-FR\",\"potentialAction\":[{\"@type\":\"ReadAction\",\"target\":[\"https:\/\/www2.webbernaturals.com\/fr-fr\/promesse-de-qualite\/notre-histoire\/\"]}]},{\"@type\":\"BreadcrumbList\",\"@id\":\"https:\/\/www2.webbernaturals.com\/fr-fr\/promesse-de-qualite\/notre-histoire\/#breadcrumb\",\"itemListElement\":[{\"@type\":\"ListItem\",\"position\":1,\"name\":\"Home\",\"item\":\"https:\/\/www2.webbernaturals.com\/fr-fr\/\"},{\"@type\":\"ListItem\",\"position\":2,\"name\":\"Promesse de qualit\u00e9\",\"item\":\"https:\/\/www2.webbernaturals.com\/fr-fr\/promesse-de-qualite\/\"},{\"@type\":\"ListItem\",\"position\":3,\"name\":\"Notre histoire\"}]},{\"@type\":\"WebSite\",\"@id\":\"https:\/\/www2.webbernaturals.com\/fr-fr\/#website\",\"url\":\"https:\/\/www2.webbernaturals.com\/fr-fr\/\",\"name\":\"Webber Naturals FR\",\"description\":\"\",\"publisher\":{\"@id\":\"https:\/\/www2.webbernaturals.com\/fr-fr\/#organization\"},\"potentialAction\":[{\"@type\":\"SearchAction\",\"target\":{\"@type\":\"EntryPoint\",\"urlTemplate\":\"https:\/\/www2.webbernaturals.com\/fr-fr\/?s={search_term_string}\"},\"query-input\":{\"@type\":\"PropertyValueSpecification\",\"valueRequired\":true,\"valueName\":\"search_term_string\"}}],\"inLanguage\":\"fr-FR\"},{\"@type\":\"Organization\",\"@id\":\"https:\/\/www2.webbernaturals.com\/fr-fr\/#organization\",\"name\":\"Webber Naturals (France)\",\"url\":\"https:\/\/www2.webbernaturals.com\/fr-fr\/\",\"logo\":{\"@type\":\"ImageObject\",\"inLanguage\":\"fr-FR\",\"@id\":\"https:\/\/www2.webbernaturals.com\/fr-fr\/#\/schema\/logo\/image\/\",\"url\":\"https:\/\/www2.webbernaturals.com\/fr-fr\/wp-content\/uploads\/sites\/11\/2019\/06\/webber-naturals-logo.png\",\"contentUrl\":\"https:\/\/www2.webbernaturals.com\/fr-fr\/wp-content\/uploads\/sites\/11\/2019\/06\/webber-naturals-logo.png\",\"width\":755,\"height\":100,\"caption\":\"Webber Naturals (France)\"},\"image\":{\"@id\":\"https:\/\/www2.webbernaturals.com\/fr-fr\/#\/schema\/logo\/image\/\"}}]}<\/script>\n<!-- \/ Yoast SEO Premium plugin. -->","yoast_head_json":{"title":"Notre histoire | Webber Naturals FR","description":"Qu\u2019il est l\u2019un des plus importants fabricants de suppl\u00e9ments naturels et de produits di\u00e9t\u00e9tiques de qualit\u00e9 en Am\u00e9rique du Nord.","robots":{"index":"index","follow":"follow","max-snippet":"max-snippet:-1","max-image-preview":"max-image-preview:large","max-video-preview":"max-video-preview:-1"},"canonical":"https:\/\/www2.webbernaturals.com\/fr-fr\/promesse-de-qualite\/notre-histoire\/","og_locale":"fr_FR","og_type":"article","og_title":"Notre histoire","og_description":"Qu\u2019il est l\u2019un des plus importants fabricants de suppl\u00e9ments naturels et de produits di\u00e9t\u00e9tiques de qualit\u00e9 en Am\u00e9rique du Nord.","og_url":"https:\/\/www2.webbernaturals.com\/fr-fr\/promesse-de-qualite\/notre-histoire\/","og_site_name":"Webber Naturals FR","article_modified_time":"2019-11-27T11:14:45+00:00","twitter_card":"summary_large_image","twitter_misc":{"Dur\u00e9e de lecture estim\u00e9e":"6 minutes"},"schema":{"@context":"https:\/\/schema.org","@graph":[{"@type":"WebPage","@id":"https:\/\/www2.webbernaturals.com\/fr-fr\/promesse-de-qualite\/notre-histoire\/","url":"https:\/\/www2.webbernaturals.com\/fr-fr\/promesse-de-qualite\/notre-histoire\/","name":"Notre histoire | Webber Naturals FR","isPartOf":{"@id":"https:\/\/www2.webbernaturals.com\/fr-fr\/#website"},"datePublished":"2018-09-18T21:31:25+00:00","dateModified":"2019-11-27T11:14:45+00:00","description":"Qu\u2019il est l\u2019un des plus importants fabricants de suppl\u00e9ments naturels et de produits di\u00e9t\u00e9tiques de qualit\u00e9 en Am\u00e9rique du Nord.","breadcrumb":{"@id":"https:\/\/www2.webbernaturals.com\/fr-fr\/promesse-de-qualite\/notre-histoire\/#breadcrumb"},"inLanguage":"fr-FR","potentialAction":[{"@type":"ReadAction","target":["https:\/\/www2.webbernaturals.com\/fr-fr\/promesse-de-qualite\/notre-histoire\/"]}]},{"@type":"BreadcrumbList","@id":"https:\/\/www2.webbernaturals.com\/fr-fr\/promesse-de-qualite\/notre-histoire\/#breadcrumb","itemListElement":[{"@type":"ListItem","position":1,"name":"Home","item":"https:\/\/www2.webbernaturals.com\/fr-fr\/"},{"@type":"ListItem","position":2,"name":"Promesse de qualit\u00e9","item":"https:\/\/www2.webbernaturals.com\/fr-fr\/promesse-de-qualite\/"},{"@type":"ListItem","position":3,"name":"Notre histoire"}]},{"@type":"WebSite","@id":"https:\/\/www2.webbernaturals.com\/fr-fr\/#website","url":"https:\/\/www2.webbernaturals.com\/fr-fr\/","name":"Webber Naturals FR","description":"","publisher":{"@id":"https:\/\/www2.webbernaturals.com\/fr-fr\/#organization"},"potentialAction":[{"@type":"SearchAction","target":{"@type":"EntryPoint","urlTemplate":"https:\/\/www2.webbernaturals.com\/fr-fr\/?s={search_term_string}"},"query-input":{"@type":"PropertyValueSpecification","valueRequired":true,"valueName":"search_term_string"}}],"inLanguage":"fr-FR"},{"@type":"Organization","@id":"https:\/\/www2.webbernaturals.com\/fr-fr\/#organization","name":"Webber Naturals (France)","url":"https:\/\/www2.webbernaturals.com\/fr-fr\/","logo":{"@type":"ImageObject","inLanguage":"fr-FR","@id":"https:\/\/www2.webbernaturals.com\/fr-fr\/#\/schema\/logo\/image\/","url":"https:\/\/www2.webbernaturals.com\/fr-fr\/wp-content\/uploads\/sites\/11\/2019\/06\/webber-naturals-logo.png","contentUrl":"https:\/\/www2.webbernaturals.com\/fr-fr\/wp-content\/uploads\/sites\/11\/2019\/06\/webber-naturals-logo.png","width":755,"height":100,"caption":"Webber Naturals (France)"},"image":{"@id":"https:\/\/www2.webbernaturals.com\/fr-fr\/#\/schema\/logo\/image\/"}}]}},"_links":{"self":[{"href":"https:\/\/www2.webbernaturals.com\/fr-fr\/wp-json\/wp\/v2\/pages\/818","targetHints":{"allow":["GET"]}}],"collection":[{"href":"https:\/\/www2.webbernaturals.com\/fr-fr\/wp-json\/wp\/v2\/pages"}],"about":[{"href":"https:\/\/www2.webbernaturals.com\/fr-fr\/wp-json\/wp\/v2\/types\/page"}],"author":[{"embeddable":true,"href":"https:\/\/www2.webbernaturals.com\/fr-fr\/wp-json\/wp\/v2\/users\/5"}],"replies":[{"embeddable":true,"href":"https:\/\/www2.webbernaturals.com\/fr-fr\/wp-json\/wp\/v2\/comments?post=818"}],"version-history":[{"count":0,"href":"https:\/\/www2.webbernaturals.com\/fr-fr\/wp-json\/wp\/v2\/pages\/818\/revisions"}],"up":[{"embeddable":true,"href":"https:\/\/www2.webbernaturals.com\/fr-fr\/wp-json\/wp\/v2\/pages\/817"}],"wp:attachment":[{"href":"https:\/\/www2.webbernaturals.com\/fr-fr\/wp-json\/wp\/v2\/media?parent=818"}],"curies":[{"name":"wp","href":"https:\/\/api.w.org\/{rel}","templated":true}]}}