{"id":817,"date":"2018-09-18T21:29:35","date_gmt":"2018-09-18T21:29:35","guid":{"rendered":"https:\/\/www2.webbernaturals.com\/fr-fr\/quality-promise\/"},"modified":"2019-11-27T03:13:19","modified_gmt":"2019-11-27T11:13:19","slug":"promesse-de-qualite","status":"publish","type":"page","link":"https:\/\/www2.webbernaturals.com\/fr-fr\/promesse-de-qualite\/","title":{"rendered":"Promesse de qualit\u00e9"},"content":{"rendered":"<p>[et_pb_section bb_built=\u00a0\u00bb1&Prime; _builder_version=\u00a0\u00bb3.0.105&Prime; background_image=\u00a0\u00bbhttps:\/\/www2.webbernaturals.com\/en-ca\/wp-content\/uploads\/sites\/2\/2018\/02\/Our-Promise-for-Quality-banner.png\u00a0\u00bb next_background_color=\u00a0\u00bb#ffffff\u00a0\u00bb module_class=\u00a0\u00bbquality-promise-banner\u00a0\u00bb][et_pb_row _builder_version=\u00a0\u00bb3.0.105&Prime; background_size=\u00a0\u00bbinitial\u00a0\u00bb background_position=\u00a0\u00bbtop_left\u00a0\u00bb background_repeat=\u00a0\u00bbrepeat\u00a0\u00bb][et_pb_column type=\u00a0\u00bb4_4&Prime;][et_pb_text admin_label=\u00a0\u00bbText &#8211; Our Promise for Quality\u00a0\u00bb _builder_version=\u00a0\u00bb3.18.9&Prime; header_font=\u00a0\u00bbMuseo Slab 500|500|||||||\u00a0\u00bb header_font_size=\u00a0\u00bb50px\u00a0\u00bb header_text_color=\u00a0\u00bb#782a90&Prime; background_layout=\u00a0\u00bblight\u00a0\u00bb header_font_size_tablet=\u00a0\u00bb30px\u00a0\u00bb header_font_size_last_edited=\u00a0\u00bbon|desktop\u00a0\u00bb header_line_height_tablet=\u00a0\u00bb50&Prime; header_line_height_last_edited=\u00a0\u00bbon|desktop\u00a0\u00bb]<\/p>\n<h1>Notre promesse<br \/>de qualit\u00e9<\/h1>\n<p>[\/et_pb_text][\/et_pb_column][\/et_pb_row][\/et_pb_section][et_pb_section bb_built=\u00a0\u00bb1&Prime; _builder_version=\u00a0\u00bb3.0.105&Prime; prev_background_color=\u00a0\u00bb#000000&Prime; next_background_color=\u00a0\u00bb#eaf9fa\u00a0\u00bb custom_margin=\u00a0\u00bb0px||0px|\u00a0\u00bb custom_padding=\u00a0\u00bb0px||0px|\u00a0\u00bb][et_pb_row _builder_version=\u00a0\u00bb3.0.105&Prime; bg_img_2=\u00a0\u00bbhttps:\/\/www2.webbernaturals.com\/en-ca\/wp-content\/uploads\/sites\/2\/2018\/01\/wn-pills-bk-03.png\u00a0\u00bb parallax_2=\u00a0\u00bbon\u00a0\u00bb make_equal=\u00a0\u00bbon\u00a0\u00bb custom_margin=\u00a0\u00bb0px||0px|\u00a0\u00bb custom_padding=\u00a0\u00bb0px||0px|\u00a0\u00bb padding_top_1=\u00a0\u00bb50px\u00a0\u00bb padding_bottom_1=\u00a0\u00bb50px\u00a0\u00bb][et_pb_column type=\u00a0\u00bb2_3&Prime;][et_pb_text admin_label=\u00a0\u00bbText &#8211; It\u2019s all for you. \u00a0\u00bb _builder_version=\u00a0\u00bb3.0.105&Prime; header_2_font=\u00a0\u00bbMuseo Slab 500||||||||\u00a0\u00bb header_2_text_color=\u00a0\u00bb#782a90&Prime; custom_margin=\u00a0\u00bb||0px|\u00a0\u00bb background_layout=\u00a0\u00bblight\u00a0\u00bb header_font_size=\u00a0\u00bb50px\u00a0\u00bb text_font=\u00a0\u00bbMuseo Slab 500||||||||\u00a0\u00bb text_font_size=\u00a0\u00bb50px\u00a0\u00bb text_text_color=\u00a0\u00bb#782b90&Prime; custom_padding=\u00a0\u00bb||35px|\u00a0\u00bb text_font_size_tablet=\u00a0\u00bb40px\u00a0\u00bb text_font_size_last_edited=\u00a0\u00bbon|tablet\u00a0\u00bb text_line_height=\u00a0\u00bb1.9em\u00a0\u00bb]<\/p>\n<p>\nTout cela pour vous.<\/p>\n<p>[\/et_pb_text][et_pb_text admin_label=\u00a0\u00bbText &#8211; At Webber Naturals we listen \u00a0\u00bb _builder_version=\u00a0\u00bb3.18.9&Prime; text_font_size=\u00a0\u00bb30px\u00a0\u00bb text_text_color=\u00a0\u00bb#782a90&Prime; text_line_height=\u00a0\u00bb1.4em\u00a0\u00bb background_layout=\u00a0\u00bblight\u00a0\u00bb]<\/p>\n<p>\n<strong>Chez Webber Naturals, <span style=\"color: #00b2c4;\">nous \u00e9coutons <\/span> les besoins de notre communaut\u00e9. Nous r\u00e9pondons simplement, avec les meilleurs suppl\u00e9ments disponibles. Nous cr\u00e9ons des suppl\u00e9ments qui r\u00e9pondent<span style=\"color: #00b2c4;\"> \u00e0 vos pr\u00e9occupations <\/span> et \u00e0 vos probl\u00e8mes de sant\u00e9.<\/strong><\/p>\n<p>[\/et_pb_text][et_pb_text admin_label=\u00a0\u00bbWhile not all herbs can\u00a0\u00bb _builder_version=\u00a0\u00bb3.18.9&Prime; background_layout=\u00a0\u00bblight\u00a0\u00bb]<\/p>\n<p>\nAlors que toutes les fines herbes ne peuvent pas \u00eatre cultiv\u00e9es au Canada, nous cultivons ce que nous pouvons afin d&rsquo;en contr\u00f4ler la qualit\u00e9 et la puret\u00e9. Nous avons d&rsquo;imposantes fermes biologiques dans la vall\u00e9e de l&rsquo;Okanagan, en Colombie-Britannique, mais nous recherchons \u00e9galement des mati\u00e8res premi\u00e8res de qualit\u00e9 exceptionnelle dans le monde entier.<\/p>\n<p>Nous nous sentons responsables de la sant\u00e9 de nos familles. La qualit\u00e9, la puret\u00e9 et la s\u00e9curit\u00e9 sont nos priorit\u00e9s. Nos produits r\u00e9pondent aux m\u00eames normes strictes qui sont impos\u00e9es aux produits pharmaceutiques. Nous respectons toutes les exigences de la FDA, ainsi que les r\u00e8glements et les directives de Sant\u00e9 Canada concernant les bonnes pratiques de fabrication.<\/p>\n<p>Mais la \u00ab valeur nutritive naturelle \u00bb ne se r\u00e9sume pas \u00e0 une recherche scientifique rigoureuse appliqu\u00e9e aux ingr\u00e9dients naturels, mais \u00e0 la fabrication de produits si purs que nous les partageons avec nos propres familles. Quelque chose que nous faisons depuis plus d&rsquo;un demi-si\u00e8cle.<\/p>\n<p>Chez Webber Naturals, nous ne suivons pas les modes. Nous fabriquons des produits dont les gens ont besoin et qu&rsquo;ils veulent. Nous sommes \u00e0 l&rsquo;\u00e9coute de nos clients. Nous faisons les recherches. Nous trouvons les meilleures mati\u00e8res premi\u00e8res. Et puis nous fabriquons simplement les meilleurs suppl\u00e9ments possibles.<\/p>\n<p>[\/et_pb_text][\/et_pb_column][et_pb_column type=\u00a0\u00bb1_3&Prime;][\/et_pb_column][\/et_pb_row][\/et_pb_section][et_pb_section bb_built=\u00a0\u00bb1&Prime; background_color=\u00a0\u00bb#eaf9fa\u00a0\u00bb _builder_version=\u00a0\u00bb3.0.98&Prime; prev_background_color=\u00a0\u00bb#ffffff\u00a0\u00bb next_background_color=\u00a0\u00bb#ffffff\u00a0\u00bb][et_pb_row _builder_version=\u00a0\u00bb3.0.98&Prime;][et_pb_column type=\u00a0\u00bb1_3&Prime;][et_pb_blurb admin_label=\u00a0\u00bbInspiration\u00a0\u00bb title=\u00a0\u00bbInspiration\u00a0\u00bb image=\u00a0\u00bbhttps:\/\/www2.webbernaturals.com\/en-ca\/wp-content\/uploads\/sites\/2\/2018\/01\/wn-icon-hand-holding-leaf.png\u00a0\u00bb _builder_version=\u00a0\u00bb3.0.105&Prime; header_font=\u00a0\u00bb|700|||||||\u00a0\u00bb header_text_align=\u00a0\u00bbcenter\u00a0\u00bb header_text_color=\u00a0\u00bb#00b2c4&Prime; url_new_window=\u00a0\u00bboff\u00a0\u00bb use_icon=\u00a0\u00bboff\u00a0\u00bb use_circle=\u00a0\u00bboff\u00a0\u00bb use_circle_border=\u00a0\u00bboff\u00a0\u00bb icon_placement=\u00a0\u00bbtop\u00a0\u00bb use_icon_font_size=\u00a0\u00bboff\u00a0\u00bb background_layout=\u00a0\u00bblight\u00a0\u00bb]<\/p>\n<p>\nNous nous inspirons de la nature, en extrayant les \u00e9l\u00e9ments les plus b\u00e9n\u00e9fiques \u00e0 l&rsquo;aide de la meilleure science disponible. Les questions les plus importantes que nous posons \u00e0 propos de tout suppl\u00e9ment naturel sont les suivantes : \u00ab Comment pouvons-nous nous assurer qu\u2019il est le meilleur sur le march\u00e9? Comment \u00e7a marche pour soutenir la sant\u00e9? Fournit-il de bons r\u00e9sultats? \u00bb Donnant ainsi les meilleurs produits naturels que nous pouvons offrir \u00e0 vous et \u00e0 votre famille.<\/p>\n<p>[\/et_pb_blurb][\/et_pb_column][et_pb_column type=\u00a0\u00bb1_3&Prime;][et_pb_blurb admin_label=\u00a0\u00bbCreation\u00a0\u00bb title=\u00a0\u00bbCr\u00e9ation\u00a0\u00bb image=\u00a0\u00bbhttps:\/\/www2.webbernaturals.com\/en-ca\/wp-content\/uploads\/sites\/2\/2018\/01\/wn-icon-lab.png\u00a0\u00bb image_max_width=\u00a0\u00bb205px\u00a0\u00bb _builder_version=\u00a0\u00bb3.0.105&Prime; header_font=\u00a0\u00bb|700|||||||\u00a0\u00bb header_text_align=\u00a0\u00bbcenter\u00a0\u00bb header_text_color=\u00a0\u00bb#00b2c4&Prime; url_new_window=\u00a0\u00bboff\u00a0\u00bb use_icon=\u00a0\u00bboff\u00a0\u00bb use_circle=\u00a0\u00bboff\u00a0\u00bb use_circle_border=\u00a0\u00bboff\u00a0\u00bb icon_placement=\u00a0\u00bbtop\u00a0\u00bb use_icon_font_size=\u00a0\u00bboff\u00a0\u00bb background_layout=\u00a0\u00bblight\u00a0\u00bb]<\/p>\n<p>\nNous avons 50 scientifiques, m\u00e9decins, nutritionnistes, di\u00e9t\u00e9ticiens et herboristes \u00e0 plein temps qui connaissent les m\u00e9dicaments de la nature. Ils cr\u00e9ent nos produits et nos formules afin de tirer le meilleur parti des mati\u00e8res premi\u00e8res de qualit\u00e9. Nous avons l&rsquo;\u00e9quipement, l&rsquo;exp\u00e9rience et l&rsquo;expertise n\u00e9cessaires visant la transformation des ingr\u00e9dients naturels de confiance en produits efficaces, tous garantis purs et puissants.<\/p>\n<p>[\/et_pb_blurb][\/et_pb_column][et_pb_column type=\u00a0\u00bb1_3&Prime;][et_pb_blurb admin_label=\u00a0\u00bbPerfection\u00a0\u00bb title=\u00a0\u00bbPerfection\u00a0\u00bb image=\u00a0\u00bbhttps:\/\/www2.webbernaturals.com\/en-ca\/wp-content\/uploads\/sites\/2\/2018\/01\/wn-icon-pill-02.png\u00a0\u00bb image_max_width=\u00a0\u00bb305px\u00a0\u00bb _builder_version=\u00a0\u00bb3.0.105&Prime; header_font=\u00a0\u00bb|700|||||||\u00a0\u00bb header_text_align=\u00a0\u00bbcenter\u00a0\u00bb header_text_color=\u00a0\u00bb#00b2c4&Prime; custom_margin=\u00a0\u00bb30px|||\u00a0\u00bb url_new_window=\u00a0\u00bboff\u00a0\u00bb use_icon=\u00a0\u00bboff\u00a0\u00bb use_circle=\u00a0\u00bboff\u00a0\u00bb use_circle_border=\u00a0\u00bboff\u00a0\u00bb icon_placement=\u00a0\u00bbtop\u00a0\u00bb use_icon_font_size=\u00a0\u00bboff\u00a0\u00bb background_layout=\u00a0\u00bblight\u00a0\u00bb]<\/p>\n<p>\nNous ne cessons jamais notre recherche de nouvelles sources de mati\u00e8res premi\u00e8res de qualit\u00e9 et d&rsquo;id\u00e9es novatrices en science de la nutrition. Nous testons et re-testons tous nos produits pour la puret\u00e9 et la s\u00e9curit\u00e9 \u00e0 chaque \u00e9tape. La standardisation des fines herbes pour la dilution et les tests permet \u00e0 nos produits de comporter des formulations permettant une biodisponibilit\u00e9 plus efficace.<\/p>\n<p>[\/et_pb_blurb][\/et_pb_column][\/et_pb_row][\/et_pb_section][et_pb_section bb_built=\u00a0\u00bb1&Prime; _builder_version=\u00a0\u00bb3.0.105&Prime; custom_margin=\u00a0\u00bb|||\u00a0\u00bb custom_padding=\u00a0\u00bb0px||0px|\u00a0\u00bb prev_background_color=\u00a0\u00bb#eaf9fa\u00a0\u00bb][et_pb_row custom_padding=\u00a0\u00bb0px||0px|\u00a0\u00bb _builder_version=\u00a0\u00bb3.0.105&Prime; bg_img_2=\u00a0\u00bbhttps:\/\/www2.webbernaturals.com\/en-ca\/wp-content\/uploads\/sites\/2\/2018\/01\/wn-pills-bk-03.png\u00a0\u00bb parallax_2=\u00a0\u00bbon\u00a0\u00bb make_equal=\u00a0\u00bbon\u00a0\u00bb custom_margin=\u00a0\u00bb0px|||\u00a0\u00bb padding_top_1=\u00a0\u00bb50px\u00a0\u00bb padding_bottom_1=\u00a0\u00bb0px\u00a0\u00bb][et_pb_column type=\u00a0\u00bb2_3&Prime;][et_pb_text admin_label=\u00a0\u00bbTesting above and beyond the standard.\u00a0\u00bb _builder_version=\u00a0\u00bb3.0.105&Prime; header_3_font=\u00a0\u00bbMuseo Slab 500||||||||\u00a0\u00bb header_3_font_size=\u00a0\u00bb36px\u00a0\u00bb header_3_text_color=\u00a0\u00bb#782a90&Prime; background_layout=\u00a0\u00bblight\u00a0\u00bb]<\/p>\n<h3>Tests au-del\u00e0 de la norme.<\/h3>\n<p>Webber Naturals va au-del\u00e0 des normes standard, en utilisant la spectrom\u00e9trie de masse &#8211; la technologie de d\u00e9tection la plus pr\u00e9cise, la chromatographie liquide \u00e0 haute performance, la chromatographie en phase gazeuse, la chromatographie sur couche mince et d&rsquo;autres techniques sophistiqu\u00e9es pour aider \u00e0 quantifier une vari\u00e9t\u00e9 de mol\u00e9cules et de compos\u00e9s. Nous effectuons \u00e9galement des tests visant les allerg\u00e8nes, les microbes, les OGM et les tests de radiation.<\/p>\n<p>Nous sommes la seule entreprise de suppl\u00e9ments naturels \u00e0 utiliser un tel \u00e9ventail de m\u00e9thodologies d&rsquo;essais scientifiques hautement sophistiqu\u00e9es. Cela nous aide \u00e0 d\u00e9passer les normes internationales et \u00e0 en d\u00e9finir de nouvelles pour les produits nutritionnels.<\/p>\n<p>[\/et_pb_text][et_pb_image src=\u00a0\u00bbhttps:\/\/www2.webbernaturals.com\/en-ca\/wp-content\/uploads\/sites\/2\/2018\/02\/wn-Our-Promise-for-Quality-lab.jpg\u00a0\u00bb _builder_version=\u00a0\u00bb3.0.105&Prime; \/][\/et_pb_column][et_pb_column type=\u00a0\u00bb1_3&Prime;][\/et_pb_column][\/et_pb_row][\/et_pb_section]<\/p>\n","protected":false},"excerpt":{"rendered":"<p>Notre promessede qualit\u00e9 Tout cela pour vous. Chez Webber Naturals, nous \u00e9coutons les besoins de notre communaut\u00e9. Nous r\u00e9pondons simplement, avec les meilleurs suppl\u00e9ments disponibles. Nous cr\u00e9ons des suppl\u00e9ments qui r\u00e9pondent \u00e0 vos pr\u00e9occupations et \u00e0 vos probl\u00e8mes de sant\u00e9. Alors que toutes les fines herbes ne peuvent pas \u00eatre cultiv\u00e9es au Canada, nous cultivons\u2026<\/p>\n","protected":false},"author":5,"featured_media":0,"parent":0,"menu_order":0,"comment_status":"closed","ping_status":"closed","template":"","meta":{"_acf_changed":false,"_et_pb_use_builder":"on","_et_pb_old_content":"","_et_gb_content_width":"","protect_children":false,"footnotes":""},"class_list":["post-817","page","type-page","status-publish","hentry"],"acf":[],"yoast_head":"<!-- This site is optimized with the Yoast SEO Premium plugin v27.5 (Yoast SEO v27.5) - https:\/\/yoast.com\/product\/yoast-seo-premium-wordpress\/ -->\n<title>Promesse de qualit\u00e9 | Webber Naturals FR<\/title>\n<meta name=\"description\" content=\"Alors que toutes les fines herbes ne peuvent pas \u00eatre cultiv\u00e9es au Canada, nous cultivons ce que nous pouvons afin d&#039;en contr\u00f4ler la qualit\u00e9 et la puret\u00e9.\" \/>\n<meta name=\"robots\" content=\"index, follow, max-snippet:-1, max-image-preview:large, max-video-preview:-1\" \/>\n<link rel=\"canonical\" href=\"https:\/\/www2.webbernaturals.com\/fr-fr\/promesse-de-qualite\/\" \/>\n<meta property=\"og:locale\" content=\"fr_FR\" \/>\n<meta property=\"og:type\" content=\"article\" \/>\n<meta property=\"og:title\" content=\"Promesse de qualit\u00e9\" \/>\n<meta property=\"og:description\" content=\"Alors que toutes les fines herbes ne peuvent pas \u00eatre cultiv\u00e9es au Canada, nous cultivons ce que nous pouvons afin d&#039;en contr\u00f4ler la qualit\u00e9 et la puret\u00e9.\" \/>\n<meta property=\"og:url\" content=\"https:\/\/www2.webbernaturals.com\/fr-fr\/promesse-de-qualite\/\" \/>\n<meta property=\"og:site_name\" content=\"Webber Naturals FR\" \/>\n<meta property=\"article:modified_time\" content=\"2019-11-27T11:13:19+00:00\" \/>\n<meta name=\"twitter:card\" content=\"summary_large_image\" \/>\n<meta name=\"twitter:label1\" content=\"Dur\u00e9e de lecture estim\u00e9e\" \/>\n\t<meta name=\"twitter:data1\" content=\"6 minutes\" \/>\n<script type=\"application\/ld+json\" class=\"yoast-schema-graph\">{\"@context\":\"https:\\\/\\\/schema.org\",\"@graph\":[{\"@type\":\"WebPage\",\"@id\":\"https:\\\/\\\/www2.webbernaturals.com\\\/fr-fr\\\/promesse-de-qualite\\\/\",\"url\":\"https:\\\/\\\/www2.webbernaturals.com\\\/fr-fr\\\/promesse-de-qualite\\\/\",\"name\":\"Promesse de qualit\u00e9 | Webber Naturals FR\",\"isPartOf\":{\"@id\":\"https:\\\/\\\/www2.webbernaturals.com\\\/fr-fr\\\/#website\"},\"datePublished\":\"2018-09-18T21:29:35+00:00\",\"dateModified\":\"2019-11-27T11:13:19+00:00\",\"description\":\"Alors que toutes les fines herbes ne peuvent pas \u00eatre cultiv\u00e9es au Canada, nous cultivons ce que nous pouvons afin d'en contr\u00f4ler la qualit\u00e9 et la puret\u00e9.\",\"breadcrumb\":{\"@id\":\"https:\\\/\\\/www2.webbernaturals.com\\\/fr-fr\\\/promesse-de-qualite\\\/#breadcrumb\"},\"inLanguage\":\"fr-FR\",\"potentialAction\":[{\"@type\":\"ReadAction\",\"target\":[\"https:\\\/\\\/www2.webbernaturals.com\\\/fr-fr\\\/promesse-de-qualite\\\/\"]}]},{\"@type\":\"BreadcrumbList\",\"@id\":\"https:\\\/\\\/www2.webbernaturals.com\\\/fr-fr\\\/promesse-de-qualite\\\/#breadcrumb\",\"itemListElement\":[{\"@type\":\"ListItem\",\"position\":1,\"name\":\"Home\",\"item\":\"https:\\\/\\\/www2.webbernaturals.com\\\/fr-fr\\\/\"},{\"@type\":\"ListItem\",\"position\":2,\"name\":\"Promesse de qualit\u00e9\"}]},{\"@type\":\"WebSite\",\"@id\":\"https:\\\/\\\/www2.webbernaturals.com\\\/fr-fr\\\/#website\",\"url\":\"https:\\\/\\\/www2.webbernaturals.com\\\/fr-fr\\\/\",\"name\":\"Webber Naturals FR\",\"description\":\"\",\"publisher\":{\"@id\":\"https:\\\/\\\/www2.webbernaturals.com\\\/fr-fr\\\/#organization\"},\"potentialAction\":[{\"@type\":\"SearchAction\",\"target\":{\"@type\":\"EntryPoint\",\"urlTemplate\":\"https:\\\/\\\/www2.webbernaturals.com\\\/fr-fr\\\/?s={search_term_string}\"},\"query-input\":{\"@type\":\"PropertyValueSpecification\",\"valueRequired\":true,\"valueName\":\"search_term_string\"}}],\"inLanguage\":\"fr-FR\"},{\"@type\":\"Organization\",\"@id\":\"https:\\\/\\\/www2.webbernaturals.com\\\/fr-fr\\\/#organization\",\"name\":\"Webber Naturals (France)\",\"url\":\"https:\\\/\\\/www2.webbernaturals.com\\\/fr-fr\\\/\",\"logo\":{\"@type\":\"ImageObject\",\"inLanguage\":\"fr-FR\",\"@id\":\"https:\\\/\\\/www2.webbernaturals.com\\\/fr-fr\\\/#\\\/schema\\\/logo\\\/image\\\/\",\"url\":\"https:\\\/\\\/www2.webbernaturals.com\\\/fr-fr\\\/wp-content\\\/uploads\\\/sites\\\/11\\\/2019\\\/06\\\/webber-naturals-logo.png\",\"contentUrl\":\"https:\\\/\\\/www2.webbernaturals.com\\\/fr-fr\\\/wp-content\\\/uploads\\\/sites\\\/11\\\/2019\\\/06\\\/webber-naturals-logo.png\",\"width\":755,\"height\":100,\"caption\":\"Webber Naturals (France)\"},\"image\":{\"@id\":\"https:\\\/\\\/www2.webbernaturals.com\\\/fr-fr\\\/#\\\/schema\\\/logo\\\/image\\\/\"}}]}<\/script>\n<!-- \/ Yoast SEO Premium plugin. -->","yoast_head_json":{"title":"Promesse de qualit\u00e9 | Webber Naturals FR","description":"Alors que toutes les fines herbes ne peuvent pas \u00eatre cultiv\u00e9es au Canada, nous cultivons ce que nous pouvons afin d'en contr\u00f4ler la qualit\u00e9 et la puret\u00e9.","robots":{"index":"index","follow":"follow","max-snippet":"max-snippet:-1","max-image-preview":"max-image-preview:large","max-video-preview":"max-video-preview:-1"},"canonical":"https:\/\/www2.webbernaturals.com\/fr-fr\/promesse-de-qualite\/","og_locale":"fr_FR","og_type":"article","og_title":"Promesse de qualit\u00e9","og_description":"Alors que toutes les fines herbes ne peuvent pas \u00eatre cultiv\u00e9es au Canada, nous cultivons ce que nous pouvons afin d'en contr\u00f4ler la qualit\u00e9 et la puret\u00e9.","og_url":"https:\/\/www2.webbernaturals.com\/fr-fr\/promesse-de-qualite\/","og_site_name":"Webber Naturals FR","article_modified_time":"2019-11-27T11:13:19+00:00","twitter_card":"summary_large_image","twitter_misc":{"Dur\u00e9e de lecture estim\u00e9e":"6 minutes"},"schema":{"@context":"https:\/\/schema.org","@graph":[{"@type":"WebPage","@id":"https:\/\/www2.webbernaturals.com\/fr-fr\/promesse-de-qualite\/","url":"https:\/\/www2.webbernaturals.com\/fr-fr\/promesse-de-qualite\/","name":"Promesse de qualit\u00e9 | Webber Naturals FR","isPartOf":{"@id":"https:\/\/www2.webbernaturals.com\/fr-fr\/#website"},"datePublished":"2018-09-18T21:29:35+00:00","dateModified":"2019-11-27T11:13:19+00:00","description":"Alors que toutes les fines herbes ne peuvent pas \u00eatre cultiv\u00e9es au Canada, nous cultivons ce que nous pouvons afin d'en contr\u00f4ler la qualit\u00e9 et la puret\u00e9.","breadcrumb":{"@id":"https:\/\/www2.webbernaturals.com\/fr-fr\/promesse-de-qualite\/#breadcrumb"},"inLanguage":"fr-FR","potentialAction":[{"@type":"ReadAction","target":["https:\/\/www2.webbernaturals.com\/fr-fr\/promesse-de-qualite\/"]}]},{"@type":"BreadcrumbList","@id":"https:\/\/www2.webbernaturals.com\/fr-fr\/promesse-de-qualite\/#breadcrumb","itemListElement":[{"@type":"ListItem","position":1,"name":"Home","item":"https:\/\/www2.webbernaturals.com\/fr-fr\/"},{"@type":"ListItem","position":2,"name":"Promesse de qualit\u00e9"}]},{"@type":"WebSite","@id":"https:\/\/www2.webbernaturals.com\/fr-fr\/#website","url":"https:\/\/www2.webbernaturals.com\/fr-fr\/","name":"Webber Naturals FR","description":"","publisher":{"@id":"https:\/\/www2.webbernaturals.com\/fr-fr\/#organization"},"potentialAction":[{"@type":"SearchAction","target":{"@type":"EntryPoint","urlTemplate":"https:\/\/www2.webbernaturals.com\/fr-fr\/?s={search_term_string}"},"query-input":{"@type":"PropertyValueSpecification","valueRequired":true,"valueName":"search_term_string"}}],"inLanguage":"fr-FR"},{"@type":"Organization","@id":"https:\/\/www2.webbernaturals.com\/fr-fr\/#organization","name":"Webber Naturals (France)","url":"https:\/\/www2.webbernaturals.com\/fr-fr\/","logo":{"@type":"ImageObject","inLanguage":"fr-FR","@id":"https:\/\/www2.webbernaturals.com\/fr-fr\/#\/schema\/logo\/image\/","url":"https:\/\/www2.webbernaturals.com\/fr-fr\/wp-content\/uploads\/sites\/11\/2019\/06\/webber-naturals-logo.png","contentUrl":"https:\/\/www2.webbernaturals.com\/fr-fr\/wp-content\/uploads\/sites\/11\/2019\/06\/webber-naturals-logo.png","width":755,"height":100,"caption":"Webber Naturals (France)"},"image":{"@id":"https:\/\/www2.webbernaturals.com\/fr-fr\/#\/schema\/logo\/image\/"}}]}},"_links":{"self":[{"href":"https:\/\/www2.webbernaturals.com\/fr-fr\/wp-json\/wp\/v2\/pages\/817","targetHints":{"allow":["GET"]}}],"collection":[{"href":"https:\/\/www2.webbernaturals.com\/fr-fr\/wp-json\/wp\/v2\/pages"}],"about":[{"href":"https:\/\/www2.webbernaturals.com\/fr-fr\/wp-json\/wp\/v2\/types\/page"}],"author":[{"embeddable":true,"href":"https:\/\/www2.webbernaturals.com\/fr-fr\/wp-json\/wp\/v2\/users\/5"}],"replies":[{"embeddable":true,"href":"https:\/\/www2.webbernaturals.com\/fr-fr\/wp-json\/wp\/v2\/comments?post=817"}],"version-history":[{"count":0,"href":"https:\/\/www2.webbernaturals.com\/fr-fr\/wp-json\/wp\/v2\/pages\/817\/revisions"}],"wp:attachment":[{"href":"https:\/\/www2.webbernaturals.com\/fr-fr\/wp-json\/wp\/v2\/media?parent=817"}],"curies":[{"name":"wp","href":"https:\/\/api.w.org\/{rel}","templated":true}]}}