{"id":1173,"date":"2025-06-20T12:12:52","date_gmt":"2025-06-20T19:12:52","guid":{"rendered":"https:\/\/www2.webbernaturals.com\/fr-fr\/?page_id=1173"},"modified":"2025-06-20T12:12:54","modified_gmt":"2025-06-20T19:12:54","slug":"cookie-settings","status":"publish","type":"page","link":"https:\/\/www2.webbernaturals.com\/fr-fr\/cookie-settings\/","title":{"rendered":"Cookie Settings"},"content":{"rendered":"\n<p style=\"text-align: left;\">Cliquez sur le bouton ci-dessous pour g\u00e9rer vos pr\u00e9f\u00e9rences en mati\u00e8re de cookies.<\/p>\n<p style=\"text-align: left;\"><button id=\"ot-sdk-btn\" class=\"ot-sdk-show-settings\">Param\u00e8tres des cookies<\/button><\/p>\n","protected":false},"excerpt":{"rendered":"<p>Cliquez sur le bouton ci-dessous pour g\u00e9rer vos pr\u00e9f\u00e9rences en mati\u00e8re de cookies. Param\u00e8tres des cookies<\/p>\n","protected":false},"author":53,"featured_media":0,"parent":0,"menu_order":0,"comment_status":"closed","ping_status":"closed","template":"","meta":{"_acf_changed":false,"_et_pb_use_builder":"off","_et_pb_old_content":"","_et_gb_content_width":"","protect_children":false,"footnotes":""},"class_list":["post-1173","page","type-page","status-publish","hentry"],"acf":[],"yoast_head":"<!-- This site is optimized with the Yoast SEO Premium plugin v27.2 (Yoast SEO v27.2) - https:\/\/yoast.com\/product\/yoast-seo-premium-wordpress\/ -->\n<title>Cookie Settings | Webber Naturals FR<\/title>\n<meta name=\"robots\" content=\"index, follow, max-snippet:-1, max-image-preview:large, max-video-preview:-1\" \/>\n<link rel=\"canonical\" href=\"https:\/\/www2.webbernaturals.com\/fr-fr\/cookie-settings\/\" \/>\n<meta property=\"og:locale\" content=\"fr_FR\" \/>\n<meta property=\"og:type\" content=\"article\" \/>\n<meta property=\"og:title\" content=\"Cookie Settings\" \/>\n<meta property=\"og:description\" content=\"Cliquez sur le bouton ci-dessous pour g\u00e9rer vos pr\u00e9f\u00e9rences en mati\u00e8re de cookies. Param\u00e8tres des cookies\" \/>\n<meta property=\"og:url\" content=\"https:\/\/www2.webbernaturals.com\/fr-fr\/cookie-settings\/\" \/>\n<meta property=\"og:site_name\" content=\"Webber Naturals FR\" \/>\n<meta property=\"article:modified_time\" content=\"2025-06-20T19:12:54+00:00\" \/>\n<meta name=\"twitter:card\" content=\"summary_large_image\" \/>\n<meta name=\"twitter:label1\" content=\"Dur\u00e9e de lecture estim\u00e9e\" \/>\n\t<meta name=\"twitter:data1\" content=\"1 minute\" \/>\n<script type=\"application\/ld+json\" class=\"yoast-schema-graph\">{\"@context\":\"https:\/\/schema.org\",\"@graph\":[{\"@type\":\"WebPage\",\"@id\":\"https:\/\/www2.webbernaturals.com\/fr-fr\/cookie-settings\/\",\"url\":\"https:\/\/www2.webbernaturals.com\/fr-fr\/cookie-settings\/\",\"name\":\"Cookie Settings | Webber Naturals FR\",\"isPartOf\":{\"@id\":\"https:\/\/www2.webbernaturals.com\/fr-fr\/#website\"},\"datePublished\":\"2025-06-20T19:12:52+00:00\",\"dateModified\":\"2025-06-20T19:12:54+00:00\",\"breadcrumb\":{\"@id\":\"https:\/\/www2.webbernaturals.com\/fr-fr\/cookie-settings\/#breadcrumb\"},\"inLanguage\":\"fr-FR\",\"potentialAction\":[{\"@type\":\"ReadAction\",\"target\":[\"https:\/\/www2.webbernaturals.com\/fr-fr\/cookie-settings\/\"]}]},{\"@type\":\"BreadcrumbList\",\"@id\":\"https:\/\/www2.webbernaturals.com\/fr-fr\/cookie-settings\/#breadcrumb\",\"itemListElement\":[{\"@type\":\"ListItem\",\"position\":1,\"name\":\"Home\",\"item\":\"https:\/\/www2.webbernaturals.com\/fr-fr\/\"},{\"@type\":\"ListItem\",\"position\":2,\"name\":\"Cookie Settings\"}]},{\"@type\":\"WebSite\",\"@id\":\"https:\/\/www2.webbernaturals.com\/fr-fr\/#website\",\"url\":\"https:\/\/www2.webbernaturals.com\/fr-fr\/\",\"name\":\"Webber Naturals FR\",\"description\":\"\",\"publisher\":{\"@id\":\"https:\/\/www2.webbernaturals.com\/fr-fr\/#organization\"},\"potentialAction\":[{\"@type\":\"SearchAction\",\"target\":{\"@type\":\"EntryPoint\",\"urlTemplate\":\"https:\/\/www2.webbernaturals.com\/fr-fr\/?s={search_term_string}\"},\"query-input\":{\"@type\":\"PropertyValueSpecification\",\"valueRequired\":true,\"valueName\":\"search_term_string\"}}],\"inLanguage\":\"fr-FR\"},{\"@type\":\"Organization\",\"@id\":\"https:\/\/www2.webbernaturals.com\/fr-fr\/#organization\",\"name\":\"Webber Naturals (France)\",\"url\":\"https:\/\/www2.webbernaturals.com\/fr-fr\/\",\"logo\":{\"@type\":\"ImageObject\",\"inLanguage\":\"fr-FR\",\"@id\":\"https:\/\/www2.webbernaturals.com\/fr-fr\/#\/schema\/logo\/image\/\",\"url\":\"https:\/\/www2.webbernaturals.com\/fr-fr\/wp-content\/uploads\/sites\/11\/2019\/06\/webber-naturals-logo.png\",\"contentUrl\":\"https:\/\/www2.webbernaturals.com\/fr-fr\/wp-content\/uploads\/sites\/11\/2019\/06\/webber-naturals-logo.png\",\"width\":755,\"height\":100,\"caption\":\"Webber Naturals (France)\"},\"image\":{\"@id\":\"https:\/\/www2.webbernaturals.com\/fr-fr\/#\/schema\/logo\/image\/\"}}]}<\/script>\n<!-- \/ Yoast SEO Premium plugin. -->","yoast_head_json":{"title":"Cookie Settings | Webber Naturals FR","robots":{"index":"index","follow":"follow","max-snippet":"max-snippet:-1","max-image-preview":"max-image-preview:large","max-video-preview":"max-video-preview:-1"},"canonical":"https:\/\/www2.webbernaturals.com\/fr-fr\/cookie-settings\/","og_locale":"fr_FR","og_type":"article","og_title":"Cookie Settings","og_description":"Cliquez sur le bouton ci-dessous pour g\u00e9rer vos pr\u00e9f\u00e9rences en mati\u00e8re de cookies. Param\u00e8tres des cookies","og_url":"https:\/\/www2.webbernaturals.com\/fr-fr\/cookie-settings\/","og_site_name":"Webber Naturals FR","article_modified_time":"2025-06-20T19:12:54+00:00","twitter_card":"summary_large_image","twitter_misc":{"Dur\u00e9e de lecture estim\u00e9e":"1 minute"},"schema":{"@context":"https:\/\/schema.org","@graph":[{"@type":"WebPage","@id":"https:\/\/www2.webbernaturals.com\/fr-fr\/cookie-settings\/","url":"https:\/\/www2.webbernaturals.com\/fr-fr\/cookie-settings\/","name":"Cookie Settings | Webber Naturals FR","isPartOf":{"@id":"https:\/\/www2.webbernaturals.com\/fr-fr\/#website"},"datePublished":"2025-06-20T19:12:52+00:00","dateModified":"2025-06-20T19:12:54+00:00","breadcrumb":{"@id":"https:\/\/www2.webbernaturals.com\/fr-fr\/cookie-settings\/#breadcrumb"},"inLanguage":"fr-FR","potentialAction":[{"@type":"ReadAction","target":["https:\/\/www2.webbernaturals.com\/fr-fr\/cookie-settings\/"]}]},{"@type":"BreadcrumbList","@id":"https:\/\/www2.webbernaturals.com\/fr-fr\/cookie-settings\/#breadcrumb","itemListElement":[{"@type":"ListItem","position":1,"name":"Home","item":"https:\/\/www2.webbernaturals.com\/fr-fr\/"},{"@type":"ListItem","position":2,"name":"Cookie Settings"}]},{"@type":"WebSite","@id":"https:\/\/www2.webbernaturals.com\/fr-fr\/#website","url":"https:\/\/www2.webbernaturals.com\/fr-fr\/","name":"Webber Naturals FR","description":"","publisher":{"@id":"https:\/\/www2.webbernaturals.com\/fr-fr\/#organization"},"potentialAction":[{"@type":"SearchAction","target":{"@type":"EntryPoint","urlTemplate":"https:\/\/www2.webbernaturals.com\/fr-fr\/?s={search_term_string}"},"query-input":{"@type":"PropertyValueSpecification","valueRequired":true,"valueName":"search_term_string"}}],"inLanguage":"fr-FR"},{"@type":"Organization","@id":"https:\/\/www2.webbernaturals.com\/fr-fr\/#organization","name":"Webber Naturals (France)","url":"https:\/\/www2.webbernaturals.com\/fr-fr\/","logo":{"@type":"ImageObject","inLanguage":"fr-FR","@id":"https:\/\/www2.webbernaturals.com\/fr-fr\/#\/schema\/logo\/image\/","url":"https:\/\/www2.webbernaturals.com\/fr-fr\/wp-content\/uploads\/sites\/11\/2019\/06\/webber-naturals-logo.png","contentUrl":"https:\/\/www2.webbernaturals.com\/fr-fr\/wp-content\/uploads\/sites\/11\/2019\/06\/webber-naturals-logo.png","width":755,"height":100,"caption":"Webber Naturals (France)"},"image":{"@id":"https:\/\/www2.webbernaturals.com\/fr-fr\/#\/schema\/logo\/image\/"}}]}},"_links":{"self":[{"href":"https:\/\/www2.webbernaturals.com\/fr-fr\/wp-json\/wp\/v2\/pages\/1173","targetHints":{"allow":["GET"]}}],"collection":[{"href":"https:\/\/www2.webbernaturals.com\/fr-fr\/wp-json\/wp\/v2\/pages"}],"about":[{"href":"https:\/\/www2.webbernaturals.com\/fr-fr\/wp-json\/wp\/v2\/types\/page"}],"author":[{"embeddable":true,"href":"https:\/\/www2.webbernaturals.com\/fr-fr\/wp-json\/wp\/v2\/users\/53"}],"replies":[{"embeddable":true,"href":"https:\/\/www2.webbernaturals.com\/fr-fr\/wp-json\/wp\/v2\/comments?post=1173"}],"version-history":[{"count":0,"href":"https:\/\/www2.webbernaturals.com\/fr-fr\/wp-json\/wp\/v2\/pages\/1173\/revisions"}],"wp:attachment":[{"href":"https:\/\/www2.webbernaturals.com\/fr-fr\/wp-json\/wp\/v2\/media?parent=1173"}],"curies":[{"name":"wp","href":"https:\/\/api.w.org\/{rel}","templated":true}]}}