{"id":77,"date":"2018-09-20T18:28:24","date_gmt":"2018-09-20T18:28:24","guid":{"rendered":"https:\/\/www2.webbernaturals.com\/es-es\/sustainability\/"},"modified":"2019-11-02T13:06:52","modified_gmt":"2019-11-02T20:06:52","slug":"sustainability","status":"publish","type":"page","link":"https:\/\/www2.webbernaturals.com\/es-es\/quality-promise\/sustainability\/","title":{"rendered":"Sostenibilidad"},"content":{"rendered":"<p>[et_pb_section bb_built=\u00bb1&#8243; _builder_version=\u00bb3.0.105&#8243; background_image=\u00bbhttps:\/\/www2.webbernaturals.com\/es-es\/wp-content\/uploads\/sites\/10\/2018\/12\/wn-sustainability-banner.jpg\u00bb next_background_color=\u00bb#ffffff\u00bb][et_pb_row _builder_version=\u00bb3.0.105&#8243;][et_pb_column type=\u00bb1_2&#8243;][et_pb_text admin_label=\u00bbpeople, planet, profit \u2013 is the foundation of Webber Naturals.\u00bb background_layout=\u00bbdark\u00bb _builder_version=\u00bb3.18.9&#8243; text_font=\u00bbMuseo Slab 500||||||||\u00bb text_font_size=\u00bb30px\u00bb text_text_color=\u00bb#ffffff\u00bb text_line_height=\u00bb1.1em\u00bb header_font_size=\u00bb40px\u00bb header_text_color=\u00bb#ffffff\u00bb custom_margin=\u00bb|||\u00bb custom_padding=\u00bb40px|40px||\u00bb]<\/p>\n<h1>La sostenibilidad<\/h1>\n<p>las personas, el planeta y las ganancias son la base de Webber Naturals.<\/p>\n<p>[\/et_pb_text][\/et_pb_column][et_pb_column type=\u00bb1_2&#8243;][\/et_pb_column][\/et_pb_row][\/et_pb_section][et_pb_section bb_built=\u00bb1&#8243; _builder_version=\u00bb3.0.47&#8243; prev_background_color=\u00bb#000000&#8243;][et_pb_row custom_padding=\u00bb0px|||\u00bb _builder_version=\u00bb3.0.105&#8243; background_size=\u00bbinitial\u00bb background_position=\u00bbtop_left\u00bb background_repeat=\u00bbrepeat\u00bb][et_pb_column type=\u00bb4_4&#8243;][et_pb_text _builder_version=\u00bb3.18.9&#8243; text_font=\u00bbMuseo Slab 500|300|||||||\u00bb text_font_size=\u00bb25px\u00bb text_text_color=\u00bb#782b90&#8243; text_line_height=\u00bb1.3em\u00bb]<\/p>\n<p>Nos esforzamos para disminuir la huella ambiental al hacer cambios que reducen los desperdicios y las emisiones de carbono, conservan la energ\u00eda y el agua, buscan certificaciones de sostenibilidad para nuestros productos y apoyan a las comunidades locales y globales.<\/p>\n<p>Nos enorgullece compartir algunas de las formas que demuestran nuestro compromiso con la elaboraci\u00f3n de productos naturales para la salud de calidad superior, al tiempo que trabajamos como guardianes de la Tierra.  <\/p>\n<p>[\/et_pb_text][\/et_pb_column][\/et_pb_row][et_pb_row _builder_version=\u00bb3.0.105&#8243;][et_pb_column type=\u00bb1_3&#8243;][et_pb_blurb admin_label=\u00bbProducts Rooted in the Best Raw Materials\u00bb title=\u00bbProductos que se originan en las mejores materias primas\u00bb image=\u00bbhttps:\/\/www2.webbernaturals.com\/es-es\/wp-content\/uploads\/sites\/10\/2018\/12\/sustainability-products-rooted.jpg\u00bb _builder_version=\u00bb3.0.105&#8243; header_level=\u00bbh3&#8243; header_font=\u00bb||||||||\u00bb header_font_size=\u00bb17px\u00bb header_text_color=\u00bb#782b90&#8243; body_font=\u00bb||||||||\u00bb body_font_size=\u00bb16px\u00bb]<\/p>\n<p>Ya sea que se cultiven en nuestras propias granjas o se compren cuidadosamente en otro lugar del mundo, comenzamos con las mejores materias primas disponibles. Nuestra gama de productos org\u00e1nicos, que incluye linaza molida en fr\u00edo y aceite de or\u00e9gano org\u00e1nico, es un testimonio de esta filosof\u00eda.<\/p>\n<p>[\/et_pb_blurb][\/et_pb_column][et_pb_column type=\u00bb1_3&#8243;][et_pb_blurb admin_label=\u00bbProducts Rooted in the Best Raw Materials\u00bb title=\u00bbRestos de c\u00e1psulas de gel que no se desperdician\u00bb image=\u00bbhttps:\/\/www2.webbernaturals.com\/es-es\/wp-content\/uploads\/sites\/10\/2018\/12\/sustainability-softgel.jpg\u00bb _builder_version=\u00bb3.0.105&#8243; header_level=\u00bbh3&#8243; header_font=\u00bb||||||||\u00bb header_font_size=\u00bb17px\u00bb header_text_color=\u00bb#782b90&#8243; body_font=\u00bb||||||||\u00bb body_font_size=\u00bb16px\u00bb]<\/p>\n<p>Los restos de las c\u00e1psulas de gel se revenden para aplicaciones no alimenticias (p. ej., a industrias de fabricaci\u00f3n de adhesivos).<\/p>\n<p>Gracias a ello, solo en un a\u00f1o, evitamos que aproximadamente 150 toneladas de restos fueran a parar al relleno sanitario.<\/p>\n<p>[\/et_pb_blurb][\/et_pb_column][et_pb_column type=\u00bb1_3&#8243;][et_pb_blurb admin_label=\u00bbConverting Manufacturing Waste\u00bb title=\u00bbResiduos de fabricaci\u00f3n que se convierten\u00bb image=\u00bbhttps:\/\/www2.webbernaturals.com\/es-es\/wp-content\/uploads\/sites\/10\/2018\/12\/sustainability-converting-manufacturing-waste.jpg\u00bb _builder_version=\u00bb3.0.105&#8243; header_level=\u00bbh3&#8243; header_font=\u00bb||||||||\u00bb header_font_size=\u00bb17px\u00bb header_text_color=\u00bb#782b90&#8243; body_font=\u00bb||||||||\u00bb body_font_size=\u00bb16px\u00bb]<\/p>\n<p>Los residuos org\u00e1nicos de fabricaci\u00f3n ya no se incineran, sino que se convierten en alimento para animales y abono org\u00e1nico que cuentan con la certificaci\u00f3n de la Agencia Canadiense de Inspecci\u00f3n de Alimentos (Canadian Food Inspection Agency, CFIA). Los residuos de envasado se recogen y convierten en bandejas de bebidas.<\/p>\n<p>[\/et_pb_blurb][\/et_pb_column][\/et_pb_row][et_pb_row _builder_version=\u00bb3.0.105&#8243;][et_pb_column type=\u00bb1_3&#8243;][et_pb_blurb admin_label=\u00bbGlobal Community Donations\u00bb title=\u00bbDonaciones a la comunidad global\u00bb image=\u00bbhttps:\/\/www2.webbernaturals.com\/es-es\/wp-content\/uploads\/sites\/10\/2018\/12\/sustainability-Global-Community.jpg\u00bb _builder_version=\u00bb3.0.105&#8243; header_level=\u00bbh3&#8243; header_font=\u00bb||||||||\u00bb header_font_size=\u00bb17px\u00bb header_text_color=\u00bb#782b90&#8243; body_font=\u00bb||||||||\u00bb body_font_size=\u00bb16px\u00bb]<\/p>\n<p>Contamos con una larga tradici\u00f3n de donaci\u00f3n de productos para que equipos m\u00e9dicos compuestos por estudiantes, m\u00e9dicos y enfermeros lleven en sus viajes de asistencia a cl\u00ednicas y hogares rurales en Rep\u00fablica Dominicana, Hait\u00ed y Nicaragua.<\/p>\n<p>[\/et_pb_blurb][\/et_pb_column][et_pb_column type=\u00bb1_3&#8243;][et_pb_blurb admin_label=\u00bbMarine Stewardship\u00bb title=\u00bbResponsabilidad marina\u00bb image=\u00bbhttps:\/\/www2.webbernaturals.com\/es-es\/wp-content\/uploads\/sites\/10\/2018\/12\/sustainability-Marine-Stewardship.jpg\u00bb _builder_version=\u00bb3.18.9&#8243; header_level=\u00bbh3&#8243; header_font_size=\u00bb17px\u00bb header_text_color=\u00bb#782b90&#8243; body_font_size=\u00bb16px\u00bb url=\u00bbhttps:\/\/ivopure.org\/\u00bb link_option_url=\u00bbhttps:\/\/ivopure.org\/\u00bb]<\/p>\n<p>Todos los aceites de pescado Webber Naturals cuentan con <a href=\"https:\/\/ivopure.org\/\">la certificaci\u00f3n IVO\u2122<\/a>. Nos hemos asociado con IVO para apoyar la diversificaci\u00f3n marina, la pesca regulada, la prevenci\u00f3n de la captura incidental, la protecci\u00f3n del h\u00e1bitat y la prevenci\u00f3n de la contaminaci\u00f3n. Nuestro aceite de kril tambi\u00e9n cuenta con la certificaci\u00f3n de Friends of the Sea\u00ae, que garantiza que la recolecci\u00f3n fue ejecutada por flotas reguladas de forma sostenible y responsable.<\/p>\n<p>[\/et_pb_blurb][\/et_pb_column][et_pb_column type=\u00bb1_3&#8243;][et_pb_blurb admin_label=\u00bbTackling Food Security\u00bb title=\u00bbEl abordaje de la seguridad alimentaria\u00bb image=\u00bbhttps:\/\/www2.webbernaturals.com\/es-es\/wp-content\/uploads\/sites\/10\/2018\/12\/sustainability-quest.jpg\u00bb _builder_version=\u00bb3.18.9&#8243; header_level=\u00bbh3&#8243; header_font_size=\u00bb17px\u00bb header_text_color=\u00bb#782b90&#8243; body_font_size=\u00bb16px\u00bb url=\u00bbhttp:\/\/www.questoutreach.org\/\u00bb link_option_url=\u00bbhttp:\/\/www.questoutreach.org\/\u00bb]<\/p>\n<p>Tenemos el orgullo de respaldar a organizaciones que abordan el desaf\u00edo de la seguridad alimentaria a nivel local y global. En 2016, <a href=\"http:\/\/www.questoutreach.org\/\">Quest\u00a0Food\u00a0Exchange<\/a> reconoci\u00f3 a nuestra empresa como su Socio\u00a0M\u00e1s\u00a0Valioso (<em>Most\u00a0Valuable\u00a0Partner<\/em>) por nuestro compromiso con ofrecer a personas con dificultades econ\u00f3micas de nuestra comunidad un acceso digno a las vitaminas.<\/p>\n<p>[\/et_pb_blurb][\/et_pb_column][\/et_pb_row][et_pb_row _builder_version=\u00bb3.0.105&#8243;][et_pb_column type=\u00bb1_3&#8243;][et_pb_blurb admin_label=\u00bbSwitching Paper to Reduce Emissions\u00bb title=\u00bbUn cambio en el uso de papel que reduce emisiones\u00bb image=\u00bbhttps:\/\/www2.webbernaturals.com\/es-es\/wp-content\/uploads\/sites\/10\/2018\/12\/sustainability-Sugar-sheet.jpg\u00bb _builder_version=\u00bb3.18.9&#8243; header_level=\u00bbh3&#8243; header_font_size=\u00bb17px\u00bb header_text_color=\u00bb#782b90&#8243; body_font_size=\u00bb16px\u00bb url=\u00bbhttps:\/\/www.socialprint.com\/products\/sugar-sheet\/\u00bb link_option_url=\u00bbhttps:\/\/www.socialprint.com\/products\/sugar-sheet\/\u00bb]<\/p>\n<p>Al pasar a usar los productos Wheat Sheet\u2122 y <a href=\"https:\/\/www.socialprint.com\/products\/sugar-sheet\/\">Sugar Sheet\u2122<\/a>, a base de elementos agr\u00edcolas y compuestos por un 30 % de contenido reciclado, reducimos las emisiones generadas por el uso de papel de oficina en aproximadamente un 40 %.<\/p>\n<p>[\/et_pb_blurb][\/et_pb_column][et_pb_column type=\u00bb1_3&#8243;][et_pb_blurb admin_label=\u00bbClimate Smart\u00bb title=\u00bbEmpresa certificada por Climate Smart\u00bb image=\u00bbhttps:\/\/www2.webbernaturals.com\/es-es\/wp-content\/uploads\/sites\/10\/2018\/12\/sustainability-climate-smart.jpg\u00bb _builder_version=\u00bb3.18.9&#8243; header_level=\u00bbh3&#8243; header_font_size=\u00bb17px\u00bb header_text_color=\u00bb#782b90&#8243; body_font_size=\u00bb16px\u00bb url=\u00bbhttps:\/\/climatesmartbusiness.com\/case-studies\/wn-pharmaceuticals-ltd\/\u00bb link_option_url=\u00bbhttps:\/\/climatesmartbusiness.com\/case-studies\/wn-pharmaceuticals-ltd\/\u00bb]<\/p>\n<p>Nuestra asociaci\u00f3n con Climate Smart nos ha ayudado a trazar un camino que asegure que continuaremos prosperando como empresa y cumpliendo con nuestros compromisos con la comunidad y el medio ambiente.<\/p>\n<p>[\/et_pb_blurb][\/et_pb_column][et_pb_column type=\u00bb1_3&#8243;][\/et_pb_column][\/et_pb_row][\/et_pb_section]<\/p>\n","protected":false},"excerpt":{"rendered":"<p>La sostenibilidad las personas, el planeta y las ganancias son la base de Webber Naturals. Nos esforzamos para disminuir la huella ambiental al hacer cambios que reducen los desperdicios y las emisiones de carbono, conservan la energ\u00eda y el agua, buscan certificaciones de sostenibilidad para nuestros productos y apoyan a las comunidades locales y globales.&hellip;<\/p>\n","protected":false},"author":5,"featured_media":0,"parent":74,"menu_order":0,"comment_status":"closed","ping_status":"closed","template":"","meta":{"_acf_changed":false,"_et_pb_use_builder":"on","_et_pb_old_content":"","_et_gb_content_width":"","protect_children":false,"footnotes":""},"class_list":["post-77","page","type-page","status-publish","hentry"],"acf":[],"yoast_head":"<!-- This site is optimized with the Yoast SEO Premium plugin v27.4 (Yoast SEO v27.4) - https:\/\/yoast.com\/product\/yoast-seo-premium-wordpress\/ -->\n<title>Sostenibilidad | Webber Naturals ES<\/title>\n<meta name=\"description\" content=\"Nos esforzamos para disminuir la huella ambiental al hacer cambios que reducen los desperdicios y las emisiones de carbono, conservan la energ\u00eda y el agua\" \/>\n<meta name=\"robots\" content=\"index, follow, max-snippet:-1, max-image-preview:large, max-video-preview:-1\" \/>\n<link rel=\"canonical\" href=\"https:\/\/www2.webbernaturals.com\/es-es\/quality-promise\/sustainability\/\" \/>\n<meta property=\"og:locale\" content=\"es_ES\" \/>\n<meta property=\"og:type\" content=\"article\" \/>\n<meta property=\"og:title\" content=\"Sostenibilidad\" \/>\n<meta property=\"og:description\" content=\"Nos esforzamos para disminuir la huella ambiental al hacer cambios que reducen los desperdicios y las emisiones de carbono, conservan la energ\u00eda y el agua\" \/>\n<meta property=\"og:url\" content=\"https:\/\/www2.webbernaturals.com\/es-es\/quality-promise\/sustainability\/\" \/>\n<meta property=\"og:site_name\" content=\"Webber Naturals ES\" \/>\n<meta property=\"article:modified_time\" content=\"2019-11-02T20:06:52+00:00\" \/>\n<meta name=\"twitter:card\" content=\"summary_large_image\" \/>\n<meta name=\"twitter:label1\" content=\"Tiempo de lectura\" \/>\n\t<meta name=\"twitter:data1\" content=\"6 minutos\" \/>\n<script type=\"application\/ld+json\" class=\"yoast-schema-graph\">{\"@context\":\"https:\\\/\\\/schema.org\",\"@graph\":[{\"@type\":\"WebPage\",\"@id\":\"https:\\\/\\\/www2.webbernaturals.com\\\/es-es\\\/quality-promise\\\/sustainability\\\/\",\"url\":\"https:\\\/\\\/www2.webbernaturals.com\\\/es-es\\\/quality-promise\\\/sustainability\\\/\",\"name\":\"Sostenibilidad | Webber Naturals ES\",\"isPartOf\":{\"@id\":\"https:\\\/\\\/www2.webbernaturals.com\\\/es-es\\\/#website\"},\"datePublished\":\"2018-09-20T18:28:24+00:00\",\"dateModified\":\"2019-11-02T20:06:52+00:00\",\"description\":\"Nos esforzamos para disminuir la huella ambiental al hacer cambios que reducen los desperdicios y las emisiones de carbono, conservan la energ\u00eda y el agua\",\"breadcrumb\":{\"@id\":\"https:\\\/\\\/www2.webbernaturals.com\\\/es-es\\\/quality-promise\\\/sustainability\\\/#breadcrumb\"},\"inLanguage\":\"es\",\"potentialAction\":[{\"@type\":\"ReadAction\",\"target\":[\"https:\\\/\\\/www2.webbernaturals.com\\\/es-es\\\/quality-promise\\\/sustainability\\\/\"]}]},{\"@type\":\"BreadcrumbList\",\"@id\":\"https:\\\/\\\/www2.webbernaturals.com\\\/es-es\\\/quality-promise\\\/sustainability\\\/#breadcrumb\",\"itemListElement\":[{\"@type\":\"ListItem\",\"position\":1,\"name\":\"Home\",\"item\":\"https:\\\/\\\/www2.webbernaturals.com\\\/es-es\\\/\"},{\"@type\":\"ListItem\",\"position\":2,\"name\":\"Una promesa de calidad\",\"item\":\"https:\\\/\\\/www2.webbernaturals.com\\\/es-es\\\/quality-promise\\\/\"},{\"@type\":\"ListItem\",\"position\":3,\"name\":\"Sostenibilidad\"}]},{\"@type\":\"WebSite\",\"@id\":\"https:\\\/\\\/www2.webbernaturals.com\\\/es-es\\\/#website\",\"url\":\"https:\\\/\\\/www2.webbernaturals.com\\\/es-es\\\/\",\"name\":\"Webber Naturals (Espa\u00f1a)\",\"description\":\"\",\"publisher\":{\"@id\":\"https:\\\/\\\/www2.webbernaturals.com\\\/es-es\\\/#organization\"},\"potentialAction\":[{\"@type\":\"SearchAction\",\"target\":{\"@type\":\"EntryPoint\",\"urlTemplate\":\"https:\\\/\\\/www2.webbernaturals.com\\\/es-es\\\/?s={search_term_string}\"},\"query-input\":{\"@type\":\"PropertyValueSpecification\",\"valueRequired\":true,\"valueName\":\"search_term_string\"}}],\"inLanguage\":\"es\"},{\"@type\":\"Organization\",\"@id\":\"https:\\\/\\\/www2.webbernaturals.com\\\/es-es\\\/#organization\",\"name\":\"Webber Naturals (Espa\u00f1a)\",\"url\":\"https:\\\/\\\/www2.webbernaturals.com\\\/es-es\\\/\",\"logo\":{\"@type\":\"ImageObject\",\"inLanguage\":\"es\",\"@id\":\"https:\\\/\\\/www2.webbernaturals.com\\\/es-es\\\/#\\\/schema\\\/logo\\\/image\\\/\",\"url\":\"https:\\\/\\\/www2.webbernaturals.com\\\/es-es\\\/wp-content\\\/uploads\\\/sites\\\/10\\\/2019\\\/06\\\/webber-naturals-logo.png\",\"contentUrl\":\"https:\\\/\\\/www2.webbernaturals.com\\\/es-es\\\/wp-content\\\/uploads\\\/sites\\\/10\\\/2019\\\/06\\\/webber-naturals-logo.png\",\"width\":755,\"height\":100,\"caption\":\"Webber Naturals (Espa\u00f1a)\"},\"image\":{\"@id\":\"https:\\\/\\\/www2.webbernaturals.com\\\/es-es\\\/#\\\/schema\\\/logo\\\/image\\\/\"}}]}<\/script>\n<!-- \/ Yoast SEO Premium plugin. -->","yoast_head_json":{"title":"Sostenibilidad | Webber Naturals ES","description":"Nos esforzamos para disminuir la huella ambiental al hacer cambios que reducen los desperdicios y las emisiones de carbono, conservan la energ\u00eda y el agua","robots":{"index":"index","follow":"follow","max-snippet":"max-snippet:-1","max-image-preview":"max-image-preview:large","max-video-preview":"max-video-preview:-1"},"canonical":"https:\/\/www2.webbernaturals.com\/es-es\/quality-promise\/sustainability\/","og_locale":"es_ES","og_type":"article","og_title":"Sostenibilidad","og_description":"Nos esforzamos para disminuir la huella ambiental al hacer cambios que reducen los desperdicios y las emisiones de carbono, conservan la energ\u00eda y el agua","og_url":"https:\/\/www2.webbernaturals.com\/es-es\/quality-promise\/sustainability\/","og_site_name":"Webber Naturals ES","article_modified_time":"2019-11-02T20:06:52+00:00","twitter_card":"summary_large_image","twitter_misc":{"Tiempo de lectura":"6 minutos"},"schema":{"@context":"https:\/\/schema.org","@graph":[{"@type":"WebPage","@id":"https:\/\/www2.webbernaturals.com\/es-es\/quality-promise\/sustainability\/","url":"https:\/\/www2.webbernaturals.com\/es-es\/quality-promise\/sustainability\/","name":"Sostenibilidad | Webber Naturals ES","isPartOf":{"@id":"https:\/\/www2.webbernaturals.com\/es-es\/#website"},"datePublished":"2018-09-20T18:28:24+00:00","dateModified":"2019-11-02T20:06:52+00:00","description":"Nos esforzamos para disminuir la huella ambiental al hacer cambios que reducen los desperdicios y las emisiones de carbono, conservan la energ\u00eda y el agua","breadcrumb":{"@id":"https:\/\/www2.webbernaturals.com\/es-es\/quality-promise\/sustainability\/#breadcrumb"},"inLanguage":"es","potentialAction":[{"@type":"ReadAction","target":["https:\/\/www2.webbernaturals.com\/es-es\/quality-promise\/sustainability\/"]}]},{"@type":"BreadcrumbList","@id":"https:\/\/www2.webbernaturals.com\/es-es\/quality-promise\/sustainability\/#breadcrumb","itemListElement":[{"@type":"ListItem","position":1,"name":"Home","item":"https:\/\/www2.webbernaturals.com\/es-es\/"},{"@type":"ListItem","position":2,"name":"Una promesa de calidad","item":"https:\/\/www2.webbernaturals.com\/es-es\/quality-promise\/"},{"@type":"ListItem","position":3,"name":"Sostenibilidad"}]},{"@type":"WebSite","@id":"https:\/\/www2.webbernaturals.com\/es-es\/#website","url":"https:\/\/www2.webbernaturals.com\/es-es\/","name":"Webber Naturals (Espa\u00f1a)","description":"","publisher":{"@id":"https:\/\/www2.webbernaturals.com\/es-es\/#organization"},"potentialAction":[{"@type":"SearchAction","target":{"@type":"EntryPoint","urlTemplate":"https:\/\/www2.webbernaturals.com\/es-es\/?s={search_term_string}"},"query-input":{"@type":"PropertyValueSpecification","valueRequired":true,"valueName":"search_term_string"}}],"inLanguage":"es"},{"@type":"Organization","@id":"https:\/\/www2.webbernaturals.com\/es-es\/#organization","name":"Webber Naturals (Espa\u00f1a)","url":"https:\/\/www2.webbernaturals.com\/es-es\/","logo":{"@type":"ImageObject","inLanguage":"es","@id":"https:\/\/www2.webbernaturals.com\/es-es\/#\/schema\/logo\/image\/","url":"https:\/\/www2.webbernaturals.com\/es-es\/wp-content\/uploads\/sites\/10\/2019\/06\/webber-naturals-logo.png","contentUrl":"https:\/\/www2.webbernaturals.com\/es-es\/wp-content\/uploads\/sites\/10\/2019\/06\/webber-naturals-logo.png","width":755,"height":100,"caption":"Webber Naturals (Espa\u00f1a)"},"image":{"@id":"https:\/\/www2.webbernaturals.com\/es-es\/#\/schema\/logo\/image\/"}}]}},"_links":{"self":[{"href":"https:\/\/www2.webbernaturals.com\/es-es\/wp-json\/wp\/v2\/pages\/77","targetHints":{"allow":["GET"]}}],"collection":[{"href":"https:\/\/www2.webbernaturals.com\/es-es\/wp-json\/wp\/v2\/pages"}],"about":[{"href":"https:\/\/www2.webbernaturals.com\/es-es\/wp-json\/wp\/v2\/types\/page"}],"author":[{"embeddable":true,"href":"https:\/\/www2.webbernaturals.com\/es-es\/wp-json\/wp\/v2\/users\/5"}],"replies":[{"embeddable":true,"href":"https:\/\/www2.webbernaturals.com\/es-es\/wp-json\/wp\/v2\/comments?post=77"}],"version-history":[{"count":0,"href":"https:\/\/www2.webbernaturals.com\/es-es\/wp-json\/wp\/v2\/pages\/77\/revisions"}],"up":[{"embeddable":true,"href":"https:\/\/www2.webbernaturals.com\/es-es\/wp-json\/wp\/v2\/pages\/74"}],"wp:attachment":[{"href":"https:\/\/www2.webbernaturals.com\/es-es\/wp-json\/wp\/v2\/media?parent=77"}],"curies":[{"name":"wp","href":"https:\/\/api.w.org\/{rel}","templated":true}]}}