{"id":75,"date":"2018-09-20T18:25:41","date_gmt":"2018-09-20T18:25:41","guid":{"rendered":"https:\/\/www2.webbernaturals.com\/es-es\/our-story\/"},"modified":"2019-11-12T09:22:54","modified_gmt":"2019-11-12T17:22:54","slug":"our-story","status":"publish","type":"page","link":"https:\/\/www2.webbernaturals.com\/es-es\/quality-promise\/our-story\/","title":{"rendered":"Nuestra historia"},"content":{"rendered":"<p>[et_pb_section bb_built=\u00bb1&#8243; fullwidth=\u00bbon\u00bb _builder_version=\u00bb3.0.105&#8243; next_background_color=\u00bb#000000&#8243; module_class=\u00bbour-story-banner\u00bb][et_pb_fullwidth_slider admin_label=\u00bbFullwidth Slider -You Know Us, \u00bb _builder_version=\u00bb3.18.9&#8243; box_shadow_blur=\u00bb10px\u00bb box_shadow_color=\u00bbrgba(0,0,0,0.1)\u00bb header_level=\u00bbh1&#8243; header_font=\u00bbMuseo Slab 500|500|||||||\u00bb header_font_size=\u00bb50&#8243; header_font_size_tablet=\u00bb30&#8243; header_font_size_last_edited=\u00bbon|tablet\u00bb button_text_size__hover_enabled=\u00bboff\u00bb button_text_size__hover=\u00bbnull\u00bb button_one_text_size__hover_enabled=\u00bboff\u00bb button_one_text_size__hover=\u00bbnull\u00bb button_two_text_size__hover_enabled=\u00bboff\u00bb button_two_text_size__hover=\u00bbnull\u00bb button_text_color__hover_enabled=\u00bboff\u00bb button_text_color__hover=\u00bbnull\u00bb button_one_text_color__hover_enabled=\u00bboff\u00bb button_one_text_color__hover=\u00bbnull\u00bb button_two_text_color__hover_enabled=\u00bboff\u00bb button_two_text_color__hover=\u00bbnull\u00bb button_border_width__hover_enabled=\u00bboff\u00bb button_border_width__hover=\u00bbnull\u00bb button_one_border_width__hover_enabled=\u00bboff\u00bb button_one_border_width__hover=\u00bbnull\u00bb button_two_border_width__hover_enabled=\u00bboff\u00bb button_two_border_width__hover=\u00bbnull\u00bb button_border_color__hover_enabled=\u00bboff\u00bb button_border_color__hover=\u00bbnull\u00bb button_one_border_color__hover_enabled=\u00bboff\u00bb button_one_border_color__hover=\u00bbnull\u00bb button_two_border_color__hover_enabled=\u00bboff\u00bb button_two_border_color__hover=\u00bbnull\u00bb button_border_radius__hover_enabled=\u00bboff\u00bb button_border_radius__hover=\u00bbnull\u00bb button_one_border_radius__hover_enabled=\u00bboff\u00bb button_one_border_radius__hover=\u00bbnull\u00bb button_two_border_radius__hover_enabled=\u00bboff\u00bb button_two_border_radius__hover=\u00bbnull\u00bb button_letter_spacing__hover_enabled=\u00bboff\u00bb button_letter_spacing__hover=\u00bbnull\u00bb button_one_letter_spacing__hover_enabled=\u00bboff\u00bb button_one_letter_spacing__hover=\u00bbnull\u00bb button_two_letter_spacing__hover_enabled=\u00bboff\u00bb button_two_letter_spacing__hover=\u00bbnull\u00bb button_bg_color__hover_enabled=\u00bboff\u00bb button_bg_color__hover=\u00bbnull\u00bb button_one_bg_color__hover_enabled=\u00bboff\u00bb button_one_bg_color__hover=\u00bbnull\u00bb button_two_bg_color__hover_enabled=\u00bboff\u00bb button_two_bg_color__hover=\u00bbnull\u00bb][et_pb_slide use_bg_overlay=\u00bboff\u00bb use_text_overlay=\u00bboff\u00bb _builder_version=\u00bb3.18.9&#8243; header_line_height=\u00bb1.2px\u00bb background_image=\u00bbhttps:\/\/www2.webbernaturals.com\/en-ca\/wp-content\/uploads\/sites\/2\/2017\/12\/webber-naturals-home-slider-en.jpg\u00bb text_orientation=\u00bbleft\u00bb use_background_color_gradient=\u00bboff\u00bb background_color_gradient_start=\u00bb#2b87da\u00bb background_color_gradient_end=\u00bb#29c4a9&#8243; background_color_gradient_type=\u00bblinear\u00bb background_color_gradient_direction=\u00bb180deg\u00bb background_color_gradient_direction_radial=\u00bbcenter\u00bb background_color_gradient_start_position=\u00bb0%\u00bb background_color_gradient_end_position=\u00bb100%\u00bb background_color_gradient_overlays_image=\u00bboff\u00bb parallax=\u00bboff\u00bb parallax_method=\u00bbon\u00bb background_size=\u00bbcover\u00bb background_position=\u00bbcenter\u00bb background_repeat=\u00bbno-repeat\u00bb background_blend=\u00bbnormal\u00bb allow_player_pause=\u00bboff\u00bb background_video_pause_outside_viewport=\u00bbon\u00bb text_border_radius=\u00bb3&#8243; alignment=\u00bbcenter\u00bb child_filter_hue_rotate=\u00bb0deg\u00bb child_filter_saturate=\u00bb100%\u00bb child_filter_brightness=\u00bb100%\u00bb child_filter_contrast=\u00bb100%\u00bb child_filter_invert=\u00bb0%\u00bb child_filter_sepia=\u00bb0%\u00bb child_filter_opacity=\u00bb100%\u00bb child_filter_blur=\u00bb0px\u00bb child_mix_blend_mode=\u00bbnormal\u00bb background_layout=\u00bbdark\u00bb text_shadow_style=\u00bbnone\u00bb header_font_size_tablet=\u00bb50&#8243; header_font_size_phone=\u00bb50&#8243; header_line_height_tablet=\u00bb1.2px\u00bb header_line_height_phone=\u00bb1.2px\u00bb header_text_shadow_style=\u00bbnone\u00bb body_text_shadow_style=\u00bbnone\u00bb custom_button=\u00bboff\u00bb button_bg_use_color_gradient=\u00bboff\u00bb button_bg_color_gradient_overlays_image=\u00bboff\u00bb button_use_icon=\u00bbon\u00bb button_on_hover=\u00bbon\u00bb button_text_shadow_style=\u00bbnone\u00bb box_shadow_style_button=\u00bbnone\u00bb text_shadow_horizontal_length=\u00bb0em\u00bb text_shadow_vertical_length=\u00bb0em\u00bb text_shadow_blur_strength=\u00bb0em\u00bb header_text_shadow_horizontal_length=\u00bb0em\u00bb header_text_shadow_vertical_length=\u00bb0em\u00bb header_text_shadow_blur_strength=\u00bb0em\u00bb body_text_shadow_horizontal_length=\u00bb0em\u00bb body_text_shadow_vertical_length=\u00bb0em\u00bb body_text_shadow_blur_strength=\u00bb0em\u00bb button_text_shadow_horizontal_length=\u00bb0em\u00bb button_text_shadow_vertical_length=\u00bb0em\u00bb button_text_shadow_blur_strength=\u00bb0em\u00bb admin_title=\u00bbtext &#8211; You Know Us, \u00bb button_link=\u00bb#\u00bb url_new_window=\u00bboff\u00bb link_option_url_new_window=\u00bboff\u00bb background_color=\u00bb#2ea3f2&#8243; header_font=\u00bb||||||||\u00bb hover_transition_duration=\u00bb300ms\u00bb hover_transition_delay=\u00bb0ms\u00bb hover_transition_speed_curve=\u00bbease\u00bb]<\/p>\n<h3>Usted nos conoce, crecimos en el mismo barrio.<\/h3>\n<p>[\/et_pb_slide][\/et_pb_fullwidth_slider][\/et_pb_section][et_pb_section bb_built=\u00bb1&#8243; _builder_version=\u00bb3.0.105&#8243; prev_background_color=\u00bb#000000&#8243; next_background_color=\u00bb#000000&#8243;][et_pb_row _builder_version=\u00bb3.0.105&#8243; background_size=\u00bbinitial\u00bb background_position=\u00bbtop_left\u00bb background_repeat=\u00bbrepeat\u00bb][et_pb_column type=\u00bb1_3&#8243;][et_pb_image src=\u00bbhttps:\/\/www2.webbernaturals.com\/en-ca\/wp-content\/uploads\/sites\/2\/2017\/12\/mountain-icon.jpg\u00bb align=\u00bbcenter\u00bb _builder_version=\u00bb3.0.90&#8243;]<\/p>\n<p>\n&nbsp;<\/p>\n<p>[\/et_pb_image][\/et_pb_column][et_pb_column type=\u00bb2_3&#8243;][et_pb_text admin_label=\u00bbTitle &#8211; We\u2019ve been providing supplements \u00bb _builder_version=\u00bb3.18.9&#8243; header_text_color=\u00bb#782a90&#8243; header_3_text_color=\u00bb#782b90&#8243; background_layout=\u00bblight\u00bb]<\/p>\n<h1><strong>Hace m\u00e1s de 50 a\u00f1os que elaboramos suplementos para las familias norteamericanas.<\/strong><\/h1>\n<p>[\/et_pb_text][et_pb_text admin_label=\u00bbText &#8211; You will find Webber Naturals labels \u00bb _builder_version=\u00bb3.18.9&#8243;]<\/p>\n<p>Puede encontrar etiquetas de Webber Naturals en los estantes de las farmacias, almacenes y otros reconocidos negocios minoristas de su barrio. Si viniera a visitarnos, descubrir\u00eda que Webber Naturals forma parte de una familia m\u00e1s amplia de productos naturales y que se trata de uno de los fabricantes m\u00e1s grandes de Norteam\u00e9rica en materia de suplementos y productos alimenticios saludables de calidad.<\/p>\n<p>[\/et_pb_text][\/et_pb_column][\/et_pb_row][\/et_pb_section][et_pb_section bb_built=\u00bb1&#8243; fullwidth=\u00bbon\u00bb _builder_version=\u00bb3.0.47&#8243; prev_background_color=\u00bb#000000&#8243; next_background_color=\u00bb#000000&#8243;][et_pb_fullwidth_image src=\u00bbhttps:\/\/www2.webbernaturals.com\/en-ca\/wp-content\/uploads\/sites\/2\/2017\/12\/webber-naturals-home-bodyimage-en.jpg\u00bb _builder_version=\u00bb3.0.105&#8243;]<\/p>\n<p>\n&nbsp;<\/p>\n<p>[\/et_pb_fullwidth_image][\/et_pb_section][et_pb_section bb_built=\u00bb1&#8243; _builder_version=\u00bb3.0.105&#8243; prev_background_color=\u00bb#000000&#8243;][et_pb_row _builder_version=\u00bb3.0.47&#8243; background_size=\u00bbinitial\u00bb background_position=\u00bbtop_left\u00bb background_repeat=\u00bbrepeat\u00bb][et_pb_column type=\u00bb1_2&#8243;][et_pb_text admin_label=\u00bbTitle &#8211; Organic, Non-GMO Farming in the Okanagan Valley\u00bb _builder_version=\u00bb3.18.9&#8243; header_3_text_color=\u00bb#782b90&#8243;]<\/p>\n<h2><strong>Cultivos org\u00e1nicos, sin modificaciones gen\u00e9ticas, en el valle de Okanagan<\/strong><\/h2>\n<p>[\/et_pb_text][et_pb_text admin_label=\u00bbText &#8211; We currently have hundreds of acres \u00bb _builder_version=\u00bb3.0.105&#8243; header_3_text_color=\u00bb#782b90&#8243; background_layout=\u00bblight\u00bb]<\/p>\n<p>\nEn este momento contamos con cientos de hect\u00e1reas de tierras cultivables org\u00e1nicas en el bello valle de Okanagan de Columbia Brit\u00e1nica, en Canad\u00e1, donde cultivamos, cosechamos y procesamos nuestras propias hierbas y plantas org\u00e1nicas y sin modificaciones gen\u00e9ticas. Las plantas son cosechadas a mano cuando sus componentes activos est\u00e1n en su punto m\u00e1ximo y se procesan inmediatamente en nuestras propias instalaciones locales.<\/p>\n<p>Ya sea que nuestros extractos herbales y vegetales provengan de nuestras propias granjas o de fuentes confiables de todo el mundo, Webber Naturals garantiza los m\u00e1s elevados est\u00e1ndares de calidad, y pureza y potencia. \u00bfC\u00f3mo? Al controlar cada una de las etapas, desde la semilla hasta el estante del comercio y a trav\u00e9s de nuestro liderazgo en materia de tecnolog\u00eda de control de calidad en la industria; esto incluye los ensayos de modificaciones gen\u00e9ticas a materiales que no cultivamos nosotros. Conozca m\u00e1s acerca de nuestros rigurosos procedimientos de ensayo.<\/p>\n<p>[\/et_pb_text][\/et_pb_column][et_pb_column type=\u00bb1_2&#8243;][et_pb_text admin_label=\u00bbText &#8211; We shop the world for the best ingredients\u00bb _builder_version=\u00bb3.18.9&#8243; text_font=\u00bb|600|||||||\u00bb text_font_size=\u00bb30px\u00bb text_text_color=\u00bb#782b90&#8243; text_line_height=\u00bb1.8em\u00bb header_font=\u00bbMuseo Slab 500|500|||||||\u00bb header_font_size=\u00bb40px\u00bb header_font_size_tablet=\u00bb30px\u00bb header_font_size_last_edited=\u00bbon|tablet\u00bb]<\/p>\n<h2>Buscamos los mejores ingredientes en todo el mundo, luego elaboramos las f\u00f3rmulas, los procesamos y los ensayamos para que usted pueda comprar excelentes suplementos y obtener un valor estupendo.<\/h2>\n<p>[\/et_pb_text][\/et_pb_column][\/et_pb_row][\/et_pb_section]<\/p>\n","protected":false},"excerpt":{"rendered":"<p>Usted nos conoce, crecimos en el mismo barrio. &nbsp; Hace m\u00e1s de 50 a\u00f1os que elaboramos suplementos para las familias norteamericanas. Puede encontrar etiquetas de Webber Naturals en los estantes de las farmacias, almacenes y otros reconocidos negocios minoristas de su barrio. Si viniera a visitarnos, descubrir\u00eda que Webber Naturals forma parte de una familia&hellip;<\/p>\n","protected":false},"author":5,"featured_media":0,"parent":74,"menu_order":0,"comment_status":"closed","ping_status":"closed","template":"","meta":{"_acf_changed":false,"_et_pb_use_builder":"on","_et_pb_old_content":"","_et_gb_content_width":"","protect_children":false,"footnotes":""},"class_list":["post-75","page","type-page","status-publish","hentry"],"acf":[],"yoast_head":"<!-- This site is optimized with the Yoast SEO Premium plugin v27.3 (Yoast SEO v27.3) - https:\/\/yoast.com\/product\/yoast-seo-premium-wordpress\/ -->\n<title>Nuestra historia | Webber Naturals ES<\/title>\n<meta name=\"description\" content=\"Puede encontrar etiquetas de Webber Naturals en los estantes de las farmacias, almacenes y otros reconocidos negocios minoristas de su barrio.\" \/>\n<meta name=\"robots\" content=\"index, follow, max-snippet:-1, max-image-preview:large, max-video-preview:-1\" \/>\n<link rel=\"canonical\" href=\"https:\/\/www2.webbernaturals.com\/es-es\/quality-promise\/our-story\/\" \/>\n<meta property=\"og:locale\" content=\"es_ES\" \/>\n<meta property=\"og:type\" content=\"article\" \/>\n<meta property=\"og:title\" content=\"Nuestra historia\" \/>\n<meta property=\"og:description\" content=\"Puede encontrar etiquetas de Webber Naturals en los estantes de las farmacias, almacenes y otros reconocidos negocios minoristas de su barrio.\" \/>\n<meta property=\"og:url\" content=\"https:\/\/www2.webbernaturals.com\/es-es\/quality-promise\/our-story\/\" \/>\n<meta property=\"og:site_name\" content=\"Webber Naturals ES\" \/>\n<meta property=\"article:modified_time\" content=\"2019-11-12T17:22:54+00:00\" \/>\n<meta name=\"twitter:card\" content=\"summary_large_image\" \/>\n<meta name=\"twitter:label1\" content=\"Tiempo de lectura\" \/>\n\t<meta name=\"twitter:data1\" content=\"6 minutos\" \/>\n<script type=\"application\/ld+json\" class=\"yoast-schema-graph\">{\"@context\":\"https:\\\/\\\/schema.org\",\"@graph\":[{\"@type\":\"WebPage\",\"@id\":\"https:\\\/\\\/www2.webbernaturals.com\\\/es-es\\\/quality-promise\\\/our-story\\\/\",\"url\":\"https:\\\/\\\/www2.webbernaturals.com\\\/es-es\\\/quality-promise\\\/our-story\\\/\",\"name\":\"Nuestra historia | Webber Naturals ES\",\"isPartOf\":{\"@id\":\"https:\\\/\\\/www2.webbernaturals.com\\\/es-es\\\/#website\"},\"datePublished\":\"2018-09-20T18:25:41+00:00\",\"dateModified\":\"2019-11-12T17:22:54+00:00\",\"description\":\"Puede encontrar etiquetas de Webber Naturals en los estantes de las farmacias, almacenes y otros reconocidos negocios minoristas de su barrio.\",\"breadcrumb\":{\"@id\":\"https:\\\/\\\/www2.webbernaturals.com\\\/es-es\\\/quality-promise\\\/our-story\\\/#breadcrumb\"},\"inLanguage\":\"es\",\"potentialAction\":[{\"@type\":\"ReadAction\",\"target\":[\"https:\\\/\\\/www2.webbernaturals.com\\\/es-es\\\/quality-promise\\\/our-story\\\/\"]}]},{\"@type\":\"BreadcrumbList\",\"@id\":\"https:\\\/\\\/www2.webbernaturals.com\\\/es-es\\\/quality-promise\\\/our-story\\\/#breadcrumb\",\"itemListElement\":[{\"@type\":\"ListItem\",\"position\":1,\"name\":\"Home\",\"item\":\"https:\\\/\\\/www2.webbernaturals.com\\\/es-es\\\/\"},{\"@type\":\"ListItem\",\"position\":2,\"name\":\"Una promesa de calidad\",\"item\":\"https:\\\/\\\/www2.webbernaturals.com\\\/es-es\\\/quality-promise\\\/\"},{\"@type\":\"ListItem\",\"position\":3,\"name\":\"Nuestra historia\"}]},{\"@type\":\"WebSite\",\"@id\":\"https:\\\/\\\/www2.webbernaturals.com\\\/es-es\\\/#website\",\"url\":\"https:\\\/\\\/www2.webbernaturals.com\\\/es-es\\\/\",\"name\":\"Webber Naturals (Espa\u00f1a)\",\"description\":\"\",\"publisher\":{\"@id\":\"https:\\\/\\\/www2.webbernaturals.com\\\/es-es\\\/#organization\"},\"potentialAction\":[{\"@type\":\"SearchAction\",\"target\":{\"@type\":\"EntryPoint\",\"urlTemplate\":\"https:\\\/\\\/www2.webbernaturals.com\\\/es-es\\\/?s={search_term_string}\"},\"query-input\":{\"@type\":\"PropertyValueSpecification\",\"valueRequired\":true,\"valueName\":\"search_term_string\"}}],\"inLanguage\":\"es\"},{\"@type\":\"Organization\",\"@id\":\"https:\\\/\\\/www2.webbernaturals.com\\\/es-es\\\/#organization\",\"name\":\"Webber Naturals (Espa\u00f1a)\",\"url\":\"https:\\\/\\\/www2.webbernaturals.com\\\/es-es\\\/\",\"logo\":{\"@type\":\"ImageObject\",\"inLanguage\":\"es\",\"@id\":\"https:\\\/\\\/www2.webbernaturals.com\\\/es-es\\\/#\\\/schema\\\/logo\\\/image\\\/\",\"url\":\"https:\\\/\\\/www2.webbernaturals.com\\\/es-es\\\/wp-content\\\/uploads\\\/sites\\\/10\\\/2019\\\/06\\\/webber-naturals-logo.png\",\"contentUrl\":\"https:\\\/\\\/www2.webbernaturals.com\\\/es-es\\\/wp-content\\\/uploads\\\/sites\\\/10\\\/2019\\\/06\\\/webber-naturals-logo.png\",\"width\":755,\"height\":100,\"caption\":\"Webber Naturals (Espa\u00f1a)\"},\"image\":{\"@id\":\"https:\\\/\\\/www2.webbernaturals.com\\\/es-es\\\/#\\\/schema\\\/logo\\\/image\\\/\"}}]}<\/script>\n<!-- \/ Yoast SEO Premium plugin. -->","yoast_head_json":{"title":"Nuestra historia | Webber Naturals ES","description":"Puede encontrar etiquetas de Webber Naturals en los estantes de las farmacias, almacenes y otros reconocidos negocios minoristas de su barrio.","robots":{"index":"index","follow":"follow","max-snippet":"max-snippet:-1","max-image-preview":"max-image-preview:large","max-video-preview":"max-video-preview:-1"},"canonical":"https:\/\/www2.webbernaturals.com\/es-es\/quality-promise\/our-story\/","og_locale":"es_ES","og_type":"article","og_title":"Nuestra historia","og_description":"Puede encontrar etiquetas de Webber Naturals en los estantes de las farmacias, almacenes y otros reconocidos negocios minoristas de su barrio.","og_url":"https:\/\/www2.webbernaturals.com\/es-es\/quality-promise\/our-story\/","og_site_name":"Webber Naturals ES","article_modified_time":"2019-11-12T17:22:54+00:00","twitter_card":"summary_large_image","twitter_misc":{"Tiempo de lectura":"6 minutos"},"schema":{"@context":"https:\/\/schema.org","@graph":[{"@type":"WebPage","@id":"https:\/\/www2.webbernaturals.com\/es-es\/quality-promise\/our-story\/","url":"https:\/\/www2.webbernaturals.com\/es-es\/quality-promise\/our-story\/","name":"Nuestra historia | Webber Naturals ES","isPartOf":{"@id":"https:\/\/www2.webbernaturals.com\/es-es\/#website"},"datePublished":"2018-09-20T18:25:41+00:00","dateModified":"2019-11-12T17:22:54+00:00","description":"Puede encontrar etiquetas de Webber Naturals en los estantes de las farmacias, almacenes y otros reconocidos negocios minoristas de su barrio.","breadcrumb":{"@id":"https:\/\/www2.webbernaturals.com\/es-es\/quality-promise\/our-story\/#breadcrumb"},"inLanguage":"es","potentialAction":[{"@type":"ReadAction","target":["https:\/\/www2.webbernaturals.com\/es-es\/quality-promise\/our-story\/"]}]},{"@type":"BreadcrumbList","@id":"https:\/\/www2.webbernaturals.com\/es-es\/quality-promise\/our-story\/#breadcrumb","itemListElement":[{"@type":"ListItem","position":1,"name":"Home","item":"https:\/\/www2.webbernaturals.com\/es-es\/"},{"@type":"ListItem","position":2,"name":"Una promesa de calidad","item":"https:\/\/www2.webbernaturals.com\/es-es\/quality-promise\/"},{"@type":"ListItem","position":3,"name":"Nuestra historia"}]},{"@type":"WebSite","@id":"https:\/\/www2.webbernaturals.com\/es-es\/#website","url":"https:\/\/www2.webbernaturals.com\/es-es\/","name":"Webber Naturals (Espa\u00f1a)","description":"","publisher":{"@id":"https:\/\/www2.webbernaturals.com\/es-es\/#organization"},"potentialAction":[{"@type":"SearchAction","target":{"@type":"EntryPoint","urlTemplate":"https:\/\/www2.webbernaturals.com\/es-es\/?s={search_term_string}"},"query-input":{"@type":"PropertyValueSpecification","valueRequired":true,"valueName":"search_term_string"}}],"inLanguage":"es"},{"@type":"Organization","@id":"https:\/\/www2.webbernaturals.com\/es-es\/#organization","name":"Webber Naturals (Espa\u00f1a)","url":"https:\/\/www2.webbernaturals.com\/es-es\/","logo":{"@type":"ImageObject","inLanguage":"es","@id":"https:\/\/www2.webbernaturals.com\/es-es\/#\/schema\/logo\/image\/","url":"https:\/\/www2.webbernaturals.com\/es-es\/wp-content\/uploads\/sites\/10\/2019\/06\/webber-naturals-logo.png","contentUrl":"https:\/\/www2.webbernaturals.com\/es-es\/wp-content\/uploads\/sites\/10\/2019\/06\/webber-naturals-logo.png","width":755,"height":100,"caption":"Webber Naturals (Espa\u00f1a)"},"image":{"@id":"https:\/\/www2.webbernaturals.com\/es-es\/#\/schema\/logo\/image\/"}}]}},"_links":{"self":[{"href":"https:\/\/www2.webbernaturals.com\/es-es\/wp-json\/wp\/v2\/pages\/75","targetHints":{"allow":["GET"]}}],"collection":[{"href":"https:\/\/www2.webbernaturals.com\/es-es\/wp-json\/wp\/v2\/pages"}],"about":[{"href":"https:\/\/www2.webbernaturals.com\/es-es\/wp-json\/wp\/v2\/types\/page"}],"author":[{"embeddable":true,"href":"https:\/\/www2.webbernaturals.com\/es-es\/wp-json\/wp\/v2\/users\/5"}],"replies":[{"embeddable":true,"href":"https:\/\/www2.webbernaturals.com\/es-es\/wp-json\/wp\/v2\/comments?post=75"}],"version-history":[{"count":0,"href":"https:\/\/www2.webbernaturals.com\/es-es\/wp-json\/wp\/v2\/pages\/75\/revisions"}],"up":[{"embeddable":true,"href":"https:\/\/www2.webbernaturals.com\/es-es\/wp-json\/wp\/v2\/pages\/74"}],"wp:attachment":[{"href":"https:\/\/www2.webbernaturals.com\/es-es\/wp-json\/wp\/v2\/media?parent=75"}],"curies":[{"name":"wp","href":"https:\/\/api.w.org\/{rel}","templated":true}]}}