{"id":74,"date":"2018-09-20T18:24:42","date_gmt":"2018-09-20T18:24:42","guid":{"rendered":"https:\/\/www2.webbernaturals.com\/es-es\/quality-promise\/"},"modified":"2019-11-02T13:02:32","modified_gmt":"2019-11-02T20:02:32","slug":"quality-promise","status":"publish","type":"page","link":"https:\/\/www2.webbernaturals.com\/es-es\/quality-promise\/","title":{"rendered":"Una promesa de calidad"},"content":{"rendered":"<p>[et_pb_section bb_built=\u00bb1&#8243; _builder_version=\u00bb3.0.105&#8243; background_image=\u00bbhttps:\/\/www2.webbernaturals.com\/en-ca\/wp-content\/uploads\/sites\/2\/2018\/02\/Our-Promise-for-Quality-banner.png\u00bb next_background_color=\u00bb#ffffff\u00bb module_class=\u00bbquality-promise-banner\u00bb][et_pb_row _builder_version=\u00bb3.0.105&#8243; background_size=\u00bbinitial\u00bb background_position=\u00bbtop_left\u00bb background_repeat=\u00bbrepeat\u00bb][et_pb_column type=\u00bb4_4&#8243;][et_pb_text admin_label=\u00bbText &#8211; Our Promise for Quality\u00bb _builder_version=\u00bb3.0.105&#8243; header_font=\u00bbMuseo Slab 500|500|||||||\u00bb header_font_size=\u00bb50px\u00bb header_text_color=\u00bb#782a90&#8243; background_layout=\u00bblight\u00bb header_font_size_tablet=\u00bb30px\u00bb header_font_size_last_edited=\u00bbon|desktop\u00bb header_line_height_tablet=\u00bb50&#8243; header_line_height_last_edited=\u00bbon|desktop\u00bb]<\/p>\n<h1>Nuestra promesa<br \/>\nde calidad<\/h1>\n<p>[\/et_pb_text][\/et_pb_column][\/et_pb_row][\/et_pb_section][et_pb_section bb_built=\u00bb1&#8243; _builder_version=\u00bb3.0.105&#8243; prev_background_color=\u00bb#000000&#8243; next_background_color=\u00bb#eaf9fa\u00bb custom_margin=\u00bb0px||0px|\u00bb custom_padding=\u00bb0px||0px|\u00bb][et_pb_row _builder_version=\u00bb3.0.105&#8243; bg_img_2=\u00bbhttps:\/\/www2.webbernaturals.com\/en-ca\/wp-content\/uploads\/sites\/2\/2018\/01\/wn-pills-bk-03.png\u00bb parallax_2=\u00bbon\u00bb make_equal=\u00bbon\u00bb custom_margin=\u00bb0px||0px|\u00bb custom_padding=\u00bb0px||0px|\u00bb padding_top_1=\u00bb50px\u00bb padding_bottom_1=\u00bb50px\u00bb][et_pb_column type=\u00bb2_3&#8243;][et_pb_text admin_label=\u00bbText &#8211; It\u2019s all for you.\u00bb _builder_version=\u00bb3.18.9&#8243; header_2_font=\u00bbMuseo Slab 500||||||||\u00bb header_2_text_color=\u00bb#782a90&#8243; custom_margin=\u00bb||0px|\u00bb background_layout=\u00bblight\u00bb header_font_size=\u00bb50px\u00bb text_font=\u00bbMuseo Slab 500||||||||\u00bb text_font_size=\u00bb50px\u00bb text_text_color=\u00bb#782b90&#8243; custom_padding=\u00bb||35px|\u00bb text_font_size_tablet=\u00bb40px\u00bb text_font_size_last_edited=\u00bbon|tablet\u00bb text_line_height=\u00bb1.9em\u00bb]<\/p>\n<p>\nEs toda para usted.<\/p>\n<p>[\/et_pb_text][et_pb_text admin_label=\u00bbText &#8211; At Webber Naturals we listen \u00bb _builder_version=\u00bb3.18.9&#8243; text_font_size=\u00bb30px\u00bb text_text_color=\u00bb#782a90&#8243; text_line_height=\u00bb1.4em\u00bb background_layout=\u00bblight\u00bb]<\/p>\n<p>\n<strong>En Webber Naturals escuchamos las necesidades de nuestra comunidad y respondemos con sencillez, con los mejores suplementos disponibles. Creamos suplementos que abordan sus problemas e inquietudes respecto de su salud.<\/strong><\/p>\n<p>[\/et_pb_text][et_pb_text admin_label=\u00bbWhile not all herbs can\u00bb _builder_version=\u00bb3.0.105&#8243; background_layout=\u00bblight\u00bb]<\/p>\n<p>\nAunque no todas las hierbas pueden cultivarse en Canad\u00e1, cosechamos las que podemos para controlar la calidad y la pureza. Contamos con extensas granjas org\u00e1nicas en el valle de Okanagan en Columbia Brit\u00e1nica, pero tambi\u00e9n buscamos materias primas de calidad excepcional en todo el mundo.<\/p>\n<p>Nos sentimos responsables por la salud de nuestras familias. La calidad, la pureza y la seguridad son nuestras prioridades fundamentales. Nuestros productos se rigen por las mismas exigencias de seguridad impuestas a los productos farmac\u00e9uticos. Cumplimos con todos los requisitos de la FDA (Administraci\u00f3n de Alimentos y Medicamentos de EE.\u00a0UU.) y del Ministerio de Salud de Canad\u00e1, as\u00ed como con las directrices de las Buenas Pr\u00e1cticas de Fabricaci\u00f3n.<\/p>\n<p>Pero la \u00abbondad natural\u00bb no se trata solo de una investigaci\u00f3n cient\u00edfica seria aplicada a los ingredientes naturales; proviene de la elaboraci\u00f3n de productos tan puros que los compartimos con nuestras propias familias. Algo que venimos haciendo desde hace m\u00e1s de medio siglo.<\/p>\n<p>En Webber Naturals no seguimos las modas: hacemos los productos que la gente necesita y quiere. Escuchamos a nuestros clientes. Investigamos. Encontramos las mejores materias primas. Y luego, sencillamente, fabricamos los mejores suplementos posibles.<\/p>\n<p>[\/et_pb_text][\/et_pb_column][et_pb_column type=\u00bb1_3&#8243;][\/et_pb_column][\/et_pb_row][\/et_pb_section][et_pb_section bb_built=\u00bb1&#8243; background_color=\u00bb#eaf9fa\u00bb _builder_version=\u00bb3.0.98&#8243; prev_background_color=\u00bb#ffffff\u00bb next_background_color=\u00bb#ffffff\u00bb][et_pb_row _builder_version=\u00bb3.0.98&#8243;][et_pb_column type=\u00bb1_3&#8243;][et_pb_blurb admin_label=\u00bbInspiration\u00bb title=\u00bbInspiraci\u00f3n\u00bb image=\u00bbhttps:\/\/www2.webbernaturals.com\/en-ca\/wp-content\/uploads\/sites\/2\/2018\/01\/wn-icon-hand-holding-leaf.png\u00bb _builder_version=\u00bb3.0.105&#8243; header_font=\u00bb|700|||||||\u00bb header_text_align=\u00bbcenter\u00bb header_text_color=\u00bb#00b2c4&#8243; url_new_window=\u00bboff\u00bb use_icon=\u00bboff\u00bb use_circle=\u00bboff\u00bb use_circle_border=\u00bboff\u00bb icon_placement=\u00bbtop\u00bb use_icon_font_size=\u00bboff\u00bb background_layout=\u00bblight\u00bb]<\/p>\n<p>\nNos inspiramos en la naturaleza y extraemos los elementos m\u00e1s ben\u00e9ficos con la mejor ciencia disponible. Las preguntas m\u00e1s importantes que hacemos acerca de cualquier suplemento natural son: \u00ab\u00bfC\u00f3mo podemos asegurarnos de que sea el mejor que hay?\u00bb \u00ab\u00bfC\u00f3mo funciona para sustentar la salud?\u00bb \u00ab\u00bfEs valioso?\u00bb\u00a0 Las respuestas a estas preguntas conducen a los mejores productos naturales que podamos brindarle a usted y a su familia.<\/p>\n<p>[\/et_pb_blurb][\/et_pb_column][et_pb_column type=\u00bb1_3&#8243;][et_pb_blurb admin_label=\u00bbCreation\u00bb title=\u00bbCreaci\u00f3n\u00bb image=\u00bbhttps:\/\/www2.webbernaturals.com\/en-ca\/wp-content\/uploads\/sites\/2\/2018\/01\/wn-icon-lab.png\u00bb image_max_width=\u00bb205px\u00bb _builder_version=\u00bb3.0.105&#8243; header_font=\u00bb|700|||||||\u00bb header_text_align=\u00bbcenter\u00bb header_text_color=\u00bb#00b2c4&#8243; url_new_window=\u00bboff\u00bb use_icon=\u00bboff\u00bb use_circle=\u00bboff\u00bb use_circle_border=\u00bboff\u00bb icon_placement=\u00bbtop\u00bb use_icon_font_size=\u00bboff\u00bb background_layout=\u00bblight\u00bb]<\/p>\n<p>\nContamos con 50 cient\u00edficos, nutricionistas, dietistas y herboristas a tiempo completo que conocen los medicamentos de la naturaleza. Ellos crean nuestros productos y nuestras f\u00f3rmulas para aprovechar mejor las materias primas de calidad. Tenemos los equipos, la experiencia y los conocimientos para convertir los ingredientes naturales de confianza en productos eficaces que cuentan todos con la garant\u00eda de pureza y potencia.<\/p>\n<p>[\/et_pb_blurb][\/et_pb_column][et_pb_column type=\u00bb1_3&#8243;][et_pb_blurb admin_label=\u00bbperfection\u00bb title=\u00bbPerfecci\u00f3n\u00bb image=\u00bbhttps:\/\/www2.webbernaturals.com\/en-ca\/wp-content\/uploads\/sites\/2\/2018\/01\/wn-icon-pill-02.png\u00bb image_max_width=\u00bb305px\u00bb _builder_version=\u00bb3.0.105&#8243; header_font=\u00bb|700|||||||\u00bb header_text_align=\u00bbcenter\u00bb header_text_color=\u00bb#00b2c4&#8243; custom_margin=\u00bb30px|||\u00bb url_new_window=\u00bboff\u00bb use_icon=\u00bboff\u00bb use_circle=\u00bboff\u00bb use_circle_border=\u00bboff\u00bb icon_placement=\u00bbtop\u00bb use_icon_font_size=\u00bboff\u00bb background_layout=\u00bblight\u00bb]<\/p>\n<p>\nNunca dejamos de buscar nuevas fuentes de materias primas de calidad e ideas revolucionarias en materia de ciencias de la nutrici\u00f3n. Ensayamos y volvemos a ensayar todos nuestros productos para verificar su pureza y seguridad en cada una de las etapas. La estandarizaci\u00f3n de las hierbas en t\u00e9rminos de potencia y los ensayos permiten que nuestros productos cuenten con una elaboraci\u00f3n que permite la biodisponibilidad m\u00e1s eficaz.<\/p>\n<p>[\/et_pb_blurb][\/et_pb_column][\/et_pb_row][\/et_pb_section][et_pb_section bb_built=\u00bb1&#8243; _builder_version=\u00bb3.0.105&#8243; custom_margin=\u00bb|||\u00bb custom_padding=\u00bb0px||0px|\u00bb prev_background_color=\u00bb#eaf9fa\u00bb][et_pb_row custom_padding=\u00bb0px||0px|\u00bb _builder_version=\u00bb3.0.105&#8243; bg_img_2=\u00bbhttps:\/\/www2.webbernaturals.com\/en-ca\/wp-content\/uploads\/sites\/2\/2018\/01\/wn-pills-bk-03.png\u00bb parallax_2=\u00bbon\u00bb make_equal=\u00bbon\u00bb custom_margin=\u00bb0px|||\u00bb padding_top_1=\u00bb50px\u00bb padding_bottom_1=\u00bb0px\u00bb][et_pb_column type=\u00bb2_3&#8243;][et_pb_text admin_label=\u00bbTesting above and beyond the standard.\u00bb _builder_version=\u00bb3.0.105&#8243; header_3_font=\u00bbMuseo Slab 500||||||||\u00bb header_3_font_size=\u00bb36px\u00bb header_3_text_color=\u00bb#782a90&#8243; background_layout=\u00bblight\u00bb]<\/p>\n<h3>Ensayos que superan la norma.<\/h3>\n<p>Webber Naturals va m\u00e1s all\u00e1 de los requerimientos est\u00e1ndar al utilizar la espectrometr\u00eda de masas, es decir, la tecnolog\u00eda de detecci\u00f3n m\u00e1s precisa, junto con la cromatograf\u00eda l\u00edquida de alta resoluci\u00f3n, la cromatograf\u00eda de gases y la cromatograf\u00eda de capa fina (HPLC, GC y TLC, respectivamente, por sus siglas en ingl\u00e9s) y otras t\u00e9cnicas sofisticadas que ayudan a aislar y cuantificar una variedad de mol\u00e9culas y compuestos. Asimismo, realizamos ensayos de al\u00e9rgenos, de microbios y de organismos modificados gen\u00e9ticamente y de radiaci\u00f3n.<\/p>\n<p>Somos la \u00fanica empresa de suplementos naturales que utiliza una gama tan amplia de metodolog\u00edas altamente sofisticadas de ensayos cient\u00edficos. Este factor nos ayuda a superar los est\u00e1ndares internacionales y establecer nuevas normas para los productos nutricionales.<\/p>\n<p>[\/et_pb_text][et_pb_image src=\u00bbhttps:\/\/www2.webbernaturals.com\/en-ca\/wp-content\/uploads\/sites\/2\/2018\/02\/wn-Our-Promise-for-Quality-lab.jpg\u00bb _builder_version=\u00bb3.0.105&#8243; \/][\/et_pb_column][et_pb_column type=\u00bb1_3&#8243;][\/et_pb_column][\/et_pb_row][\/et_pb_section]<\/p>\n","protected":false},"excerpt":{"rendered":"<p>Nuestra promesa de calidad Es toda para usted. En Webber Naturals escuchamos las necesidades de nuestra comunidad y respondemos con sencillez, con los mejores suplementos disponibles. Creamos suplementos que abordan sus problemas e inquietudes respecto de su salud. Aunque no todas las hierbas pueden cultivarse en Canad\u00e1, cosechamos las que podemos para controlar la calidad&hellip;<\/p>\n","protected":false},"author":5,"featured_media":0,"parent":0,"menu_order":0,"comment_status":"closed","ping_status":"closed","template":"","meta":{"_acf_changed":false,"_et_pb_use_builder":"on","_et_pb_old_content":"","_et_gb_content_width":"","protect_children":false,"footnotes":""},"class_list":["post-74","page","type-page","status-publish","hentry"],"acf":[],"yoast_head":"<!-- This site is optimized with the Yoast SEO Premium plugin v27.3 (Yoast SEO v27.3) - https:\/\/yoast.com\/product\/yoast-seo-premium-wordpress\/ -->\n<title>Una promesa de calidad | Webber Naturals ES<\/title>\n<meta name=\"description\" content=\"En Webber Naturals escuchamos las necesidades de nuestra comunidad y respondemos con sencillez, con los mejores suplementos disponibles.\" \/>\n<meta name=\"robots\" content=\"index, follow, max-snippet:-1, max-image-preview:large, max-video-preview:-1\" \/>\n<link rel=\"canonical\" href=\"https:\/\/www2.webbernaturals.com\/es-es\/quality-promise\/\" \/>\n<meta property=\"og:locale\" content=\"es_ES\" \/>\n<meta property=\"og:type\" content=\"article\" \/>\n<meta property=\"og:title\" content=\"Una promesa de calidad\" \/>\n<meta property=\"og:description\" content=\"En Webber Naturals escuchamos las necesidades de nuestra comunidad y respondemos con sencillez, con los mejores suplementos disponibles.\" \/>\n<meta property=\"og:url\" content=\"https:\/\/www2.webbernaturals.com\/es-es\/quality-promise\/\" \/>\n<meta property=\"og:site_name\" content=\"Webber Naturals ES\" \/>\n<meta property=\"article:modified_time\" content=\"2019-11-02T20:02:32+00:00\" \/>\n<meta name=\"twitter:card\" content=\"summary_large_image\" \/>\n<meta name=\"twitter:label1\" content=\"Tiempo de lectura\" \/>\n\t<meta name=\"twitter:data1\" content=\"6 minutos\" \/>\n<script type=\"application\/ld+json\" class=\"yoast-schema-graph\">{\"@context\":\"https:\\\/\\\/schema.org\",\"@graph\":[{\"@type\":\"WebPage\",\"@id\":\"https:\\\/\\\/www2.webbernaturals.com\\\/es-es\\\/quality-promise\\\/\",\"url\":\"https:\\\/\\\/www2.webbernaturals.com\\\/es-es\\\/quality-promise\\\/\",\"name\":\"Una promesa de calidad | Webber Naturals ES\",\"isPartOf\":{\"@id\":\"https:\\\/\\\/www2.webbernaturals.com\\\/es-es\\\/#website\"},\"datePublished\":\"2018-09-20T18:24:42+00:00\",\"dateModified\":\"2019-11-02T20:02:32+00:00\",\"description\":\"En Webber Naturals escuchamos las necesidades de nuestra comunidad y respondemos con sencillez, con los mejores suplementos disponibles.\",\"breadcrumb\":{\"@id\":\"https:\\\/\\\/www2.webbernaturals.com\\\/es-es\\\/quality-promise\\\/#breadcrumb\"},\"inLanguage\":\"es\",\"potentialAction\":[{\"@type\":\"ReadAction\",\"target\":[\"https:\\\/\\\/www2.webbernaturals.com\\\/es-es\\\/quality-promise\\\/\"]}]},{\"@type\":\"BreadcrumbList\",\"@id\":\"https:\\\/\\\/www2.webbernaturals.com\\\/es-es\\\/quality-promise\\\/#breadcrumb\",\"itemListElement\":[{\"@type\":\"ListItem\",\"position\":1,\"name\":\"Home\",\"item\":\"https:\\\/\\\/www2.webbernaturals.com\\\/es-es\\\/\"},{\"@type\":\"ListItem\",\"position\":2,\"name\":\"Una promesa de calidad\"}]},{\"@type\":\"WebSite\",\"@id\":\"https:\\\/\\\/www2.webbernaturals.com\\\/es-es\\\/#website\",\"url\":\"https:\\\/\\\/www2.webbernaturals.com\\\/es-es\\\/\",\"name\":\"Webber Naturals (Espa\u00f1a)\",\"description\":\"\",\"publisher\":{\"@id\":\"https:\\\/\\\/www2.webbernaturals.com\\\/es-es\\\/#organization\"},\"potentialAction\":[{\"@type\":\"SearchAction\",\"target\":{\"@type\":\"EntryPoint\",\"urlTemplate\":\"https:\\\/\\\/www2.webbernaturals.com\\\/es-es\\\/?s={search_term_string}\"},\"query-input\":{\"@type\":\"PropertyValueSpecification\",\"valueRequired\":true,\"valueName\":\"search_term_string\"}}],\"inLanguage\":\"es\"},{\"@type\":\"Organization\",\"@id\":\"https:\\\/\\\/www2.webbernaturals.com\\\/es-es\\\/#organization\",\"name\":\"Webber Naturals (Espa\u00f1a)\",\"url\":\"https:\\\/\\\/www2.webbernaturals.com\\\/es-es\\\/\",\"logo\":{\"@type\":\"ImageObject\",\"inLanguage\":\"es\",\"@id\":\"https:\\\/\\\/www2.webbernaturals.com\\\/es-es\\\/#\\\/schema\\\/logo\\\/image\\\/\",\"url\":\"https:\\\/\\\/www2.webbernaturals.com\\\/es-es\\\/wp-content\\\/uploads\\\/sites\\\/10\\\/2019\\\/06\\\/webber-naturals-logo.png\",\"contentUrl\":\"https:\\\/\\\/www2.webbernaturals.com\\\/es-es\\\/wp-content\\\/uploads\\\/sites\\\/10\\\/2019\\\/06\\\/webber-naturals-logo.png\",\"width\":755,\"height\":100,\"caption\":\"Webber Naturals (Espa\u00f1a)\"},\"image\":{\"@id\":\"https:\\\/\\\/www2.webbernaturals.com\\\/es-es\\\/#\\\/schema\\\/logo\\\/image\\\/\"}}]}<\/script>\n<!-- \/ Yoast SEO Premium plugin. -->","yoast_head_json":{"title":"Una promesa de calidad | Webber Naturals ES","description":"En Webber Naturals escuchamos las necesidades de nuestra comunidad y respondemos con sencillez, con los mejores suplementos disponibles.","robots":{"index":"index","follow":"follow","max-snippet":"max-snippet:-1","max-image-preview":"max-image-preview:large","max-video-preview":"max-video-preview:-1"},"canonical":"https:\/\/www2.webbernaturals.com\/es-es\/quality-promise\/","og_locale":"es_ES","og_type":"article","og_title":"Una promesa de calidad","og_description":"En Webber Naturals escuchamos las necesidades de nuestra comunidad y respondemos con sencillez, con los mejores suplementos disponibles.","og_url":"https:\/\/www2.webbernaturals.com\/es-es\/quality-promise\/","og_site_name":"Webber Naturals ES","article_modified_time":"2019-11-02T20:02:32+00:00","twitter_card":"summary_large_image","twitter_misc":{"Tiempo de lectura":"6 minutos"},"schema":{"@context":"https:\/\/schema.org","@graph":[{"@type":"WebPage","@id":"https:\/\/www2.webbernaturals.com\/es-es\/quality-promise\/","url":"https:\/\/www2.webbernaturals.com\/es-es\/quality-promise\/","name":"Una promesa de calidad | Webber Naturals ES","isPartOf":{"@id":"https:\/\/www2.webbernaturals.com\/es-es\/#website"},"datePublished":"2018-09-20T18:24:42+00:00","dateModified":"2019-11-02T20:02:32+00:00","description":"En Webber Naturals escuchamos las necesidades de nuestra comunidad y respondemos con sencillez, con los mejores suplementos disponibles.","breadcrumb":{"@id":"https:\/\/www2.webbernaturals.com\/es-es\/quality-promise\/#breadcrumb"},"inLanguage":"es","potentialAction":[{"@type":"ReadAction","target":["https:\/\/www2.webbernaturals.com\/es-es\/quality-promise\/"]}]},{"@type":"BreadcrumbList","@id":"https:\/\/www2.webbernaturals.com\/es-es\/quality-promise\/#breadcrumb","itemListElement":[{"@type":"ListItem","position":1,"name":"Home","item":"https:\/\/www2.webbernaturals.com\/es-es\/"},{"@type":"ListItem","position":2,"name":"Una promesa de calidad"}]},{"@type":"WebSite","@id":"https:\/\/www2.webbernaturals.com\/es-es\/#website","url":"https:\/\/www2.webbernaturals.com\/es-es\/","name":"Webber Naturals (Espa\u00f1a)","description":"","publisher":{"@id":"https:\/\/www2.webbernaturals.com\/es-es\/#organization"},"potentialAction":[{"@type":"SearchAction","target":{"@type":"EntryPoint","urlTemplate":"https:\/\/www2.webbernaturals.com\/es-es\/?s={search_term_string}"},"query-input":{"@type":"PropertyValueSpecification","valueRequired":true,"valueName":"search_term_string"}}],"inLanguage":"es"},{"@type":"Organization","@id":"https:\/\/www2.webbernaturals.com\/es-es\/#organization","name":"Webber Naturals (Espa\u00f1a)","url":"https:\/\/www2.webbernaturals.com\/es-es\/","logo":{"@type":"ImageObject","inLanguage":"es","@id":"https:\/\/www2.webbernaturals.com\/es-es\/#\/schema\/logo\/image\/","url":"https:\/\/www2.webbernaturals.com\/es-es\/wp-content\/uploads\/sites\/10\/2019\/06\/webber-naturals-logo.png","contentUrl":"https:\/\/www2.webbernaturals.com\/es-es\/wp-content\/uploads\/sites\/10\/2019\/06\/webber-naturals-logo.png","width":755,"height":100,"caption":"Webber Naturals (Espa\u00f1a)"},"image":{"@id":"https:\/\/www2.webbernaturals.com\/es-es\/#\/schema\/logo\/image\/"}}]}},"_links":{"self":[{"href":"https:\/\/www2.webbernaturals.com\/es-es\/wp-json\/wp\/v2\/pages\/74","targetHints":{"allow":["GET"]}}],"collection":[{"href":"https:\/\/www2.webbernaturals.com\/es-es\/wp-json\/wp\/v2\/pages"}],"about":[{"href":"https:\/\/www2.webbernaturals.com\/es-es\/wp-json\/wp\/v2\/types\/page"}],"author":[{"embeddable":true,"href":"https:\/\/www2.webbernaturals.com\/es-es\/wp-json\/wp\/v2\/users\/5"}],"replies":[{"embeddable":true,"href":"https:\/\/www2.webbernaturals.com\/es-es\/wp-json\/wp\/v2\/comments?post=74"}],"version-history":[{"count":0,"href":"https:\/\/www2.webbernaturals.com\/es-es\/wp-json\/wp\/v2\/pages\/74\/revisions"}],"wp:attachment":[{"href":"https:\/\/www2.webbernaturals.com\/es-es\/wp-json\/wp\/v2\/media?parent=74"}],"curies":[{"name":"wp","href":"https:\/\/api.w.org\/{rel}","templated":true}]}}