{"id":72,"date":"2018-09-20T18:10:06","date_gmt":"2018-09-20T18:10:06","guid":{"rendered":"https:\/\/www2.webbernaturals.com\/es-es\/privacy-policy\/"},"modified":"2019-08-19T11:49:45","modified_gmt":"2019-08-19T18:49:45","slug":"privacy-policy","status":"publish","type":"page","link":"https:\/\/www2.webbernaturals.com\/es-es\/privacy-policy\/","title":{"rendered":"Pol\u00edtica de privacidad"},"content":{"rendered":"<p>[et_pb_section bb_built=\u00bb1&#8243;][et_pb_row][et_pb_column type=\u00bb4_4&#8243;][et_pb_text _builder_version=\u00bb3.18.9&#8243;]<\/p>\n<h1>Pol\u00edtica de privacidad<\/h1>\n<p>\u00a0<\/p>\n<p>Esta pol\u00edtica de privacidad se ha redactado en ingl\u00e9s canadiense. Si esta pol\u00edtica de privacidad se traduce a otro idioma diferente al ingl\u00e9s canadiense y la versi\u00f3n traducida es diferente a la versi\u00f3n en ingl\u00e9s, prevalecer\u00e1 lo dispuesto en la versi\u00f3n en ingl\u00e9s.<\/p>\n<p>Estas disposiciones describen los t\u00e9rminos de un acuerdo legal formalizado entre usted y WN Pharmaceuticals\u00a0<sup>\u00ae<\/sup>\u00a0Ltd. (\u201c<strong>Webber Naturals<\/strong>\u201d, \u201c<strong>nosotros\u201d<\/strong>, \u201c<strong>nuestro(a)\/nuestros(as)<\/strong>\u201d o \u201c<strong>nos<\/strong>\u201d) que rigen el uso del sitio web <a href=\"https:\/\/www2.webbernaturals.com\">www.webbernaturals.com<\/a> (el \u201c<strong>Sitio Web<\/strong>\u201d).<\/p>\n<p>Esta pol\u00edtica es una declaraci\u00f3n de nuestra pol\u00edtica y nuestras pr\u00e1cticas generales de privacidad que rigen c\u00f3mo recopilamos, mantenemos y usamos informaci\u00f3n sobre personas individuales. Nuestra pol\u00edtica de privacidad es f\u00e1cil de encontrar ya que est\u00e1 disponible en nuestra p\u00e1gina de inicio y en cada p\u00e1gina de este Sitio Web. Cuando se soliciten datos personales, es posible que se proporcionen explicaciones adicionales, cuando sea pertinente, sobre los fines para los que se usar\u00e1n los datos. Esta pol\u00edtica, junto con cualquier explicaci\u00f3n complementaria, est\u00e1 dise\u00f1ada para proporcionar protecci\u00f3n de la privacidad adaptada a los visitantes o usuarios individuales de este Sitio.<\/p>\n<ol>\n<li><strong> COMPROMISO DE PRIVACIDAD<\/strong><\/li>\n<\/ol>\n<p>El t\u00e9rmino \u201cdatos personales\u201d tal como se usa en esta pol\u00edtica hace referencia a informaci\u00f3n como, por ejemplo, su nombre, fecha de nacimiento, direcci\u00f3n de correo electr\u00f3nico o direcci\u00f3n postal que se puede usar para identificarle. Webber Naturals no procesar\u00e1 sus datos personales sin su consentimiento.<\/p>\n<p>Durante el procesamiento de sus datos personales, nos comprometemos a cumplir plenamente las normas de protecci\u00f3n de la privacidad reconocidas internacionalmente. Con este fin, nos aseguramos de que nuestro personal cumpla normas estrictas de seguridad y confidencialidad.<\/p>\n<p>La siguiente secci\u00f3n explica c\u00f3mo y cu\u00e1ndo recopilamos sus datos personales.<\/p>\n<ol start=\"2\">\n<li><strong> USO PREVISTO DE LOS DATOS PERSONALES<\/strong><\/li>\n<\/ol>\n<p>La mayor\u00eda de nuestros servicios no requieren ning\u00fan tipo de registro y permiten que visite nuestro sitio sin necesidad de revelar su identidad. Sin embargo, es posible que deba registrarse para algunos servicios. Cuando se registra con nosotros, puede que deba rellenar ciertos campos. En estas situaciones, si decide no revelar cualquier dato personal que le hayamos solicitado, es posible que no pueda acceder a ciertas partes del sitio y puede que no respondamos a sus consultas. Webber Naturals procesa los datos personales para fines espec\u00edficos y limitados que le comunicamos cuando le solicitamos informaci\u00f3n. Por ejemplo, es posible que recopilemos y usemos datos personales para proporcionarle productos o prestarle servicios, facturar productos y servicios que usted haya solicitado, comercializar productos y servicios que consideramos quepueden ser de su inter\u00e9s o para comunicarnos con usted para otros fines. La informaci\u00f3n que env\u00ede a nuestro departamento de atenci\u00f3n al cliente \u00fanicamente se utilizar\u00e1 para ayudar a resolver su problema y la privacidad de dicha informaci\u00f3n se mantendr\u00e1 en cualquier otro respecto.<\/p>\n<p>Webber Naturals guarda sus datos \u00fanicamente durante el tiempo que sea razonablemente necesario para esos fines y en conformidad con todos los requisitos legales o \u00e9ticos aplicables de presentaci\u00f3n de informes o conservaci\u00f3n de documentos.<\/p>\n<ol start=\"3\">\n<li><strong> NO DIVULGACI\u00d3N DE LA INFORMACI\u00d3N <\/strong><\/li>\n<\/ol>\n<p>Webber Naturals no vender\u00e1, compartir\u00e1 ni distribuir\u00e1 sus datos personales a terceros ajenos a Webber Naturals. Sin embargo, los datos personales puede que se transfieran ocasionalmente a terceros que act\u00faen por cuenta o en nombre de Webber Naturals, o que est\u00e9n relacionados con la actividad empresarial de Webber Naturals, para su procesamiento adicional de acuerdo con los fines para los cuales se recopilaron originalmente los datos.<\/p>\n<p>Cuando se divulguen datos personales a un tercero, haremos todo lo posible para asegurarnos de que el procesamiento se realiza de acuerdo con los fines y dentro de los l\u00edmites bajo los cuales se recopilaron originalmente los datos. Dichos terceros pueden operar bajo pol\u00edticas de privacidad diferentes. Si este Sitio Web se cierra, todos los datos personales se destruir\u00e1n o usted ser\u00e1 notificado sobre cualquier tipo nuevo de uso de los datos para que pueda revocar su consentimiento para el uso de dichos datos.<\/p>\n<ol start=\"4\">\n<li><strong><br \/>DERECHO DE ACCESO<\/strong><\/li>\n<\/ol>\n<p>Usted tiene derecho a acceder a sus datos personales y actualizarlos o a exigir su eliminaci\u00f3n. Procuramos asegurarnos de que los datos personales est\u00e9n actualizados, correctos y completos. Si desea corregir o acceder a los datos personales que guardamos sobre usted, env\u00edenos un correo electr\u00f3nico a: <a href=\"mailto:admin@functionalmedicine.ca\">admin@functionalmedicine.ca<\/a>. Su solicitud ser\u00e1\u00a0tratada\u00a0con rapidez\u00a0y\u00a0con la debida diligencia.\u00a0No se aplicar\u00e1 ning\u00fan cargo por atender una solicitud de correcci\u00f3n; sin embargo, Webber Naturals puede cobrar una peque\u00f1a tarifa para cubrir los costes en el resto de peticiones. Las solicitudes de eliminaci\u00f3n de datos personales estar\u00e1n sujetas a todas las obligaciones legales o \u00e9ticas aplicables de presentaci\u00f3n de informes y tramitaci\u00f3n o conservaci\u00f3n de documentos que Webber Naturals deba cumplir.<\/p>\n<ol start=\"5\">\n<li><strong> SEGURIDAD Y CONFIDENCIALIDAD<\/strong><\/li>\n<\/ol>\n<p>Para garantizar la seguridad y confidencialidad de los datos personales que Webber Naturals recopila en l\u00ednea, Webber Naturals utiliza redes de datos protegidas, entre otras cosas, por cortafuegos est\u00e1ndar en el sector y protecci\u00f3n mediante contrase\u00f1a. El acceso a los datos personales se restringe a los empleados que necesitan usar los datos y que han recibido formaci\u00f3n para gestionar esos datos correctamente y para cumplir normas estrictas de confidencialidad. Si un empleado infringe nuestras pol\u00edticas y procedimientos, se le aplicar\u00e1n las correspondientes medidas disciplinarias. Supervisamos y revisamos peri\u00f3dicamente el cumplimiento de nuestras pol\u00edticas y procedimientos por parte de nuestro personal. Aunque no podemos garantizar que no se va a producir ninguna p\u00e9rdida, uso indebido o alteraci\u00f3n de los datos, intentamos evitar que se produzcan estos desafortunados incidentes.<\/p>\n<ol start=\"6\">\n<li><strong> TRANSFERENCIA DE DATOS AL EXTRANJERO<\/strong><\/li>\n<\/ol>\n<p>Es posible que sus datos se transfieran a una de las bases de datos de Webber Naturals ubicadas fuera de su pa\u00eds de residencia. Si el nivel de protecci\u00f3n de la privacidad en un pa\u00eds no garantiza un nivel adecuado de protecci\u00f3n de la privacidad, nos aseguraremos de que las transferencias de datos a las bases de datos de Webber Naturals en ese pa\u00eds est\u00e9n adecuadamente protegidas y de que la transferencia de datos a terceros en ese pa\u00eds no se produzca salvo que hayamos obtenido previamente su consentimiento expreso para realizar dicha transferencia.<\/p>\n<ol start=\"7\">\n<li><strong> \u201cCOOKIES\u201d Y DATOS AN\u00d3NIMOS<\/strong><\/li>\n<\/ol>\n<p>La mayor parte de la informaci\u00f3n que Webber Naturals recopila en su(s) sitio(s) web es informaci\u00f3n an\u00f3nima, como las p\u00e1ginas visitadas y las b\u00fasquedas realizadas. Cuando visita nuestro Sitio Web, no recopilamos ning\u00fan dato personal suyo salvo que usted lo haya autorizado.<\/p>\n<p>Webber Naturals procesa informaci\u00f3n an\u00f3nima para ayudar a mejorar el contenido del sitio y elaborar estad\u00edsticas agregadas sobre las personas que usan nuestro sitio para fines internos de investigaci\u00f3n de mercado. Con este fin, Webber Naturals puede instalar \u201ccookies\u201d que recogen el nombre de dominio de primer nivel del usuario (por ejemplo, \u201cbigmail.com\u201d de la direcci\u00f3n de correo electr\u00f3nico <a href=\"mailto:john@bigmail.com\">john@bigmail.com<\/a>) y la fecha y hora del acceso. Las cookies por s\u00ed mismas no se pueden utilizar para descubrir la identidad del usuario. Una cookie es un peque\u00f1o archivo de informaci\u00f3n que se env\u00eda al explorador y se almacena en el disco duro del ordenador. Las cookies no da\u00f1an su ordenador. Usted puede configurar su explorador para que le avise cuando recibe una cookie; esto le permitir\u00e1 decidir si desea aceptarla.<\/p>\n<ol start=\"8\">\n<li><strong> ENV\u00cdO DE SPAM<\/strong><\/li>\n<\/ol>\n<p>Webber Naturals no aprueba el env\u00edo de \u201cspam\u201d. El env\u00edo de \u201cspam\u201d se define como el env\u00edo de correos electr\u00f3nicos no solicitados, generalmente de naturaleza comercial, en grandes cantidades y repetidamente a personas con las cuales el remitente no ha tenido contacto previo o que se han negado a recibir dichas comunicaciones.<\/p>\n<p>En cambio, cuando Webber Naturals considere que cierto producto, informaci\u00f3n de salud u otro tipo de informaci\u00f3n tiene importancia para usted, se reserva el derecho a informarle por correo electr\u00f3nico, pero proporcion\u00e1ndole la opci\u00f3n de rechazar dicho servicio.<\/p>\n<ol start=\"9\">\n<li><strong> INFORMACI\u00d3N PERSONAL Y NI\u00d1OS<\/strong><\/li>\n<\/ol>\n<p>Webber Naturals no recopilar\u00e1, usar\u00e1 ni divulgar\u00e1 deliberadamente datos personales de un menor de edad que tenga menos de 13 a\u00f1os, sin obtener consentimiento previo de una persona con responsabilidad parental (por ejemplo, un padre, una madre o un tutor) mediante contacto directo fuera de l\u00ednea. Proporcionaremos lo siguiente al padre o a la madre lo siguiente: (a) una notificaci\u00f3n con los tipos espec\u00edficos de datos personales del menor de edad que se van a recopilar y (b) la oportunidad de oponerse a cualquier recopilaci\u00f3n, uso o almacenamiento adicional de dicha informaci\u00f3n. Webber Naturals acata las leyes promulgadas para proteger a los ni\u00f1os.<\/p>\n<p>\u00a0<\/p>\n<ol start=\"10\">\n<li><strong> ENLACES A OTROS SITIOS<\/strong><\/li>\n<\/ol>\n<p>Esta pol\u00edtica de privacidad es aplicable \u00fanicamente a este sitio excluyendo sitios web de terceros. Webber Naturals puede proporcionar enlaces a otros sitios web que pensamos que pueden ser interesantes para nuestros visitantes. Procuramos asegurarnos de que dichos sitios web tengan los est\u00e1ndares m\u00e1s altos. Sin embargo, debido a la naturaleza de la World Wide Web, Webber Naturals no puede garantizar los est\u00e1ndares de todos los sitios web a los que proporciona enlaces ni asumir responsabilidad alguna por los contenidos de sitios que no sean de Webber Naturals.<\/p>\n<ol start=\"11\">\n<li><strong> CONTACTO<\/strong><\/li>\n<\/ol>\n<p>Si tiene alguna consulta o queja sobre nuestro cumplimiento de esta pol\u00edtica de privacidad, o si desea hacer alg\u00fan comentario o sugerir alguna recomendaci\u00f3n para mejorar la calidad de nuestra pol\u00edtica de privacidad, env\u00edenos un correo electr\u00f3nico a: <a href=\"mailto:admin@webbernaturals.com\">admin@webbernaturals.com<\/a>. La fecha de entrada en vigor de esta pol\u00edtica de privacidad es el 1 de marzo de 2006. Procuramos mejorar constantemente las herramientas que usted tiene disponibles para gestionar los datos que nos proporciona. Consulte esta p\u00e1gina de vez en cuando para estar al tanto de estas y otras novedades.<\/p>\n<p>\u00a0<\/p>\n<p>[\/et_pb_text][\/et_pb_column][\/et_pb_row][\/et_pb_section]<\/p>\n","protected":false},"excerpt":{"rendered":"<p><div class=\"et_pb_row et_pb_row_0 et_pb_row_empty\">\n\t\t\t\t\n\t\t\t\t\n\t\t\t\t\n\t\t\t\t\n\t\t\t\t\n\t\t\t<\/div> Pol\u00edtica de privacidad\u00a0Esta pol\u00edtica de privacidad se ha redactado en ingl\u00e9s canadiense. Si esta pol\u00edtica de privacidad se traduce a otro idioma diferente al ingl\u00e9s canadiense y la versi\u00f3n traducida es diferente a la versi\u00f3n en ingl\u00e9s, prevalecer\u00e1 lo dispuesto en la versi\u00f3n en ingl\u00e9s.Estas disposiciones describen los t\u00e9rminos de un acuerdo legal formalizado&hellip;<\/p>\n","protected":false},"author":5,"featured_media":0,"parent":0,"menu_order":0,"comment_status":"closed","ping_status":"closed","template":"","meta":{"_acf_changed":false,"_et_pb_use_builder":"on","_et_pb_old_content":"","_et_gb_content_width":"","protect_children":false,"footnotes":""},"class_list":["post-72","page","type-page","status-publish","hentry"],"acf":[],"yoast_head":"<!-- This site is optimized with the Yoast SEO Premium plugin v27.3 (Yoast SEO v27.3) - https:\/\/yoast.com\/product\/yoast-seo-premium-wordpress\/ -->\n<title>Pol\u00edtica de privacidad | Webber Naturals ES<\/title>\n<meta name=\"robots\" content=\"index, follow, max-snippet:-1, max-image-preview:large, max-video-preview:-1\" \/>\n<link rel=\"canonical\" href=\"https:\/\/www2.webbernaturals.com\/es-es\/privacy-policy\/\" \/>\n<meta property=\"og:locale\" content=\"es_ES\" \/>\n<meta property=\"og:type\" content=\"article\" \/>\n<meta property=\"og:title\" content=\"Pol\u00edtica de privacidad\" \/>\n<meta property=\"og:description\" content=\"Pol\u00edtica de privacidad\u00a0Esta pol\u00edtica de privacidad se ha redactado en ingl\u00e9s canadiense. Si esta pol\u00edtica de privacidad se traduce a otro idioma diferente al ingl\u00e9s canadiense y la versi\u00f3n traducida es diferente a la versi\u00f3n en ingl\u00e9s, prevalecer\u00e1 lo dispuesto en la versi\u00f3n en ingl\u00e9s.Estas disposiciones describen los t\u00e9rminos de un acuerdo legal formalizado&hellip;\" \/>\n<meta property=\"og:url\" content=\"https:\/\/www2.webbernaturals.com\/es-es\/privacy-policy\/\" \/>\n<meta property=\"og:site_name\" content=\"Webber Naturals ES\" \/>\n<meta property=\"article:modified_time\" content=\"2019-08-19T18:49:45+00:00\" \/>\n<meta name=\"twitter:card\" content=\"summary_large_image\" \/>\n<meta name=\"twitter:label1\" content=\"Tiempo de lectura\" \/>\n\t<meta name=\"twitter:data1\" content=\"9 minutos\" \/>\n<script type=\"application\/ld+json\" class=\"yoast-schema-graph\">{\"@context\":\"https:\\\/\\\/schema.org\",\"@graph\":[{\"@type\":\"WebPage\",\"@id\":\"https:\\\/\\\/www2.webbernaturals.com\\\/es-es\\\/privacy-policy\\\/\",\"url\":\"https:\\\/\\\/www2.webbernaturals.com\\\/es-es\\\/privacy-policy\\\/\",\"name\":\"Pol\u00edtica de privacidad | Webber Naturals ES\",\"isPartOf\":{\"@id\":\"https:\\\/\\\/www2.webbernaturals.com\\\/es-es\\\/#website\"},\"datePublished\":\"2018-09-20T18:10:06+00:00\",\"dateModified\":\"2019-08-19T18:49:45+00:00\",\"breadcrumb\":{\"@id\":\"https:\\\/\\\/www2.webbernaturals.com\\\/es-es\\\/privacy-policy\\\/#breadcrumb\"},\"inLanguage\":\"es\",\"potentialAction\":[{\"@type\":\"ReadAction\",\"target\":[\"https:\\\/\\\/www2.webbernaturals.com\\\/es-es\\\/privacy-policy\\\/\"]}]},{\"@type\":\"BreadcrumbList\",\"@id\":\"https:\\\/\\\/www2.webbernaturals.com\\\/es-es\\\/privacy-policy\\\/#breadcrumb\",\"itemListElement\":[{\"@type\":\"ListItem\",\"position\":1,\"name\":\"Home\",\"item\":\"https:\\\/\\\/www2.webbernaturals.com\\\/es-es\\\/\"},{\"@type\":\"ListItem\",\"position\":2,\"name\":\"Pol\u00edtica de privacidad\"}]},{\"@type\":\"WebSite\",\"@id\":\"https:\\\/\\\/www2.webbernaturals.com\\\/es-es\\\/#website\",\"url\":\"https:\\\/\\\/www2.webbernaturals.com\\\/es-es\\\/\",\"name\":\"Webber Naturals (Espa\u00f1a)\",\"description\":\"\",\"publisher\":{\"@id\":\"https:\\\/\\\/www2.webbernaturals.com\\\/es-es\\\/#organization\"},\"potentialAction\":[{\"@type\":\"SearchAction\",\"target\":{\"@type\":\"EntryPoint\",\"urlTemplate\":\"https:\\\/\\\/www2.webbernaturals.com\\\/es-es\\\/?s={search_term_string}\"},\"query-input\":{\"@type\":\"PropertyValueSpecification\",\"valueRequired\":true,\"valueName\":\"search_term_string\"}}],\"inLanguage\":\"es\"},{\"@type\":\"Organization\",\"@id\":\"https:\\\/\\\/www2.webbernaturals.com\\\/es-es\\\/#organization\",\"name\":\"Webber Naturals (Espa\u00f1a)\",\"url\":\"https:\\\/\\\/www2.webbernaturals.com\\\/es-es\\\/\",\"logo\":{\"@type\":\"ImageObject\",\"inLanguage\":\"es\",\"@id\":\"https:\\\/\\\/www2.webbernaturals.com\\\/es-es\\\/#\\\/schema\\\/logo\\\/image\\\/\",\"url\":\"https:\\\/\\\/www2.webbernaturals.com\\\/es-es\\\/wp-content\\\/uploads\\\/sites\\\/10\\\/2019\\\/06\\\/webber-naturals-logo.png\",\"contentUrl\":\"https:\\\/\\\/www2.webbernaturals.com\\\/es-es\\\/wp-content\\\/uploads\\\/sites\\\/10\\\/2019\\\/06\\\/webber-naturals-logo.png\",\"width\":755,\"height\":100,\"caption\":\"Webber Naturals (Espa\u00f1a)\"},\"image\":{\"@id\":\"https:\\\/\\\/www2.webbernaturals.com\\\/es-es\\\/#\\\/schema\\\/logo\\\/image\\\/\"}}]}<\/script>\n<!-- \/ Yoast SEO Premium plugin. -->","yoast_head_json":{"title":"Pol\u00edtica de privacidad | Webber Naturals ES","robots":{"index":"index","follow":"follow","max-snippet":"max-snippet:-1","max-image-preview":"max-image-preview:large","max-video-preview":"max-video-preview:-1"},"canonical":"https:\/\/www2.webbernaturals.com\/es-es\/privacy-policy\/","og_locale":"es_ES","og_type":"article","og_title":"Pol\u00edtica de privacidad","og_description":"Pol\u00edtica de privacidad\u00a0Esta pol\u00edtica de privacidad se ha redactado en ingl\u00e9s canadiense. Si esta pol\u00edtica de privacidad se traduce a otro idioma diferente al ingl\u00e9s canadiense y la versi\u00f3n traducida es diferente a la versi\u00f3n en ingl\u00e9s, prevalecer\u00e1 lo dispuesto en la versi\u00f3n en ingl\u00e9s.Estas disposiciones describen los t\u00e9rminos de un acuerdo legal formalizado&hellip;","og_url":"https:\/\/www2.webbernaturals.com\/es-es\/privacy-policy\/","og_site_name":"Webber Naturals ES","article_modified_time":"2019-08-19T18:49:45+00:00","twitter_card":"summary_large_image","twitter_misc":{"Tiempo de lectura":"9 minutos"},"schema":{"@context":"https:\/\/schema.org","@graph":[{"@type":"WebPage","@id":"https:\/\/www2.webbernaturals.com\/es-es\/privacy-policy\/","url":"https:\/\/www2.webbernaturals.com\/es-es\/privacy-policy\/","name":"Pol\u00edtica de privacidad | Webber Naturals ES","isPartOf":{"@id":"https:\/\/www2.webbernaturals.com\/es-es\/#website"},"datePublished":"2018-09-20T18:10:06+00:00","dateModified":"2019-08-19T18:49:45+00:00","breadcrumb":{"@id":"https:\/\/www2.webbernaturals.com\/es-es\/privacy-policy\/#breadcrumb"},"inLanguage":"es","potentialAction":[{"@type":"ReadAction","target":["https:\/\/www2.webbernaturals.com\/es-es\/privacy-policy\/"]}]},{"@type":"BreadcrumbList","@id":"https:\/\/www2.webbernaturals.com\/es-es\/privacy-policy\/#breadcrumb","itemListElement":[{"@type":"ListItem","position":1,"name":"Home","item":"https:\/\/www2.webbernaturals.com\/es-es\/"},{"@type":"ListItem","position":2,"name":"Pol\u00edtica de privacidad"}]},{"@type":"WebSite","@id":"https:\/\/www2.webbernaturals.com\/es-es\/#website","url":"https:\/\/www2.webbernaturals.com\/es-es\/","name":"Webber Naturals (Espa\u00f1a)","description":"","publisher":{"@id":"https:\/\/www2.webbernaturals.com\/es-es\/#organization"},"potentialAction":[{"@type":"SearchAction","target":{"@type":"EntryPoint","urlTemplate":"https:\/\/www2.webbernaturals.com\/es-es\/?s={search_term_string}"},"query-input":{"@type":"PropertyValueSpecification","valueRequired":true,"valueName":"search_term_string"}}],"inLanguage":"es"},{"@type":"Organization","@id":"https:\/\/www2.webbernaturals.com\/es-es\/#organization","name":"Webber Naturals (Espa\u00f1a)","url":"https:\/\/www2.webbernaturals.com\/es-es\/","logo":{"@type":"ImageObject","inLanguage":"es","@id":"https:\/\/www2.webbernaturals.com\/es-es\/#\/schema\/logo\/image\/","url":"https:\/\/www2.webbernaturals.com\/es-es\/wp-content\/uploads\/sites\/10\/2019\/06\/webber-naturals-logo.png","contentUrl":"https:\/\/www2.webbernaturals.com\/es-es\/wp-content\/uploads\/sites\/10\/2019\/06\/webber-naturals-logo.png","width":755,"height":100,"caption":"Webber Naturals (Espa\u00f1a)"},"image":{"@id":"https:\/\/www2.webbernaturals.com\/es-es\/#\/schema\/logo\/image\/"}}]}},"_links":{"self":[{"href":"https:\/\/www2.webbernaturals.com\/es-es\/wp-json\/wp\/v2\/pages\/72","targetHints":{"allow":["GET"]}}],"collection":[{"href":"https:\/\/www2.webbernaturals.com\/es-es\/wp-json\/wp\/v2\/pages"}],"about":[{"href":"https:\/\/www2.webbernaturals.com\/es-es\/wp-json\/wp\/v2\/types\/page"}],"author":[{"embeddable":true,"href":"https:\/\/www2.webbernaturals.com\/es-es\/wp-json\/wp\/v2\/users\/5"}],"replies":[{"embeddable":true,"href":"https:\/\/www2.webbernaturals.com\/es-es\/wp-json\/wp\/v2\/comments?post=72"}],"version-history":[{"count":0,"href":"https:\/\/www2.webbernaturals.com\/es-es\/wp-json\/wp\/v2\/pages\/72\/revisions"}],"wp:attachment":[{"href":"https:\/\/www2.webbernaturals.com\/es-es\/wp-json\/wp\/v2\/media?parent=72"}],"curies":[{"name":"wp","href":"https:\/\/api.w.org\/{rel}","templated":true}]}}